{"id":5517,"date":"2024-09-02T14:27:33","date_gmt":"2024-09-02T20:27:33","guid":{"rendered":"https:\/\/libreriahistoriasdebolsillo.com\/?post_type=product&#038;p=5517"},"modified":"2025-11-06T17:23:47","modified_gmt":"2025-11-06T23:23:47","slug":"fuera-del-hielo-1-collide","status":"publish","type":"product","link":"https:\/\/libreriahistoriasdebolsillo.com\/index.php\/producto\/fuera-del-hielo-1-collide\/","title":{"rendered":"Fuera del hielo 1. Collide"},"content":{"rendered":"<p>Summer Preston lleva a\u00f1os trabajando sin descanso para convertirse en psic\u00f3loga deportiva, pero todos sus sue\u00f1os se tambalean cuando se ve obligada a trabajar con Aiden Crawford, el engre\u00eddo capit\u00e1n del equipo de hockey, deporte del que lleva huyendo toda su vida.<\/p>\n<p>Aiden Crawford se ha ganado a pulso el puesto de capit\u00e1n del equipo de hockey, pero una serie de errores amenazan con poner en peligro esta posici\u00f3n. Ahora, si quiere salvar la temporada y, muy posiblemente, su futuro profesional, deber\u00e1 hacer de conejillo de indias en el proyecto de Summer, y no ser\u00e1 f\u00e1cil.<\/p>\n<p>La vida meticulosa de Summer choca con la naturaleza impulsiva de Aiden, las provocaciones estar\u00e1n a la orden del d\u00eda, y el problema: ninguno est\u00e1 dispuesto a aceptar la derrota. \u00bfPuede haber un ganador?<\/p>\n","protected":false},"excerpt":{"rendered":"<p>Bal Khabra<\/p>\n<p>395 p\u00e1ginas<\/p>\n","protected":false},"featured_media":5518,"template":"","meta":{"_joinchat":[]},"product_brand":[],"product_cat":[52,70,35],"product_tag":[48],"class_list":{"0":"post-5517","1":"product","2":"type-product","3":"status-publish","4":"has-post-thumbnail","6":"product_cat-juvenil","7":"product_cat-novedades","8":"product_cat-romantica","9":"product_tag-vr-editoras","11":"first","12":"instock","13":"shipping-taxable","14":"purchasable","15":"product-type-simple"},"_links":{"self":[{"href":"https:\/\/libreriahistoriasdebolsillo.com\/index.php\/wp-json\/wp\/v2\/product\/5517","targetHints":{"allow":["GET"]}}],"collection":[{"href":"https:\/\/libreriahistoriasdebolsillo.com\/index.php\/wp-json\/wp\/v2\/product"}],"about":[{"href":"https:\/\/libreriahistoriasdebolsillo.com\/index.php\/wp-json\/wp\/v2\/types\/product"}],"wp:featuredmedia":[{"embeddable":true,"href":"https:\/\/libreriahistoriasdebolsillo.com\/index.php\/wp-json\/wp\/v2\/media\/5518"}],"wp:attachment":[{"href":"https:\/\/libreriahistoriasdebolsillo.com\/index.php\/wp-json\/wp\/v2\/media?parent=5517"}],"wp:term":[{"taxonomy":"product_brand","embeddable":true,"href":"https:\/\/libreriahistoriasdebolsillo.com\/index.php\/wp-json\/wp\/v2\/product_brand?post=5517"},{"taxonomy":"product_cat","embeddable":true,"href":"https:\/\/libreriahistoriasdebolsillo.com\/index.php\/wp-json\/wp\/v2\/product_cat?post=5517"},{"taxonomy":"product_tag","embeddable":true,"href":"https:\/\/libreriahistoriasdebolsillo.com\/index.php\/wp-json\/wp\/v2\/product_tag?post=5517"}],"curies":[{"name":"wp","href":"https:\/\/api.w.org\/{rel}","templated":true}]}}