{"id":5520,"date":"2024-09-02T14:33:13","date_gmt":"2024-09-02T20:33:13","guid":{"rendered":"https:\/\/libreriahistoriasdebolsillo.com\/?post_type=product&#038;p=5520"},"modified":"2025-08-05T13:13:01","modified_gmt":"2025-08-05T19:13:01","slug":"material-world-1-10-cosas-que-nunca-pasaron","status":"publish","type":"product","link":"https:\/\/libreriahistoriasdebolsillo.com\/index.php\/producto\/material-world-1-10-cosas-que-nunca-pasaron\/","title":{"rendered":"Material world 1. 10 cosas que nunca pasaron"},"content":{"rendered":"<p>AMNESIA FALSA. PROBLEMAS REALES. \u00bfY LOS SENTIMIENTOS?<\/p>\n<p>No es que Sam Becker ame su trabajo, pero no est\u00e1 mal y realmente puede verse all\u00ed a largo plazo. L\u00e1stima que su jefe es, en simples palabras, un cretino. Jonathan Forest no lleg\u00f3 a donde est\u00e1 siguiendo su coraz\u00f3n, por lo que no le tiembla el pulso al intentar despedir a Sam y todo su equipo. Pero, presa del p\u00e1nico, su empleado golpea su cabeza y&#8230; \u00bfYA NO RECUERDA NADA? Fingir amnesia le pareci\u00f3 a Sam la \u00fanica salida para impedir los despidos, pero ahora que tiene que lidiar con la culpa de Jonathan y con un lado inesperadamente tierno y vulnerable, ya no est\u00e1 tan de acuerdo. A medida que \u00e9l y su jefe se acerquen m\u00e1s, \u00bftendr\u00e1 Sam el valor de decir la verdad? \u00bfO todo su futuro pender\u00e1 de una mentira?<\/p>\n<p>UNA COMEDIA ROM\u00c1NTICA DESOPILANTE DEL AUTOR DE SE BUSCA NOVIO<\/p>\n","protected":false},"excerpt":{"rendered":"<p>Alexis Hall<\/p>\n<p>316 p\u00e1ginas<\/p>\n","protected":false},"featured_media":5521,"template":"","meta":{"_joinchat":[]},"product_brand":[],"product_cat":[38,70],"product_tag":[48],"class_list":{"0":"post-5520","1":"product","2":"type-product","3":"status-publish","4":"has-post-thumbnail","6":"product_cat-lgbtq","7":"product_cat-novedades","8":"product_tag-vr-editoras","10":"first","11":"instock","12":"shipping-taxable","13":"purchasable","14":"product-type-simple"},"_links":{"self":[{"href":"https:\/\/libreriahistoriasdebolsillo.com\/index.php\/wp-json\/wp\/v2\/product\/5520","targetHints":{"allow":["GET"]}}],"collection":[{"href":"https:\/\/libreriahistoriasdebolsillo.com\/index.php\/wp-json\/wp\/v2\/product"}],"about":[{"href":"https:\/\/libreriahistoriasdebolsillo.com\/index.php\/wp-json\/wp\/v2\/types\/product"}],"wp:featuredmedia":[{"embeddable":true,"href":"https:\/\/libreriahistoriasdebolsillo.com\/index.php\/wp-json\/wp\/v2\/media\/5521"}],"wp:attachment":[{"href":"https:\/\/libreriahistoriasdebolsillo.com\/index.php\/wp-json\/wp\/v2\/media?parent=5520"}],"wp:term":[{"taxonomy":"product_brand","embeddable":true,"href":"https:\/\/libreriahistoriasdebolsillo.com\/index.php\/wp-json\/wp\/v2\/product_brand?post=5520"},{"taxonomy":"product_cat","embeddable":true,"href":"https:\/\/libreriahistoriasdebolsillo.com\/index.php\/wp-json\/wp\/v2\/product_cat?post=5520"},{"taxonomy":"product_tag","embeddable":true,"href":"https:\/\/libreriahistoriasdebolsillo.com\/index.php\/wp-json\/wp\/v2\/product_tag?post=5520"}],"curies":[{"name":"wp","href":"https:\/\/api.w.org\/{rel}","templated":true}]}}