{"id":5524,"date":"2024-09-02T14:39:13","date_gmt":"2024-09-02T20:39:13","guid":{"rendered":"https:\/\/libreriahistoriasdebolsillo.com\/?post_type=product&#038;p=5524"},"modified":"2025-06-27T17:26:44","modified_gmt":"2025-06-27T23:26:44","slug":"como-ser-el-amor-que-buscas","status":"publish","type":"product","link":"https:\/\/libreriahistoriasdebolsillo.com\/index.php\/producto\/como-ser-el-amor-que-buscas\/","title":{"rendered":"C\u00f3mo ser el amor que buscas"},"content":{"rendered":"<p>Las relaciones siempre fueron fundamentales para la supervivencia humana. Nuestros cuerpos y cerebros est\u00e1n programados para buscar conexiones, ya sean familiares, rom\u00e1nticas o plat\u00f3nicas. Y, sin embargo, estos v\u00ednculos vitales suelen ser la ra\u00edz de nuestro sufrimiento m\u00e1s profundo. Si bien nuestros corazones est\u00e1n preparados para relacionarnos desde el amor, nuestro sistema nervioso, que almacena todas nuestras heridas y decepciones pasadas, est\u00e1 muchas veces acostumbrado a reaccionar como si se tratara de una amenaza. En C\u00f3mo ser el amor que buscas, la Dr. Nicole LePera, autora no. 1 en ventas de The New York Times, ilumina el camino para salir de los v\u00ednculos traum\u00e1ticos y establecer relaciones en el respeto mutuo y la compasi\u00f3n. En \u00e9l aprenderemos como crear seguridad en nuestro propio cuerpo y mente; identificar las necesidades insatisfechas; desarrollar resiliencia emocional; cultivar la coherencia del coraz\u00f3n para construir conexiones emocionales profundas con los dem\u00e1s, y mantener una interdependencia saludable en todo tipo de v\u00ednculos. La Dr. LePera nos ense\u00f1a como romper ciclos dolorosos y reencontrarnos con la sabidur\u00eda, el aprecio y la compasi\u00f3n que vive en cada uno de nosotros. As\u00ed comprenderemos que la verdadera fuente de toda sanaci\u00f3n es la capacidad innata de nuestro coraz\u00f3n para amar.<\/p>\n","protected":false},"excerpt":{"rendered":"<p>Dra. Nicole LePera<\/p>\n<p>280 p\u00e1ginas<\/p>\n","protected":false},"featured_media":5525,"template":"","meta":{"_joinchat":[]},"product_brand":[],"product_cat":[58,41,70],"product_tag":[48],"class_list":{"0":"post-5524","1":"product","2":"type-product","3":"status-publish","4":"has-post-thumbnail","6":"product_cat-desarrollo-humano-y-superacion","7":"product_cat-desarrollo-humano","8":"product_cat-novedades","9":"product_tag-vr-editoras","11":"first","12":"instock","13":"shipping-taxable","14":"purchasable","15":"product-type-simple"},"_links":{"self":[{"href":"https:\/\/libreriahistoriasdebolsillo.com\/index.php\/wp-json\/wp\/v2\/product\/5524","targetHints":{"allow":["GET"]}}],"collection":[{"href":"https:\/\/libreriahistoriasdebolsillo.com\/index.php\/wp-json\/wp\/v2\/product"}],"about":[{"href":"https:\/\/libreriahistoriasdebolsillo.com\/index.php\/wp-json\/wp\/v2\/types\/product"}],"wp:featuredmedia":[{"embeddable":true,"href":"https:\/\/libreriahistoriasdebolsillo.com\/index.php\/wp-json\/wp\/v2\/media\/5525"}],"wp:attachment":[{"href":"https:\/\/libreriahistoriasdebolsillo.com\/index.php\/wp-json\/wp\/v2\/media?parent=5524"}],"wp:term":[{"taxonomy":"product_brand","embeddable":true,"href":"https:\/\/libreriahistoriasdebolsillo.com\/index.php\/wp-json\/wp\/v2\/product_brand?post=5524"},{"taxonomy":"product_cat","embeddable":true,"href":"https:\/\/libreriahistoriasdebolsillo.com\/index.php\/wp-json\/wp\/v2\/product_cat?post=5524"},{"taxonomy":"product_tag","embeddable":true,"href":"https:\/\/libreriahistoriasdebolsillo.com\/index.php\/wp-json\/wp\/v2\/product_tag?post=5524"}],"curies":[{"name":"wp","href":"https:\/\/api.w.org\/{rel}","templated":true}]}}