{"id":5526,"date":"2024-09-02T14:44:33","date_gmt":"2024-09-02T20:44:33","guid":{"rendered":"https:\/\/libreriahistoriasdebolsillo.com\/?post_type=product&#038;p=5526"},"modified":"2025-08-23T16:46:38","modified_gmt":"2025-08-23T22:46:38","slug":"tiempo-sabio","status":"publish","type":"product","link":"https:\/\/libreriahistoriasdebolsillo.com\/index.php\/producto\/tiempo-sabio\/","title":{"rendered":"Tiempo sabio"},"content":{"rendered":"<p>Si buscas resultados distintos, no hagas siempre lo mismo. Lee este libro y as\u00f3mbrate de todo lo diferente que puedes hacer aprovechando los poderosos h\u00e1bitos y secretos de productividad de las personas m\u00e1s exitosas del mundo.<\/p>\n<p>Descubre estrategias que cualquiera puede adoptar para mejorar su estilo de vida, ya seas director ejecutivo, una madre o un padre que trabaja, propietario de una peque\u00f1a empresa o estudiante universitario.<\/p>\n<p>Domina tu d\u00eda y sube de nivel tu vida, utilizando los secretos y h\u00e1bitos de productividad de los pensadores, l\u00edderes y empresarios m\u00e1s destacados del mundo.<\/p>\n<p>\u00a1Comienza a hacer mucho m\u00e1s en menos tiempo!<\/p>\n","protected":false},"excerpt":{"rendered":"<p>Amantha Imber<\/p>\n<p>256 p\u00e1ginas<\/p>\n","protected":false},"featured_media":5527,"template":"","meta":{"_joinchat":[]},"product_brand":[],"product_cat":[58,41,70],"product_tag":[48],"class_list":{"0":"post-5526","1":"product","2":"type-product","3":"status-publish","4":"has-post-thumbnail","6":"product_cat-desarrollo-humano-y-superacion","7":"product_cat-desarrollo-humano","8":"product_cat-novedades","9":"product_tag-vr-editoras","11":"first","12":"instock","13":"shipping-taxable","14":"purchasable","15":"product-type-simple"},"_links":{"self":[{"href":"https:\/\/libreriahistoriasdebolsillo.com\/index.php\/wp-json\/wp\/v2\/product\/5526","targetHints":{"allow":["GET"]}}],"collection":[{"href":"https:\/\/libreriahistoriasdebolsillo.com\/index.php\/wp-json\/wp\/v2\/product"}],"about":[{"href":"https:\/\/libreriahistoriasdebolsillo.com\/index.php\/wp-json\/wp\/v2\/types\/product"}],"wp:featuredmedia":[{"embeddable":true,"href":"https:\/\/libreriahistoriasdebolsillo.com\/index.php\/wp-json\/wp\/v2\/media\/5527"}],"wp:attachment":[{"href":"https:\/\/libreriahistoriasdebolsillo.com\/index.php\/wp-json\/wp\/v2\/media?parent=5526"}],"wp:term":[{"taxonomy":"product_brand","embeddable":true,"href":"https:\/\/libreriahistoriasdebolsillo.com\/index.php\/wp-json\/wp\/v2\/product_brand?post=5526"},{"taxonomy":"product_cat","embeddable":true,"href":"https:\/\/libreriahistoriasdebolsillo.com\/index.php\/wp-json\/wp\/v2\/product_cat?post=5526"},{"taxonomy":"product_tag","embeddable":true,"href":"https:\/\/libreriahistoriasdebolsillo.com\/index.php\/wp-json\/wp\/v2\/product_tag?post=5526"}],"curies":[{"name":"wp","href":"https:\/\/api.w.org\/{rel}","templated":true}]}}