{"id":5541,"date":"2024-09-10T09:36:59","date_gmt":"2024-09-10T15:36:59","guid":{"rendered":"https:\/\/libreriahistoriasdebolsillo.com\/?post_type=product&#038;p=5541"},"modified":"2025-05-13T14:54:31","modified_gmt":"2025-05-13T20:54:31","slug":"immortal-dark-1","status":"publish","type":"product","link":"https:\/\/libreriahistoriasdebolsillo.com\/index.php\/producto\/immortal-dark-1\/","title":{"rendered":"Immortal Dark 1"},"content":{"rendered":"<p><b>ELLA ES LO QUE \u00c9L QUIERE. <\/b><b>\u00c9L ES LO QUE ELLA TEME. <\/b><b>SU AMOR SER\u00c1 SU RUINA&#8230;<\/b><\/p>\n<p>A Kidan Adane, heredera de la\u00a0<b>Casa<\/b>\u00a0<b>Adane<\/b>, nunca le ha interesado la prestigiosa universidad de \u00e9lite de\u00a0<b>Uxlay<\/b>, ni su sociedad de vampiros ni sus extra\u00f1as casas, y mucho menos sus herencias. Lo \u00fanico que le importa es encontrar a su hermana melliza\u00a0<b>desaparecida<\/b>, June.<\/p>\n<p>Pero entonces llegaSusenyos Sagad, un temible y\u00a0<b>atractivo<\/b>\u00a0<b>vampiro<\/b>, con la intenci\u00f3n de arrebatarle su herencia&#8230; y todo cambia.<\/p>\n<p>Para encontrar a su hermana, Kidan tendr\u00e1 que enfrentarse a\u00a0<b>Sagad<\/b>. Y cuando la tentaci\u00f3n y su naturaleza m\u00e1s oscura afloren, solo tendr\u00e1 una opci\u00f3n&#8230;<\/p>\n<p><b>Matar o<\/b>\u00a0<b>morir<\/b>.<\/p>\n","protected":false},"excerpt":{"rendered":"<p>Tigest Girma<\/p>\n<p>528 p\u00e1ginas<\/p>\n","protected":false},"featured_media":5542,"template":"","meta":{"_joinchat":[]},"product_brand":[],"product_cat":[39,70],"product_tag":[34],"class_list":{"0":"post-5541","1":"product","2":"type-product","3":"status-publish","4":"has-post-thumbnail","6":"product_cat-fantasia","7":"product_cat-novedades","8":"product_tag-penguin-random-house","10":"first","11":"instock","12":"shipping-taxable","13":"purchasable","14":"product-type-simple"},"_links":{"self":[{"href":"https:\/\/libreriahistoriasdebolsillo.com\/index.php\/wp-json\/wp\/v2\/product\/5541","targetHints":{"allow":["GET"]}}],"collection":[{"href":"https:\/\/libreriahistoriasdebolsillo.com\/index.php\/wp-json\/wp\/v2\/product"}],"about":[{"href":"https:\/\/libreriahistoriasdebolsillo.com\/index.php\/wp-json\/wp\/v2\/types\/product"}],"wp:featuredmedia":[{"embeddable":true,"href":"https:\/\/libreriahistoriasdebolsillo.com\/index.php\/wp-json\/wp\/v2\/media\/5542"}],"wp:attachment":[{"href":"https:\/\/libreriahistoriasdebolsillo.com\/index.php\/wp-json\/wp\/v2\/media?parent=5541"}],"wp:term":[{"taxonomy":"product_brand","embeddable":true,"href":"https:\/\/libreriahistoriasdebolsillo.com\/index.php\/wp-json\/wp\/v2\/product_brand?post=5541"},{"taxonomy":"product_cat","embeddable":true,"href":"https:\/\/libreriahistoriasdebolsillo.com\/index.php\/wp-json\/wp\/v2\/product_cat?post=5541"},{"taxonomy":"product_tag","embeddable":true,"href":"https:\/\/libreriahistoriasdebolsillo.com\/index.php\/wp-json\/wp\/v2\/product_tag?post=5541"}],"curies":[{"name":"wp","href":"https:\/\/api.w.org\/{rel}","templated":true}]}}