{"id":5543,"date":"2024-09-10T09:40:37","date_gmt":"2024-09-10T15:40:37","guid":{"rendered":"https:\/\/libreriahistoriasdebolsillo.com\/?post_type=product&#038;p=5543"},"modified":"2026-02-12T16:50:02","modified_gmt":"2026-02-12T22:50:02","slug":"saga-powerless-2-reckless","status":"publish","type":"product","link":"https:\/\/libreriahistoriasdebolsillo.com\/index.php\/producto\/saga-powerless-2-reckless\/","title":{"rendered":"Saga powerless 2. Reckless"},"content":{"rendered":"<p>\u00c9l es el refugio que ella siempre hab\u00eda deseado. Ella es el enemigo que \u00e9l tiene que vencer.<\/p>\n<p>Tras sobrevivir a las Pruebas de la Purga, Paedyn Gray, nacida sin poderes, mat\u00f3 al rey e inici\u00f3 una resistencia en todo el pa\u00eds. Ahora est\u00e1 huyendo de la persona hacia la que querr\u00eda correr.<\/p>\n<p>Kai Azer es actualmente el defensor de Ilya y debe permanecer leal a su hermano Kitt, el nuevo rey. Ha prometido encontrar a Paedyn y llevarla ante la justicia.<\/p>\n<p>A trav\u00e9s de peligros mortales, Kai persigue a la \u00fanica persona que desear\u00eda proteger. Pero en una ciudad sin \u00e9lites, el equilibrio entre el cazador y la presa cambia, y la batalla entre el deber y el deseo es mortal.<\/p>\n","protected":false},"excerpt":{"rendered":"<p>Lauren Roberts<\/p>\n<p>416 p\u00e1ginas<\/p>\n","protected":false},"featured_media":5544,"template":"","meta":{"_joinchat":[]},"product_brand":[],"product_cat":[39,70],"product_tag":[34],"class_list":{"0":"post-5543","1":"product","2":"type-product","3":"status-publish","4":"has-post-thumbnail","6":"product_cat-fantasia","7":"product_cat-novedades","8":"product_tag-penguin-random-house","10":"first","11":"outofstock","12":"shipping-taxable","13":"purchasable","14":"product-type-simple"},"_links":{"self":[{"href":"https:\/\/libreriahistoriasdebolsillo.com\/index.php\/wp-json\/wp\/v2\/product\/5543","targetHints":{"allow":["GET"]}}],"collection":[{"href":"https:\/\/libreriahistoriasdebolsillo.com\/index.php\/wp-json\/wp\/v2\/product"}],"about":[{"href":"https:\/\/libreriahistoriasdebolsillo.com\/index.php\/wp-json\/wp\/v2\/types\/product"}],"wp:featuredmedia":[{"embeddable":true,"href":"https:\/\/libreriahistoriasdebolsillo.com\/index.php\/wp-json\/wp\/v2\/media\/5544"}],"wp:attachment":[{"href":"https:\/\/libreriahistoriasdebolsillo.com\/index.php\/wp-json\/wp\/v2\/media?parent=5543"}],"wp:term":[{"taxonomy":"product_brand","embeddable":true,"href":"https:\/\/libreriahistoriasdebolsillo.com\/index.php\/wp-json\/wp\/v2\/product_brand?post=5543"},{"taxonomy":"product_cat","embeddable":true,"href":"https:\/\/libreriahistoriasdebolsillo.com\/index.php\/wp-json\/wp\/v2\/product_cat?post=5543"},{"taxonomy":"product_tag","embeddable":true,"href":"https:\/\/libreriahistoriasdebolsillo.com\/index.php\/wp-json\/wp\/v2\/product_tag?post=5543"}],"curies":[{"name":"wp","href":"https:\/\/api.w.org\/{rel}","templated":true}]}}