{"id":5545,"date":"2024-09-10T09:44:27","date_gmt":"2024-09-10T15:44:27","guid":{"rendered":"https:\/\/libreriahistoriasdebolsillo.com\/?post_type=product&#038;p=5545"},"modified":"2026-03-10T14:59:52","modified_gmt":"2026-03-10T20:59:52","slug":"la-primera-mentira-gana","status":"publish","type":"product","link":"https:\/\/libreriahistoriasdebolsillo.com\/index.php\/producto\/la-primera-mentira-gana\/","title":{"rendered":"La primera mentira gana"},"content":{"rendered":"<p><b>EL THRILLER QUE TODO EL MUNDO EST\u00c1 LEYENDO EN EE.UU.<\/b><\/p>\n<p><b>16 semanas en la lista de best sellers de\u00a0<i>The New York Times. <\/i><\/b><b>M\u00e1s de 350.000 ejemplares vendidos<\/b><\/p>\n<p><b>\u00abTiene todo lo que se puede pedir a un thriller\u00bb.<\/b><br \/>\n<b>Reese Witherspoon<\/b><\/p>\n<p><b>Conoces a alguien en una fiesta. Se parece a ti. \u00abSuena\u00bb como t\u00fa. Incluso se llama igual que t\u00fa&#8230;<\/b><\/p>\n<p><b>Est\u00e1 aqu\u00ed para quitarte algo que te pertenece.<\/b><\/p>\n<p><b>\u00bfHasta d\u00f3nde llegar\u00edas para protegerlo?<\/b><\/p>\n<p>Evie Porter tiene todo lo que cualquier chica podr\u00eda desear: un novio que la quiere, una casa con jard\u00edn y unas amigas fant\u00e1sticas. Pero Evie Porter no existe.<\/p>\n<p>La identidad es lo primero: Evie Porter. Una vez que su misterioso jefe, el se\u00f1or Smith, le da un nombre y una ubicaci\u00f3n, aprende todo lo que hay que saber sobre la ciudad y sus habitantes. Luego, el objetivo: Ryan Sumner. La \u00faltima pieza del rompecabezas es el trabajo.<\/p>\n<p>Pero para Evie este trabajo es diferente. Ryan se ha metido bajo su piel y sus sue\u00f1os y anhelos verdaderos se han colado en la relaci\u00f3n, hasta tal punto que ha empezado a imaginarse otro tipo de vida para s\u00ed misma, una en la que su jefe no mueva los hilos. Evie no puede cometer ning\u00fan error, especialmente despu\u00e9s de lo que pas\u00f3 la \u00faltima vez&#8230; Porque lo \u00fanico que ha intentado mantener siempre al margen de sus actividades, la \u00fanica identidad a la que siempre podr\u00eda volver (su verdadera identidad), acaba de llegar a esta ciudad.<\/p>\n<p>A medida que el pasado de Evie comienza a alcanzarla, \u00bfpodr\u00e1 ir un paso por delante para salvar su futuro?<\/p>\n","protected":false},"excerpt":{"rendered":"<p>Ashley Elston<\/p>\n<p>352 p\u00e1ginas<\/p>\n","protected":false},"featured_media":5546,"template":"","meta":{"_joinchat":[]},"product_brand":[],"product_cat":[37,70],"product_tag":[34],"class_list":{"0":"post-5545","1":"product","2":"type-product","3":"status-publish","4":"has-post-thumbnail","6":"product_cat-misterio-y-thriller","7":"product_cat-novedades","8":"product_tag-penguin-random-house","10":"first","11":"outofstock","12":"shipping-taxable","13":"purchasable","14":"product-type-simple"},"_links":{"self":[{"href":"https:\/\/libreriahistoriasdebolsillo.com\/index.php\/wp-json\/wp\/v2\/product\/5545","targetHints":{"allow":["GET"]}}],"collection":[{"href":"https:\/\/libreriahistoriasdebolsillo.com\/index.php\/wp-json\/wp\/v2\/product"}],"about":[{"href":"https:\/\/libreriahistoriasdebolsillo.com\/index.php\/wp-json\/wp\/v2\/types\/product"}],"wp:featuredmedia":[{"embeddable":true,"href":"https:\/\/libreriahistoriasdebolsillo.com\/index.php\/wp-json\/wp\/v2\/media\/5546"}],"wp:attachment":[{"href":"https:\/\/libreriahistoriasdebolsillo.com\/index.php\/wp-json\/wp\/v2\/media?parent=5545"}],"wp:term":[{"taxonomy":"product_brand","embeddable":true,"href":"https:\/\/libreriahistoriasdebolsillo.com\/index.php\/wp-json\/wp\/v2\/product_brand?post=5545"},{"taxonomy":"product_cat","embeddable":true,"href":"https:\/\/libreriahistoriasdebolsillo.com\/index.php\/wp-json\/wp\/v2\/product_cat?post=5545"},{"taxonomy":"product_tag","embeddable":true,"href":"https:\/\/libreriahistoriasdebolsillo.com\/index.php\/wp-json\/wp\/v2\/product_tag?post=5545"}],"curies":[{"name":"wp","href":"https:\/\/api.w.org\/{rel}","templated":true}]}}