{"id":5547,"date":"2024-09-10T09:46:28","date_gmt":"2024-09-10T15:46:28","guid":{"rendered":"https:\/\/libreriahistoriasdebolsillo.com\/?post_type=product&#038;p=5547"},"modified":"2025-01-13T16:50:23","modified_gmt":"2025-01-13T22:50:23","slug":"tu-hijo-tu-espejo","status":"publish","type":"product","link":"https:\/\/libreriahistoriasdebolsillo.com\/index.php\/producto\/tu-hijo-tu-espejo\/","title":{"rendered":"Tu hijo, tu espejo"},"content":{"rendered":"<p><b>El libro que sigue abriendo corazones y tocando las fibras de sus lectores ahora cuenta con un nuevo cap\u00edtulo acerca de la tecnolog\u00eda, sus pros, sus contras y c\u00f3mo guiar a nuestros hijos en su uso.<\/b><\/p>\n<p>Los\u00a0<b>padres proyectamos<\/b>\u00a0en nuestros hijos nuestras\u00a0<b>expectativas<\/b>\u00a0de la vida, nuestras frustraciones, nuestras etapas de la\u00a0<b>infancia<\/b>\u00a0o adolescencia sin resolver, nuestros \u00ab<b>hubiera<\/b>\u00bb y nuestras necesidades\u00a0<b>insatisfechas<\/b>, esperando inconscientemente que ellos se conviertan en una extensi\u00f3n de nosotros mismos y que cierren esos\u00a0<b>asuntos inconclusos<\/b>.<\/p>\n<p>Conocer la \u00ab<b>parte oculta<\/b>\u00bb de nuestra relaci\u00f3n, comprender por qu\u00e9 ese hijo, espec\u00edficamente \u00e9se, nos saca tan f\u00e1cil de nuestras casillas, por qu\u00e9 nos\u00a0<b>desagrada<\/b>, por qu\u00e9 nos es tan dif\u00edcil amarlo, por qu\u00e9 estamos empe\u00f1ados en cambiarlo, por qu\u00e9 lo presionamos con tal insistencia para que haga o deje de hacer, nos abre la puerta a la posibilidad de un\u00a0<b>cambio profundo<\/b>\u00a0en la relaci\u00f3n con \u00e9l.<\/p>\n<p>Darnos cuenta contribuye a transformar los\u00a0<b>sentimientos de rechazo<\/b>, rencor y su consecuente culpa, que pueden resultar\u00a0<b>devastadores<\/b>, facilitando el paso al \u00fanico sentimiento que sana, une y transforma: el amor.<\/p>\n","protected":false},"excerpt":{"rendered":"<p>Martha Alicia Ch\u00e1vez<\/p>\n<p>184 p\u00e1ginas<\/p>\n","protected":false},"featured_media":5548,"template":"","meta":{"_joinchat":[]},"product_brand":[],"product_cat":[58,41,70],"product_tag":[34],"class_list":{"0":"post-5547","1":"product","2":"type-product","3":"status-publish","4":"has-post-thumbnail","6":"product_cat-desarrollo-humano-y-superacion","7":"product_cat-desarrollo-humano","8":"product_cat-novedades","9":"product_tag-penguin-random-house","11":"first","12":"outofstock","13":"shipping-taxable","14":"purchasable","15":"product-type-simple"},"_links":{"self":[{"href":"https:\/\/libreriahistoriasdebolsillo.com\/index.php\/wp-json\/wp\/v2\/product\/5547","targetHints":{"allow":["GET"]}}],"collection":[{"href":"https:\/\/libreriahistoriasdebolsillo.com\/index.php\/wp-json\/wp\/v2\/product"}],"about":[{"href":"https:\/\/libreriahistoriasdebolsillo.com\/index.php\/wp-json\/wp\/v2\/types\/product"}],"wp:featuredmedia":[{"embeddable":true,"href":"https:\/\/libreriahistoriasdebolsillo.com\/index.php\/wp-json\/wp\/v2\/media\/5548"}],"wp:attachment":[{"href":"https:\/\/libreriahistoriasdebolsillo.com\/index.php\/wp-json\/wp\/v2\/media?parent=5547"}],"wp:term":[{"taxonomy":"product_brand","embeddable":true,"href":"https:\/\/libreriahistoriasdebolsillo.com\/index.php\/wp-json\/wp\/v2\/product_brand?post=5547"},{"taxonomy":"product_cat","embeddable":true,"href":"https:\/\/libreriahistoriasdebolsillo.com\/index.php\/wp-json\/wp\/v2\/product_cat?post=5547"},{"taxonomy":"product_tag","embeddable":true,"href":"https:\/\/libreriahistoriasdebolsillo.com\/index.php\/wp-json\/wp\/v2\/product_tag?post=5547"}],"curies":[{"name":"wp","href":"https:\/\/api.w.org\/{rel}","templated":true}]}}