{"id":5549,"date":"2024-09-10T09:49:44","date_gmt":"2024-09-10T15:49:44","guid":{"rendered":"https:\/\/libreriahistoriasdebolsillo.com\/?post_type=product&#038;p=5549"},"modified":"2025-01-13T16:50:18","modified_gmt":"2025-01-13T22:50:18","slug":"mama-te-quiero-papa-te-quiero","status":"publish","type":"product","link":"https:\/\/libreriahistoriasdebolsillo.com\/index.php\/producto\/mama-te-quiero-papa-te-quiero\/","title":{"rendered":"Mam\u00e1, te quiero; Pap\u00e1, te quiero"},"content":{"rendered":"<p><b>Este libro guiar\u00e1 a los padres con el objetivo de que apoyen a sus hijos a pasar el proceso del divorcio.<\/b><\/p>\n<p align=\"JUSTIFY\"><b>Apoyar a nuestros hijos para transitar por un proceso de divorcio y para vivirlo de la mejor manera posible, marcar\u00e1 una gran diferencia en sus vidas.<\/b><\/p>\n<p align=\"JUSTIFY\">Este libro habla de las m\u00faltiples incertidumbres y confusiones que los padres divorciados tienen en relaci\u00f3n con sus hijos: c\u00f3mo ayudarlos a superar este proceso, c\u00f3mo decirles que se divorciar\u00e1n, de qu\u00e9 forma organizar\u00e1n la convivencia de los hijos con cada uno de los padres y el resto de la familia, el manejo del dinero, cu\u00e1ndo y c\u00f3mo es aconsejable iniciar una nueva relaci\u00f3n de pareja y la forma en la que har\u00e1n frente a los m\u00faltiples cambios que inevitablemente suceden en las rutinas y el cuidado de los hijos.<\/p>\n<p align=\"JUSTIFY\">El motivo que me impulsa a escribir este libro es responder a las numerosas preguntas sobre los hijos en la situaci\u00f3n de divorcio: las que yo misma tuve en su momento y las que cientos de padres y madres divorciados me han planteado.<\/p>\n<p align=\"JUSTIFY\">-Martha Alicia Ch\u00e1vez<\/p>\n","protected":false},"excerpt":{"rendered":"<p>Martha Alicia Ch\u00e1vez<\/p>\n<p>136 p\u00e1ginas<\/p>\n","protected":false},"featured_media":5550,"template":"","meta":{"_joinchat":[]},"product_brand":[],"product_cat":[58,41,70],"product_tag":[34],"class_list":{"0":"post-5549","1":"product","2":"type-product","3":"status-publish","4":"has-post-thumbnail","6":"product_cat-desarrollo-humano-y-superacion","7":"product_cat-desarrollo-humano","8":"product_cat-novedades","9":"product_tag-penguin-random-house","11":"first","12":"outofstock","13":"shipping-taxable","14":"purchasable","15":"product-type-simple"},"_links":{"self":[{"href":"https:\/\/libreriahistoriasdebolsillo.com\/index.php\/wp-json\/wp\/v2\/product\/5549","targetHints":{"allow":["GET"]}}],"collection":[{"href":"https:\/\/libreriahistoriasdebolsillo.com\/index.php\/wp-json\/wp\/v2\/product"}],"about":[{"href":"https:\/\/libreriahistoriasdebolsillo.com\/index.php\/wp-json\/wp\/v2\/types\/product"}],"wp:featuredmedia":[{"embeddable":true,"href":"https:\/\/libreriahistoriasdebolsillo.com\/index.php\/wp-json\/wp\/v2\/media\/5550"}],"wp:attachment":[{"href":"https:\/\/libreriahistoriasdebolsillo.com\/index.php\/wp-json\/wp\/v2\/media?parent=5549"}],"wp:term":[{"taxonomy":"product_brand","embeddable":true,"href":"https:\/\/libreriahistoriasdebolsillo.com\/index.php\/wp-json\/wp\/v2\/product_brand?post=5549"},{"taxonomy":"product_cat","embeddable":true,"href":"https:\/\/libreriahistoriasdebolsillo.com\/index.php\/wp-json\/wp\/v2\/product_cat?post=5549"},{"taxonomy":"product_tag","embeddable":true,"href":"https:\/\/libreriahistoriasdebolsillo.com\/index.php\/wp-json\/wp\/v2\/product_tag?post=5549"}],"curies":[{"name":"wp","href":"https:\/\/api.w.org\/{rel}","templated":true}]}}