{"id":5553,"date":"2024-09-10T09:55:20","date_gmt":"2024-09-10T15:55:20","guid":{"rendered":"https:\/\/libreriahistoriasdebolsillo.com\/?post_type=product&#038;p=5553"},"modified":"2025-01-13T16:50:37","modified_gmt":"2025-01-13T22:50:37","slug":"el-gran-juego-1","status":"publish","type":"product","link":"https:\/\/libreriahistoriasdebolsillo.com\/index.php\/producto\/el-gran-juego-1\/","title":{"rendered":"El gran juego 1"},"content":{"rendered":"<p><b>Siete<\/b>\u00a0<b>cartas doradas.<\/b>\u00a0<b>Una isla de ensue\u00f1o.<\/b>\u00a0<b>Una oportunidad \u00fanica<\/b>.<\/p>\n<p>Te damos la bienvenida al Gran Juego, una competici\u00f3n deslumbrante que te cambiar\u00e1 la vida. Organizada por la multimillonaria Avery Grambs y los cuatro c\u00e9lebres hermanos Hawthorne, la competici\u00f3n ofrece fama y riquezas a los siete afortunados jugadores de esta edici\u00f3n.<\/p>\n<p>LYRA sigue pensando en la muerte de su padre y los secretos que dej\u00f3 al fallecer. Insiste en que participa en el Gran Juego por el dinero, y no para conseguir respuestas sobre la implicaci\u00f3n de la familia Hawthorne en la muerte de su padre, y desde luego no para confrontar al enigm\u00e1tico y exasperante Grayson Hawthonre, quien ya la rechaz\u00f3 en el pasado. Enfrent\u00e1ndose a ella est\u00e1n GIGI, la hermanastra de Grayson y un literal rayito de luz, empe\u00f1ada en demostrar que vale m\u00e1s de lo que todos piensan, y ROHAN, un chico con un comp\u00e1s moral dudoso, unas habilidades variadas y peligrosas, y ning\u00fan futuro, a no ser que gane el juego.<\/p>\n<p>Cuando les llevan a una isla privada con todos los lujos imaginables y unos cuantos acertijos a resolver, Lyra, Gigi y Rohan tendr\u00e1n que hacer todo lo que puedan para superar a sus rivales y ganar un juego que solo los m\u00e1s inteligentes pueden conquistar. Mientras saltan las chispas y las pruebas empujan a los jugadores a sus l\u00edmites, empieza a ser cada vez m\u00e1s evidente que todo el mundo tiene secretos, y que el pasado no se puede ocultar eternamente.<\/p>\n<p>\u00bfQui\u00e9n tiene lo que hace falta para ganar?<\/p>\n","protected":false},"excerpt":{"rendered":"<p>Jennifer Lynn Barnes<\/p>\n<p>432 p\u00e1ginas<\/p>\n","protected":false},"featured_media":5554,"template":"","meta":{"_joinchat":[]},"product_brand":[],"product_cat":[52,37,70],"product_tag":[34],"class_list":{"0":"post-5553","1":"product","2":"type-product","3":"status-publish","4":"has-post-thumbnail","6":"product_cat-juvenil","7":"product_cat-misterio-y-thriller","8":"product_cat-novedades","9":"product_tag-penguin-random-house","11":"first","12":"outofstock","13":"shipping-taxable","14":"purchasable","15":"product-type-simple"},"_links":{"self":[{"href":"https:\/\/libreriahistoriasdebolsillo.com\/index.php\/wp-json\/wp\/v2\/product\/5553","targetHints":{"allow":["GET"]}}],"collection":[{"href":"https:\/\/libreriahistoriasdebolsillo.com\/index.php\/wp-json\/wp\/v2\/product"}],"about":[{"href":"https:\/\/libreriahistoriasdebolsillo.com\/index.php\/wp-json\/wp\/v2\/types\/product"}],"wp:featuredmedia":[{"embeddable":true,"href":"https:\/\/libreriahistoriasdebolsillo.com\/index.php\/wp-json\/wp\/v2\/media\/5554"}],"wp:attachment":[{"href":"https:\/\/libreriahistoriasdebolsillo.com\/index.php\/wp-json\/wp\/v2\/media?parent=5553"}],"wp:term":[{"taxonomy":"product_brand","embeddable":true,"href":"https:\/\/libreriahistoriasdebolsillo.com\/index.php\/wp-json\/wp\/v2\/product_brand?post=5553"},{"taxonomy":"product_cat","embeddable":true,"href":"https:\/\/libreriahistoriasdebolsillo.com\/index.php\/wp-json\/wp\/v2\/product_cat?post=5553"},{"taxonomy":"product_tag","embeddable":true,"href":"https:\/\/libreriahistoriasdebolsillo.com\/index.php\/wp-json\/wp\/v2\/product_tag?post=5553"}],"curies":[{"name":"wp","href":"https:\/\/api.w.org\/{rel}","templated":true}]}}