{"id":5555,"date":"2024-09-10T10:02:37","date_gmt":"2024-09-10T16:02:37","guid":{"rendered":"https:\/\/libreriahistoriasdebolsillo.com\/?post_type=product&#038;p=5555"},"modified":"2025-01-13T16:50:50","modified_gmt":"2025-01-13T22:50:50","slug":"la-furia","status":"publish","type":"product","link":"https:\/\/libreriahistoriasdebolsillo.com\/index.php\/producto\/la-furia\/","title":{"rendered":"La furia"},"content":{"rendered":"<p>Esta es la historia de un asesinato. O quiz\u00e1 esto no sea del todo cierto. En el fondo, es sobre todo una historia de amor. Lana Farrar es una antigua estrella de cine, un icono de la moda admirado durante a\u00f1os. Desde que su marido falleci\u00f3, vive reclusa en su mansi\u00f3n de Londres. Cada a\u00f1o invita a sus amigos m\u00e1s \u00edntimos a escapar del clima ingl\u00e9s y pasar la Pascua en su id\u00edlica isla griega privada, un peque\u00f1o islote de lujo azotado por un poderoso viento que los lugare\u00f1os llaman \u00abla furia\u00bb.<\/p>\n<p>Cuando la furia deja al grupo atrapado en la isla sin poder salir, las viejas amistades acaban sacando a flote el odio, la envidia y el deseo de venganza reprimidos durante a\u00f1os. Y, de repente, alguien desaparece. As\u00ed se inicia un juego de encerronas y trampas, una batalla de ingenio llena de giros y sorpresas que desemboca en un final inolvidable donde resuenan los ecos del temible The Grove, el c\u00e9lebre hospital psiqui\u00e1trico de\u00a0<i>La paciente silenciosa<\/i>.<\/p>\n","protected":false},"excerpt":{"rendered":"<p>Alex Michaelides<\/p>\n<p>328 p\u00e1ginas<\/p>\n","protected":false},"featured_media":5556,"template":"","meta":{"_joinchat":[]},"product_brand":[],"product_cat":[37,70],"product_tag":[34],"class_list":{"0":"post-5555","1":"product","2":"type-product","3":"status-publish","4":"has-post-thumbnail","6":"product_cat-misterio-y-thriller","7":"product_cat-novedades","8":"product_tag-penguin-random-house","10":"first","11":"outofstock","12":"shipping-taxable","13":"purchasable","14":"product-type-simple"},"_links":{"self":[{"href":"https:\/\/libreriahistoriasdebolsillo.com\/index.php\/wp-json\/wp\/v2\/product\/5555","targetHints":{"allow":["GET"]}}],"collection":[{"href":"https:\/\/libreriahistoriasdebolsillo.com\/index.php\/wp-json\/wp\/v2\/product"}],"about":[{"href":"https:\/\/libreriahistoriasdebolsillo.com\/index.php\/wp-json\/wp\/v2\/types\/product"}],"wp:featuredmedia":[{"embeddable":true,"href":"https:\/\/libreriahistoriasdebolsillo.com\/index.php\/wp-json\/wp\/v2\/media\/5556"}],"wp:attachment":[{"href":"https:\/\/libreriahistoriasdebolsillo.com\/index.php\/wp-json\/wp\/v2\/media?parent=5555"}],"wp:term":[{"taxonomy":"product_brand","embeddable":true,"href":"https:\/\/libreriahistoriasdebolsillo.com\/index.php\/wp-json\/wp\/v2\/product_brand?post=5555"},{"taxonomy":"product_cat","embeddable":true,"href":"https:\/\/libreriahistoriasdebolsillo.com\/index.php\/wp-json\/wp\/v2\/product_cat?post=5555"},{"taxonomy":"product_tag","embeddable":true,"href":"https:\/\/libreriahistoriasdebolsillo.com\/index.php\/wp-json\/wp\/v2\/product_tag?post=5555"}],"curies":[{"name":"wp","href":"https:\/\/api.w.org\/{rel}","templated":true}]}}