{"id":5558,"date":"2024-09-10T10:07:02","date_gmt":"2024-09-10T16:07:02","guid":{"rendered":"https:\/\/libreriahistoriasdebolsillo.com\/?post_type=product&#038;p=5558"},"modified":"2025-01-13T16:50:14","modified_gmt":"2025-01-13T22:50:14","slug":"hijos-invisibles","status":"publish","type":"product","link":"https:\/\/libreriahistoriasdebolsillo.com\/index.php\/producto\/hijos-invisibles\/","title":{"rendered":"Hijos invisibles"},"content":{"rendered":"<p><b>Ad\u00e9ntrate en las p\u00e1ginas de este libro para aprender c\u00f3mo otorgar a nuestros hijos de cualquier edad uno de los m\u00e1s grandes regalos de amor: ser vistos.<\/b><\/p>\n<p>Beb\u00e9s, ni\u00f1os, adolescentes y adultos pasan de largo por la vida sin\u00a0<b>ser vistos<\/b>. No se sienten parte del mundo\u00a0<b>ni integrados<\/b>\u00a0con quienes lo habitan. La invisibilidad es uno de los m\u00e1s dolorosos estados que un ser humano puede\u00a0<b>experimentar.<\/b>\u00a0Esta invisibilidad se origina en el lugar donde el ni\u00f1o deber\u00eda sentirse m\u00e1s\u00a0<b>protegido y amado<\/b>: el hogar. La indiferencia de los padres lleva al ni\u00f1o a\u00a0<b>sentirse ignorado<\/b>, inseguro y abandonado.<\/p>\n<p>Para protegerse, el ni\u00f1o ignorado\u00a0<b>desarrolla inconscientemente<\/b>\u00a0estrategias que en un principio le ayudan a aminorar el dolor, pero que a la larga se convertir\u00e1n en un problema.<\/p>\n<p>Pero\u00a0<b>\u00bfcu\u00e1nta atenci\u00f3n necesitan los ni\u00f1os?<\/b>, \u00bfc\u00f3mo saber si la que se les est\u00e1 dando, aunque parezca mucha, es inadecuada o insuficiente?, \u00bfc\u00f3mo desandar el camino de invisibilidad al que sin querer los\u00a0<b>hemos orillado<\/b>?y \u00bfqu\u00e9 hacer con nosotros mismos si, ya siendo adultos, seguimos arrastrando las secuelas de la\u00a0<b>indiferencia<\/b>?<\/p>\n","protected":false},"excerpt":{"rendered":"<p>Martha Alicia Ch\u00e1vez<\/p>\n<p>152 p\u00e1ginas<\/p>\n","protected":false},"featured_media":5559,"template":"","meta":{"_joinchat":[]},"product_brand":[],"product_cat":[58,41,70],"product_tag":[34],"class_list":{"0":"post-5558","1":"product","2":"type-product","3":"status-publish","4":"has-post-thumbnail","6":"product_cat-desarrollo-humano-y-superacion","7":"product_cat-desarrollo-humano","8":"product_cat-novedades","9":"product_tag-penguin-random-house","11":"first","12":"outofstock","13":"shipping-taxable","14":"purchasable","15":"product-type-simple"},"_links":{"self":[{"href":"https:\/\/libreriahistoriasdebolsillo.com\/index.php\/wp-json\/wp\/v2\/product\/5558","targetHints":{"allow":["GET"]}}],"collection":[{"href":"https:\/\/libreriahistoriasdebolsillo.com\/index.php\/wp-json\/wp\/v2\/product"}],"about":[{"href":"https:\/\/libreriahistoriasdebolsillo.com\/index.php\/wp-json\/wp\/v2\/types\/product"}],"wp:featuredmedia":[{"embeddable":true,"href":"https:\/\/libreriahistoriasdebolsillo.com\/index.php\/wp-json\/wp\/v2\/media\/5559"}],"wp:attachment":[{"href":"https:\/\/libreriahistoriasdebolsillo.com\/index.php\/wp-json\/wp\/v2\/media?parent=5558"}],"wp:term":[{"taxonomy":"product_brand","embeddable":true,"href":"https:\/\/libreriahistoriasdebolsillo.com\/index.php\/wp-json\/wp\/v2\/product_brand?post=5558"},{"taxonomy":"product_cat","embeddable":true,"href":"https:\/\/libreriahistoriasdebolsillo.com\/index.php\/wp-json\/wp\/v2\/product_cat?post=5558"},{"taxonomy":"product_tag","embeddable":true,"href":"https:\/\/libreriahistoriasdebolsillo.com\/index.php\/wp-json\/wp\/v2\/product_tag?post=5558"}],"curies":[{"name":"wp","href":"https:\/\/api.w.org\/{rel}","templated":true}]}}