{"id":5563,"date":"2024-09-10T10:25:53","date_gmt":"2024-09-10T16:25:53","guid":{"rendered":"https:\/\/libreriahistoriasdebolsillo.com\/?post_type=product&#038;p=5563"},"modified":"2025-01-13T16:51:33","modified_gmt":"2025-01-13T22:51:33","slug":"el-sueno-de-sooley","status":"publish","type":"product","link":"https:\/\/libreriahistoriasdebolsillo.com\/index.php\/producto\/el-sueno-de-sooley\/","title":{"rendered":"El sue\u00f1o de Sooley"},"content":{"rendered":"<p><b>Samuel<\/b>\u00a0<b>Sooleymon<\/b>\u00a0es un adolescente de\u00a0<b>Sud\u00e1n del Sur<\/b>\u00a0con un gran amor por el baloncesto, un salto prodigioso y la velocidad del rayo.<\/p>\n<p>Un torneo de exhibici\u00f3n por Estados Unidos puede convertirse en su gran oportunidad, pero sus condiciones naturales necesitan trabajo y Sooley pronto se da cuenta de que le queda un largo camino por recorrer. Sin embargo, \u00e9l cuenta con algo que ninguno de sus compa\u00f1eros posee: una<b>feroz determinaci\u00f3n<\/b>\u00a0por triunfar y as\u00ed ayudar a su familia a escapar de la guerra que asola su pa\u00eds. Y para ello necesitar\u00e1 hacer lo que ning\u00fan otro jugador ha logrado: convertirse en una leyenda en solo doce meses.<\/p>\n","protected":false},"excerpt":{"rendered":"<p>John Grisham<\/p>\n<p>464 p\u00e1ginas<\/p>\n","protected":false},"featured_media":5564,"template":"","meta":{"_joinchat":[]},"product_brand":[],"product_cat":[33,51],"product_tag":[34],"class_list":{"0":"post-5563","1":"product","2":"type-product","3":"status-publish","4":"has-post-thumbnail","6":"product_cat-ficcion-general","7":"product_cat-oferta","8":"product_tag-penguin-random-house","10":"first","11":"outofstock","12":"shipping-taxable","13":"purchasable","14":"product-type-simple"},"_links":{"self":[{"href":"https:\/\/libreriahistoriasdebolsillo.com\/index.php\/wp-json\/wp\/v2\/product\/5563","targetHints":{"allow":["GET"]}}],"collection":[{"href":"https:\/\/libreriahistoriasdebolsillo.com\/index.php\/wp-json\/wp\/v2\/product"}],"about":[{"href":"https:\/\/libreriahistoriasdebolsillo.com\/index.php\/wp-json\/wp\/v2\/types\/product"}],"wp:featuredmedia":[{"embeddable":true,"href":"https:\/\/libreriahistoriasdebolsillo.com\/index.php\/wp-json\/wp\/v2\/media\/5564"}],"wp:attachment":[{"href":"https:\/\/libreriahistoriasdebolsillo.com\/index.php\/wp-json\/wp\/v2\/media?parent=5563"}],"wp:term":[{"taxonomy":"product_brand","embeddable":true,"href":"https:\/\/libreriahistoriasdebolsillo.com\/index.php\/wp-json\/wp\/v2\/product_brand?post=5563"},{"taxonomy":"product_cat","embeddable":true,"href":"https:\/\/libreriahistoriasdebolsillo.com\/index.php\/wp-json\/wp\/v2\/product_cat?post=5563"},{"taxonomy":"product_tag","embeddable":true,"href":"https:\/\/libreriahistoriasdebolsillo.com\/index.php\/wp-json\/wp\/v2\/product_tag?post=5563"}],"curies":[{"name":"wp","href":"https:\/\/api.w.org\/{rel}","templated":true}]}}