{"id":5567,"date":"2024-09-10T10:31:18","date_gmt":"2024-09-10T16:31:18","guid":{"rendered":"https:\/\/libreriahistoriasdebolsillo.com\/?post_type=product&#038;p=5567"},"modified":"2024-09-24T14:07:15","modified_gmt":"2024-09-24T20:07:15","slug":"aparta-de-mi-este-caliz","status":"publish","type":"product","link":"https:\/\/libreriahistoriasdebolsillo.com\/index.php\/producto\/aparta-de-mi-este-caliz\/","title":{"rendered":"Aparta de mi este c\u00e1liz"},"content":{"rendered":"<p>Chuy sue\u00f1a que es\u00a0<b>Jesucristo<\/b>, pero no es un mes\u00edas cualquiera, es m\u00e1s bien un l\u00edder de\u00a0<b>colonos<\/b>, un hombre com\u00fan y corriente que paga impuestos, que ama a una mujer a quien le habla de usted y que debe abrir temprano su\u00a0<b>changarro<\/b>\u00a0para recibir a los muchosfieles que esperan ansiosos un milagro y la salvaci\u00f3n de sus almas. Afuera, la realidad parece estar en contra suya: hay peligros,\u00a0<b>amenazas<\/b>, traiciones y un\u00a0<b>enemigo<\/b>\u00a0misterioso que, curiosamente, se parece demasiado a \u00e9l.<\/p>\n<p>En\u00a0<i><b>Aparta de m\u00ed este c\u00e1liz<\/b><\/i>, LuisHumberto Crosthwaite regresa a los barrios de\u00a0<i><b>El gran<\/b><\/i>\u00a0<i><b>pret\u00e9nder<\/b><\/i>\u00a0para reinterpretar los\u00a0<b>Evangelios<\/b>\u00a0con su muy peculiar estilo narrativo, mezcla de poes\u00eda, humor y cultura popular. Es una parodia que busca conmover al lector y, al mismo tiempo, desinflar la t\u00edpica seriedad de la literatura mexicana.<\/p>\n","protected":false},"excerpt":{"rendered":"<p>Luis Humberto Crosthwaite<\/p>\n<p>160 p\u00e1ginas<\/p>\n","protected":false},"featured_media":5568,"template":"","meta":{"_joinchat":[]},"product_brand":[],"product_cat":[78,33,70,51],"product_tag":[34],"class_list":{"0":"post-5567","1":"product","2":"type-product","3":"status-publish","4":"has-post-thumbnail","6":"product_cat-contemporanea","7":"product_cat-ficcion-general","8":"product_cat-novedades","9":"product_cat-oferta","10":"product_tag-penguin-random-house","12":"first","13":"instock","14":"shipping-taxable","15":"purchasable","16":"product-type-simple"},"_links":{"self":[{"href":"https:\/\/libreriahistoriasdebolsillo.com\/index.php\/wp-json\/wp\/v2\/product\/5567","targetHints":{"allow":["GET"]}}],"collection":[{"href":"https:\/\/libreriahistoriasdebolsillo.com\/index.php\/wp-json\/wp\/v2\/product"}],"about":[{"href":"https:\/\/libreriahistoriasdebolsillo.com\/index.php\/wp-json\/wp\/v2\/types\/product"}],"wp:featuredmedia":[{"embeddable":true,"href":"https:\/\/libreriahistoriasdebolsillo.com\/index.php\/wp-json\/wp\/v2\/media\/5568"}],"wp:attachment":[{"href":"https:\/\/libreriahistoriasdebolsillo.com\/index.php\/wp-json\/wp\/v2\/media?parent=5567"}],"wp:term":[{"taxonomy":"product_brand","embeddable":true,"href":"https:\/\/libreriahistoriasdebolsillo.com\/index.php\/wp-json\/wp\/v2\/product_brand?post=5567"},{"taxonomy":"product_cat","embeddable":true,"href":"https:\/\/libreriahistoriasdebolsillo.com\/index.php\/wp-json\/wp\/v2\/product_cat?post=5567"},{"taxonomy":"product_tag","embeddable":true,"href":"https:\/\/libreriahistoriasdebolsillo.com\/index.php\/wp-json\/wp\/v2\/product_tag?post=5567"}],"curies":[{"name":"wp","href":"https:\/\/api.w.org\/{rel}","templated":true}]}}