{"id":5569,"date":"2024-09-10T10:34:41","date_gmt":"2024-09-10T16:34:41","guid":{"rendered":"https:\/\/libreriahistoriasdebolsillo.com\/?post_type=product&#038;p=5569"},"modified":"2025-01-13T16:51:46","modified_gmt":"2025-01-13T22:51:46","slug":"westwell-1-fuerte-y-suave","status":"publish","type":"product","link":"https:\/\/libreriahistoriasdebolsillo.com\/index.php\/producto\/westwell-1-fuerte-y-suave\/","title":{"rendered":"Westwell 1. Fuerte y suave"},"content":{"rendered":"<p><b>Nuestros hermanos murieron porque se amaban.<\/b><\/p>\n<p><b>Ahora estamos condenados a odiarnos el uno al otro.<\/b><\/p>\n<p><b>Pero \u00bfy si eso es imposible?<\/b><\/p>\n<p>Cuando Helena Weston regresa a Nueva York, tiene un \u00fanico objetivo: limpiar el nombre de su hermana, cueste lo que cueste. Han pasado dos a\u00f1os y medio desde que encontraron a Valerie y Adam, el amor de su vida, muertos en la suite del hotel en la que hab\u00edan estado de fiesta. Desde entonces, la familia de Adam no ha dejado de culpar a Valerie por sus tr\u00e1gicas muertes. Helena es la \u00fanica que cree firmemente en la inocencia de su hermana y har\u00e1 todo lo posible por descubrir qu\u00e9 pas\u00f3 realmente aquella fat\u00eddica noche, pero, en su b\u00fasqueda de la verdad, se encuentra con el hermano peque\u00f1o de Adam. Helena sabe que deber\u00eda odiar a Jess con cada fibra de su ser y, sin embargo, cada vez le cuesta m\u00e1s huir de los sentimientos que despierta en ella&#8230;<\/p>\n<p><b>M\u00e1s de 600.000 lectores.<\/b><\/p>\n","protected":false},"excerpt":{"rendered":"<p>Lena Kiefer<\/p>\n<p>504 p\u00e1ginas<\/p>\n","protected":false},"featured_media":5570,"template":"","meta":{"_joinchat":[]},"product_brand":[],"product_cat":[52,70],"product_tag":[34],"class_list":{"0":"post-5569","1":"product","2":"type-product","3":"status-publish","4":"has-post-thumbnail","6":"product_cat-juvenil","7":"product_cat-novedades","8":"product_tag-penguin-random-house","10":"first","11":"outofstock","12":"shipping-taxable","13":"purchasable","14":"product-type-simple"},"_links":{"self":[{"href":"https:\/\/libreriahistoriasdebolsillo.com\/index.php\/wp-json\/wp\/v2\/product\/5569","targetHints":{"allow":["GET"]}}],"collection":[{"href":"https:\/\/libreriahistoriasdebolsillo.com\/index.php\/wp-json\/wp\/v2\/product"}],"about":[{"href":"https:\/\/libreriahistoriasdebolsillo.com\/index.php\/wp-json\/wp\/v2\/types\/product"}],"wp:featuredmedia":[{"embeddable":true,"href":"https:\/\/libreriahistoriasdebolsillo.com\/index.php\/wp-json\/wp\/v2\/media\/5570"}],"wp:attachment":[{"href":"https:\/\/libreriahistoriasdebolsillo.com\/index.php\/wp-json\/wp\/v2\/media?parent=5569"}],"wp:term":[{"taxonomy":"product_brand","embeddable":true,"href":"https:\/\/libreriahistoriasdebolsillo.com\/index.php\/wp-json\/wp\/v2\/product_brand?post=5569"},{"taxonomy":"product_cat","embeddable":true,"href":"https:\/\/libreriahistoriasdebolsillo.com\/index.php\/wp-json\/wp\/v2\/product_cat?post=5569"},{"taxonomy":"product_tag","embeddable":true,"href":"https:\/\/libreriahistoriasdebolsillo.com\/index.php\/wp-json\/wp\/v2\/product_tag?post=5569"}],"curies":[{"name":"wp","href":"https:\/\/api.w.org\/{rel}","templated":true}]}}