{"id":5571,"date":"2024-09-10T10:39:13","date_gmt":"2024-09-10T16:39:13","guid":{"rendered":"https:\/\/libreriahistoriasdebolsillo.com\/?post_type=product&#038;p=5571"},"modified":"2024-12-11T18:14:47","modified_gmt":"2024-12-12T00:14:47","slug":"el-sueno-en-el-que-me-sumergi","status":"publish","type":"product","link":"https:\/\/libreriahistoriasdebolsillo.com\/index.php\/producto\/el-sueno-en-el-que-me-sumergi\/","title":{"rendered":"El sue\u00f1o en el que me sumerg\u00ed"},"content":{"rendered":"<p><b>Un testimonio<\/b>\u00a0<b>ficcionado<\/b><b>\u00a0para<\/b>\u00a0<b>recordarnos lo valiente que es volver<\/b><b>de los abismos m\u00e1s oscuros y darnos<\/b>\u00a0<b>cuenta de lo afortunados que somos<\/b>\u00a0<b>por seguir aqu\u00ed.<\/b><\/p>\n<p>El 3 de octubre de 2022 inici\u00f3 un\u00a0<b>viaje inesperado<\/b>. Algunos dir\u00e1n que fue un largo\u00a0<b>sue\u00f1o<\/b>, pero yo estoy convencido de que en verdad estuve muy\u00a0<b>lejos<\/b>\u00a0de aqu\u00ed. Durante\u00a0<b>22d\u00edas<\/b>, mientras mi cuerpo permaneci\u00f3 en una cama de hospital, otra parte de m\u00ed viaj\u00f3 a un sitio donde me enfrent\u00e9 a\u00a0<b>verdades<\/b>\u00a0ineludibles que todav\u00eda sigo descifrando. Pero ahora entiendo que, si volv\u00ed, fue para compartir contigo la experiencia de convertirme en\u00a0<b>sobreviviente<\/b>.<\/p>\n<p>Esta es mi historia.<\/p>\n","protected":false},"excerpt":{"rendered":"<p>Alex Toledo<\/p>\n<p>264 p\u00e1ginas<\/p>\n","protected":false},"featured_media":5572,"template":"","meta":{"_joinchat":[]},"product_brand":[],"product_cat":[52,70],"product_tag":[34],"class_list":{"0":"post-5571","1":"product","2":"type-product","3":"status-publish","4":"has-post-thumbnail","6":"product_cat-juvenil","7":"product_cat-novedades","8":"product_tag-penguin-random-house","10":"first","11":"outofstock","12":"shipping-taxable","13":"purchasable","14":"product-type-simple"},"_links":{"self":[{"href":"https:\/\/libreriahistoriasdebolsillo.com\/index.php\/wp-json\/wp\/v2\/product\/5571","targetHints":{"allow":["GET"]}}],"collection":[{"href":"https:\/\/libreriahistoriasdebolsillo.com\/index.php\/wp-json\/wp\/v2\/product"}],"about":[{"href":"https:\/\/libreriahistoriasdebolsillo.com\/index.php\/wp-json\/wp\/v2\/types\/product"}],"wp:featuredmedia":[{"embeddable":true,"href":"https:\/\/libreriahistoriasdebolsillo.com\/index.php\/wp-json\/wp\/v2\/media\/5572"}],"wp:attachment":[{"href":"https:\/\/libreriahistoriasdebolsillo.com\/index.php\/wp-json\/wp\/v2\/media?parent=5571"}],"wp:term":[{"taxonomy":"product_brand","embeddable":true,"href":"https:\/\/libreriahistoriasdebolsillo.com\/index.php\/wp-json\/wp\/v2\/product_brand?post=5571"},{"taxonomy":"product_cat","embeddable":true,"href":"https:\/\/libreriahistoriasdebolsillo.com\/index.php\/wp-json\/wp\/v2\/product_cat?post=5571"},{"taxonomy":"product_tag","embeddable":true,"href":"https:\/\/libreriahistoriasdebolsillo.com\/index.php\/wp-json\/wp\/v2\/product_tag?post=5571"}],"curies":[{"name":"wp","href":"https:\/\/api.w.org\/{rel}","templated":true}]}}