{"id":5578,"date":"2024-09-10T10:46:01","date_gmt":"2024-09-10T16:46:01","guid":{"rendered":"https:\/\/libreriahistoriasdebolsillo.com\/?post_type=product&#038;p=5578"},"modified":"2025-01-13T16:52:14","modified_gmt":"2025-01-13T22:52:14","slug":"te-amare-1-hasta-el-ultimo-de-mis-dias","status":"publish","type":"product","link":"https:\/\/libreriahistoriasdebolsillo.com\/index.php\/producto\/te-amare-1-hasta-el-ultimo-de-mis-dias\/","title":{"rendered":"Te amar\u00e9 1. Hasta el \u00faltimo de mis d\u00edas"},"content":{"rendered":"<p><b>Un romance adolescente<\/b>\u00a0<i><b>made<\/b><\/i><i><b>\u00a0in Wattpad<\/b><\/i><b>\u00a0sobre la depresi\u00f3n, el abuso y el poder del amor; lleno de pasi\u00f3n, superaci\u00f3n y giros desgarradores.<\/b><b>\u00a0Enam\u00f3rate de Charlie y Jace.<\/b><\/p>\n<p><b>Puedes querer y hacer que te quieran, pero si la persona a la que amas est\u00e1 rota por dentro, solo puedes dejarla ir. Duela lo que duela.<\/b><\/p>\n<p>Charlie Hans es una chica adolescente con un gran talento para el arte, que en los \u00faltimos a\u00f1os se ha convertido en su \u00fanico consuelo. Acosada por problemas familiares y de autoestima, se ha encerrado en s\u00ed misma y ha dejado de lado a sus amigos, hasta convertirse en la sombra de aquella joven amable y risue\u00f1a que hab\u00eda sido.<\/p>\n<p>Jace Grey lleva toda la vida enamorado de Charlie. Incluso cuando ella dej\u00f3 de hablarle sin motivo aparente, \u00e9l no tir\u00f3 la toalla, y ahora est\u00e1 m\u00e1s dispuesto que nunca a iluminar el mundo de Charlie, demostrarle que ella se lo merece todo y hacerla feliz.<\/p>\n<p>Pero&#8230; \u00bfllegar\u00e1 a tiempo para abrirle los ojos? \u00bfO ganar\u00e1 la oscuridad que est\u00e1 devorando el coraz\u00f3n de Charlie?<\/p>\n<p><b>La historia de amor m\u00e1s triste y m\u00e1s bella que ha nacido en Wattpad<\/b><\/p>\n","protected":false},"excerpt":{"rendered":"<p>Yamilet C\u00e1zares<\/p>\n<p>408 p\u00e1ginas<\/p>\n","protected":false},"featured_media":5579,"template":"","meta":{"_joinchat":[]},"product_brand":[],"product_cat":[52,70,35],"product_tag":[34,57],"class_list":{"0":"post-5578","1":"product","2":"type-product","3":"status-publish","4":"has-post-thumbnail","6":"product_cat-juvenil","7":"product_cat-novedades","8":"product_cat-romantica","9":"product_tag-penguin-random-house","10":"product_tag-wattpad","12":"first","13":"outofstock","14":"shipping-taxable","15":"purchasable","16":"product-type-simple"},"_links":{"self":[{"href":"https:\/\/libreriahistoriasdebolsillo.com\/index.php\/wp-json\/wp\/v2\/product\/5578","targetHints":{"allow":["GET"]}}],"collection":[{"href":"https:\/\/libreriahistoriasdebolsillo.com\/index.php\/wp-json\/wp\/v2\/product"}],"about":[{"href":"https:\/\/libreriahistoriasdebolsillo.com\/index.php\/wp-json\/wp\/v2\/types\/product"}],"wp:featuredmedia":[{"embeddable":true,"href":"https:\/\/libreriahistoriasdebolsillo.com\/index.php\/wp-json\/wp\/v2\/media\/5579"}],"wp:attachment":[{"href":"https:\/\/libreriahistoriasdebolsillo.com\/index.php\/wp-json\/wp\/v2\/media?parent=5578"}],"wp:term":[{"taxonomy":"product_brand","embeddable":true,"href":"https:\/\/libreriahistoriasdebolsillo.com\/index.php\/wp-json\/wp\/v2\/product_brand?post=5578"},{"taxonomy":"product_cat","embeddable":true,"href":"https:\/\/libreriahistoriasdebolsillo.com\/index.php\/wp-json\/wp\/v2\/product_cat?post=5578"},{"taxonomy":"product_tag","embeddable":true,"href":"https:\/\/libreriahistoriasdebolsillo.com\/index.php\/wp-json\/wp\/v2\/product_tag?post=5578"}],"curies":[{"name":"wp","href":"https:\/\/api.w.org\/{rel}","templated":true}]}}