{"id":5580,"date":"2024-09-10T10:47:45","date_gmt":"2024-09-10T16:47:45","guid":{"rendered":"https:\/\/libreriahistoriasdebolsillo.com\/?post_type=product&#038;p=5580"},"modified":"2025-05-13T14:53:49","modified_gmt":"2025-05-13T20:53:49","slug":"emociones-911","status":"publish","type":"product","link":"https:\/\/libreriahistoriasdebolsillo.com\/index.php\/producto\/emociones-911\/","title":{"rendered":"Emociones 911"},"content":{"rendered":"<p><b>\u00bfTe imaginas<\/b>\u00a0<b>construyendo tu<\/b>\u00a0<b>propio botiqu\u00edn<\/b>\u00a0<b>emocional?<\/b><\/p>\n<p>Uno en el que cada compartimento te brinde\u00a0<b>herramientas<\/b>\u00a0para comprender, contextualizar y manejar tus\u00a0<b>emociones<\/b>. Este libro propone un viaje de\u00a0<b>autodescubrimiento<\/b>\u00a0en el que la curiosidad ser\u00e1 tu aliada. La aventura comienza con una misteriosa llamada del 911, con una voz extra\u00f1amente familiar.<\/p>\n<p>Descubre\u00a0<b>ejercicios<\/b>\u00a0para reconocer espacios seguros, explorar tus emociones y sus manifestaciones, cuestionar tus\u00a0<b>pensamientos<\/b>\u00a0y\u00a0<b>creencias<\/b>, aprender a gestionar tus preocupaciones, conocer m\u00e1s sobre\u00a0<b>comunicaci\u00f3n asertiva<\/b>\u00a0y adquirir herramientas paraestablecer l\u00edmites; adem\u00e1s, ahonda en las respuestas sociales, la aceptaci\u00f3n, la autocompasi\u00f3n y muchas herramientas m\u00e1s.<\/p>\n","protected":false},"excerpt":{"rendered":"<p>1 minuto de psicolog\u00eda<\/p>\n<p>224 p\u00e1ginas<\/p>\n","protected":false},"featured_media":5581,"template":"","meta":{"_joinchat":[]},"product_brand":[],"product_cat":[58,41,70],"product_tag":[34],"class_list":{"0":"post-5580","1":"product","2":"type-product","3":"status-publish","4":"has-post-thumbnail","6":"product_cat-desarrollo-humano-y-superacion","7":"product_cat-desarrollo-humano","8":"product_cat-novedades","9":"product_tag-penguin-random-house","11":"first","12":"instock","13":"shipping-taxable","14":"purchasable","15":"product-type-simple"},"_links":{"self":[{"href":"https:\/\/libreriahistoriasdebolsillo.com\/index.php\/wp-json\/wp\/v2\/product\/5580","targetHints":{"allow":["GET"]}}],"collection":[{"href":"https:\/\/libreriahistoriasdebolsillo.com\/index.php\/wp-json\/wp\/v2\/product"}],"about":[{"href":"https:\/\/libreriahistoriasdebolsillo.com\/index.php\/wp-json\/wp\/v2\/types\/product"}],"wp:featuredmedia":[{"embeddable":true,"href":"https:\/\/libreriahistoriasdebolsillo.com\/index.php\/wp-json\/wp\/v2\/media\/5581"}],"wp:attachment":[{"href":"https:\/\/libreriahistoriasdebolsillo.com\/index.php\/wp-json\/wp\/v2\/media?parent=5580"}],"wp:term":[{"taxonomy":"product_brand","embeddable":true,"href":"https:\/\/libreriahistoriasdebolsillo.com\/index.php\/wp-json\/wp\/v2\/product_brand?post=5580"},{"taxonomy":"product_cat","embeddable":true,"href":"https:\/\/libreriahistoriasdebolsillo.com\/index.php\/wp-json\/wp\/v2\/product_cat?post=5580"},{"taxonomy":"product_tag","embeddable":true,"href":"https:\/\/libreriahistoriasdebolsillo.com\/index.php\/wp-json\/wp\/v2\/product_tag?post=5580"}],"curies":[{"name":"wp","href":"https:\/\/api.w.org\/{rel}","templated":true}]}}