{"id":5582,"date":"2024-09-10T10:50:00","date_gmt":"2024-09-10T16:50:00","guid":{"rendered":"https:\/\/libreriahistoriasdebolsillo.com\/?post_type=product&#038;p=5582"},"modified":"2025-01-02T18:18:29","modified_gmt":"2025-01-03T00:18:29","slug":"mujeres-que-corren-con-los-lobos-2","status":"publish","type":"product","link":"https:\/\/libreriahistoriasdebolsillo.com\/index.php\/producto\/mujeres-que-corren-con-los-lobos-2\/","title":{"rendered":"Mujeres que corren con los lobos"},"content":{"rendered":"<p><b>En este libro Est\u00e9s revela ricos mitos interculturales, cuentos de hadas e historias para contribuir a que las mujeres recuperen su fuerza y su salud.<\/b><\/p>\n<p>\u00abDentro de toda mujer, incluso de la m\u00e1s reprimida, alienta una vida secreta, una fuerza poderosa llena de buenos instintos, creatividad apasionada y sabidur\u00eda eterna. Es la mujer salvaje una especie en peligro de extinci\u00f3n que representa la esencia femenina instintiva. Aunque los regalos de la naturaleza les pertenecen desde el nacimiento, los constantes esfuerzos de la sociedad por \u00abcivilizar\u00bb a las mujeres y constre\u00f1irlas a unos roles r\u00edgidos las han dejado sordas a los dones que albergan en su interior.En mujeres que corren con los lobos, la doctora Pinkola Est\u00e9s revela ricos mitos interculturales, cuentos de hadas e historias para contribuir a que las mujeres recuperen su fuerza y su salud, atributos visionarios de esta esencia instintiva.Mediante los relatos y los comentarios examinados el amor, comprendemos a la mujer salvaje y nuestra psique m\u00e1s profunda la abraza \u00edntimamente, como alguien que contiene medicina y magia. Est\u00e9s ha creado una psicolog\u00eda femenina en su sentido m\u00e1s verdadero: el que lleva el conocimiento del alma.\u00bb<\/p>\n","protected":false},"excerpt":{"rendered":"<p>Clarissa Pinkola Est\u00e9s<\/p>\n<p>784 p\u00e1ginas<\/p>\n","protected":false},"featured_media":5583,"template":"","meta":{"_joinchat":[]},"product_brand":[],"product_cat":[58,41],"product_tag":[34],"class_list":{"0":"post-5582","1":"product","2":"type-product","3":"status-publish","4":"has-post-thumbnail","6":"product_cat-desarrollo-humano-y-superacion","7":"product_cat-desarrollo-humano","8":"product_tag-penguin-random-house","10":"first","11":"outofstock","12":"shipping-taxable","13":"purchasable","14":"product-type-simple"},"_links":{"self":[{"href":"https:\/\/libreriahistoriasdebolsillo.com\/index.php\/wp-json\/wp\/v2\/product\/5582","targetHints":{"allow":["GET"]}}],"collection":[{"href":"https:\/\/libreriahistoriasdebolsillo.com\/index.php\/wp-json\/wp\/v2\/product"}],"about":[{"href":"https:\/\/libreriahistoriasdebolsillo.com\/index.php\/wp-json\/wp\/v2\/types\/product"}],"wp:featuredmedia":[{"embeddable":true,"href":"https:\/\/libreriahistoriasdebolsillo.com\/index.php\/wp-json\/wp\/v2\/media\/5583"}],"wp:attachment":[{"href":"https:\/\/libreriahistoriasdebolsillo.com\/index.php\/wp-json\/wp\/v2\/media?parent=5582"}],"wp:term":[{"taxonomy":"product_brand","embeddable":true,"href":"https:\/\/libreriahistoriasdebolsillo.com\/index.php\/wp-json\/wp\/v2\/product_brand?post=5582"},{"taxonomy":"product_cat","embeddable":true,"href":"https:\/\/libreriahistoriasdebolsillo.com\/index.php\/wp-json\/wp\/v2\/product_cat?post=5582"},{"taxonomy":"product_tag","embeddable":true,"href":"https:\/\/libreriahistoriasdebolsillo.com\/index.php\/wp-json\/wp\/v2\/product_tag?post=5582"}],"curies":[{"name":"wp","href":"https:\/\/api.w.org\/{rel}","templated":true}]}}