{"id":5584,"date":"2024-09-10T10:51:55","date_gmt":"2024-09-10T16:51:55","guid":{"rendered":"https:\/\/libreriahistoriasdebolsillo.com\/?post_type=product&#038;p=5584"},"modified":"2025-08-11T10:08:26","modified_gmt":"2025-08-11T16:08:26","slug":"una-maldicion-sagrada","status":"publish","type":"product","link":"https:\/\/libreriahistoriasdebolsillo.com\/index.php\/producto\/una-maldicion-sagrada\/","title":{"rendered":"Una maldici\u00f3n sagrada"},"content":{"rendered":"<p><b>La primera novela Kate Dramis, una historia de fantas\u00eda que naci\u00f3<\/b>\u00a0<b>de un sue\u00f1o y se ha convertido en<\/b>\u00a0<b>uno de los romances<\/b>\u00a0<i><b>enemies to lovers<\/b><\/i><b>\u00a0favoritos de<\/b>\u00a0<b>los lectores en TikTok.<\/b><\/p>\n<p><b>Una magia olvidada.<\/b><br \/>\n<b>Una esp\u00eda destinada a perder su alma&#8230;<\/b><br \/>\n<b>Y su peor enemigo, dispuesto a reducir el mundo a cenizas para protegerla.<\/b><\/p>\n<p>Como tercera al mando y esp\u00eda de la reina de Tala, Aya ha puesto sus habilidades al servicio de la corona para mantener la magia negra alejada de su tierra. Adem\u00e1s, el pacto de sangre que hizo la obliga a proteger a sus compa\u00f1eros&#8230; incluyendo a Will, el ejecutor, mano derecha de la soberana y ac\u00e9rrimo rival de Aya.<\/p>\n<p>Cuando la oscuridad comienza a resurgir, Aya desata por instinto una fuerza olvidada cuya naturaleza la obligar\u00e1 a colaborar con Will para descubrir qui\u00e9n es ella realmente.<\/p>\n<p>Sin embargo, lo que Aya s\u00ed tiene claro es que va a convertirse en el arma m\u00e1s valiosa de una guerra terrible, y que su n\u00e9mesis es, quiz\u00e1, el \u00fanico que puede ayudarla.<\/p>\n","protected":false},"excerpt":{"rendered":"<p>Kate Dramis<\/p>\n<p>480 p\u00e1ginas<\/p>\n","protected":false},"featured_media":5585,"template":"","meta":{"_joinchat":[]},"product_brand":[],"product_cat":[39,70,76],"product_tag":[34],"class_list":{"0":"post-5584","1":"product","2":"type-product","3":"status-publish","4":"has-post-thumbnail","6":"product_cat-fantasia","7":"product_cat-novedades","8":"product_cat-romantasy","9":"product_tag-penguin-random-house","11":"first","12":"outofstock","13":"shipping-taxable","14":"purchasable","15":"product-type-simple"},"_links":{"self":[{"href":"https:\/\/libreriahistoriasdebolsillo.com\/index.php\/wp-json\/wp\/v2\/product\/5584","targetHints":{"allow":["GET"]}}],"collection":[{"href":"https:\/\/libreriahistoriasdebolsillo.com\/index.php\/wp-json\/wp\/v2\/product"}],"about":[{"href":"https:\/\/libreriahistoriasdebolsillo.com\/index.php\/wp-json\/wp\/v2\/types\/product"}],"wp:featuredmedia":[{"embeddable":true,"href":"https:\/\/libreriahistoriasdebolsillo.com\/index.php\/wp-json\/wp\/v2\/media\/5585"}],"wp:attachment":[{"href":"https:\/\/libreriahistoriasdebolsillo.com\/index.php\/wp-json\/wp\/v2\/media?parent=5584"}],"wp:term":[{"taxonomy":"product_brand","embeddable":true,"href":"https:\/\/libreriahistoriasdebolsillo.com\/index.php\/wp-json\/wp\/v2\/product_brand?post=5584"},{"taxonomy":"product_cat","embeddable":true,"href":"https:\/\/libreriahistoriasdebolsillo.com\/index.php\/wp-json\/wp\/v2\/product_cat?post=5584"},{"taxonomy":"product_tag","embeddable":true,"href":"https:\/\/libreriahistoriasdebolsillo.com\/index.php\/wp-json\/wp\/v2\/product_tag?post=5584"}],"curies":[{"name":"wp","href":"https:\/\/api.w.org\/{rel}","templated":true}]}}