{"id":5586,"date":"2024-09-10T10:54:07","date_gmt":"2024-09-10T16:54:07","guid":{"rendered":"https:\/\/libreriahistoriasdebolsillo.com\/?post_type=product&#038;p=5586"},"modified":"2025-01-13T16:52:48","modified_gmt":"2025-01-13T22:52:48","slug":"instrucciones-para","status":"publish","type":"product","link":"https:\/\/libreriahistoriasdebolsillo.com\/index.php\/producto\/instrucciones-para\/","title":{"rendered":"Instrucciones para&#8230;"},"content":{"rendered":"<p><b>PARA LLEVAR A CABO CUALQUIER TAREA, SIEMPRE HABR\u00c1 UNA FORMA CORRECTA, UNA EQUIVOCADA\u2026 Y UNA TAN COMPLEJA, EXCESIVA Y DESACONSEJABLE QUE A NADIE SE LE PASAR\u00cdA NUNCA POR LA CABEZA&#8230;<\/b><\/p>\n<p><i><b>Instrucciones para\u2026<\/b><\/i>\u00a0es la gu\u00eda ideal de este tercer tipo de enfoques. Y est\u00e1 repleta de sugerencias casi impracticables para\u00a0<b>resolver<\/b>\u00a0cualquier reto que se nos ocurra, desde hacer aterrizar un<b>\u00a0avi\u00f3n<\/b>\u00a0hasta cavar un\u00a0<b>agujero<\/b>.<\/p>\n<p><b>Randall Munroe<\/b>, autor bestseller y dibujante, nos explica en este libro c\u00f3mo predecir qu\u00e9 tiempo va a hacer analizando los p\u00edxeles de nuestras fotos de\u00a0<b>Facebook<\/b>. Nos ense\u00f1a c\u00f3mo saber a qu\u00e9 generaci\u00f3n pertenecemos midiendo la\u00a0<b>radioactividad<\/b>\u00a0de nuestros dientes. Nos da consejos sobre c\u00f3mo\u00a0<b>hacernos selfis<\/b>\u00a0con un telescopio, c\u00f3mo hervir un r\u00edo para poder atravesarlo o c\u00f3mo suministrar energ\u00eda a nuestra vivienda destruyendo el tejido\u00a0<b>espacio-temporal<\/b>\u2026 Y, en caso de que nos quisi\u00e9ramos deshacer de este libro una vez que lo hayamos le\u00eddo, incluso nos ense\u00f1a c\u00f3mo\u00a0<b>desecharlo adecuadamente<\/b>, ya sea elimin\u00e1ndolo en el oc\u00e9ano, convirti\u00e9ndolo en vapor, usando las placas tect\u00f3nicas para fundirlo en el manto terrestre o lanz\u00e1ndolo contra el Sol.<\/p>\n<p>Pero Munroe no solo estudia las formas m\u00e1s complejas de realizar las tareas m\u00e1s sencillas para complicarnos la vida. Como ya hizo de un modo brillante en\u00a0<b>\u00bfQu\u00e9 pasar\u00eda si\u2026?,<\/b>\u00a0el autor nos invita a explorar los l\u00edmites m\u00e1s absurdos de lo posible. Repleto dedivertidas ilustraciones, Instrucciones para\u2026 es una manera alucinante de comprender mejor la ciencia y la tecnolog\u00eda que hay detr\u00e1s de nuestras acciones cotidianas.<\/p>\n","protected":false},"excerpt":{"rendered":"<p>Randall Munroe<\/p>\n<p>320 p\u00e1ginas<\/p>\n","protected":false},"featured_media":5587,"template":"","meta":{"_joinchat":[]},"product_brand":[],"product_cat":[41,70],"product_tag":[34],"class_list":{"0":"post-5586","1":"product","2":"type-product","3":"status-publish","4":"has-post-thumbnail","6":"product_cat-desarrollo-humano","7":"product_cat-novedades","8":"product_tag-penguin-random-house","10":"first","11":"outofstock","12":"shipping-taxable","13":"purchasable","14":"product-type-simple"},"_links":{"self":[{"href":"https:\/\/libreriahistoriasdebolsillo.com\/index.php\/wp-json\/wp\/v2\/product\/5586","targetHints":{"allow":["GET"]}}],"collection":[{"href":"https:\/\/libreriahistoriasdebolsillo.com\/index.php\/wp-json\/wp\/v2\/product"}],"about":[{"href":"https:\/\/libreriahistoriasdebolsillo.com\/index.php\/wp-json\/wp\/v2\/types\/product"}],"wp:featuredmedia":[{"embeddable":true,"href":"https:\/\/libreriahistoriasdebolsillo.com\/index.php\/wp-json\/wp\/v2\/media\/5587"}],"wp:attachment":[{"href":"https:\/\/libreriahistoriasdebolsillo.com\/index.php\/wp-json\/wp\/v2\/media?parent=5586"}],"wp:term":[{"taxonomy":"product_brand","embeddable":true,"href":"https:\/\/libreriahistoriasdebolsillo.com\/index.php\/wp-json\/wp\/v2\/product_brand?post=5586"},{"taxonomy":"product_cat","embeddable":true,"href":"https:\/\/libreriahistoriasdebolsillo.com\/index.php\/wp-json\/wp\/v2\/product_cat?post=5586"},{"taxonomy":"product_tag","embeddable":true,"href":"https:\/\/libreriahistoriasdebolsillo.com\/index.php\/wp-json\/wp\/v2\/product_tag?post=5586"}],"curies":[{"name":"wp","href":"https:\/\/api.w.org\/{rel}","templated":true}]}}