{"id":5591,"date":"2024-09-13T11:33:39","date_gmt":"2024-09-13T17:33:39","guid":{"rendered":"https:\/\/libreriahistoriasdebolsillo.com\/?post_type=product&#038;p=5591"},"modified":"2025-06-14T12:34:22","modified_gmt":"2025-06-14T18:34:22","slug":"novia","status":"publish","type":"product","link":"https:\/\/libreriahistoriasdebolsillo.com\/index.php\/producto\/novia\/","title":{"rendered":"Novia (Tapa dura)"},"content":{"rendered":"<p>Una peligrosa alianza entre una novia vampira y un lic\u00e1ntropo alfa da lugar a una historia de amor tan intensa como para querer hincarle el diente.<\/p>\n<p>Misery Lark, la \u00fanica hija del consejero vamp\u00edrico m\u00e1s poderoso del suroeste, es, de nuevo, una marginada. Los d\u00edas de anonimato entre los humanos se le han acabado: su padre recurre a ella para poder llevar a cabo una alianza de paz hist\u00f3rica entre los vampiros y sus enemigos mortales, los lic\u00e1ntropos, por lo que no le queda m\u00e1s remedio que resignarse al intercambio. Otra vez&#8230;<\/p>\n<p>Los lic\u00e1ntropos son despiadados e impredecibles, y su alfa, Lowe Moreland, no es la excepci\u00f3n. Lidera a su manada con total autoridad, pero siempre de forma justa y, a diferencia del consejo vamp\u00edrico, con compasi\u00f3n. Por el modo en que no pierde de vista a Misery, est\u00e1 claro que no se f\u00eda de ella. Y bien que hace&#8230;<\/p>\n<p>Porque Misery tiene sus motivos para haber accedido a ese matrimonio de conveniencia, motivos que nada tienen que ver con la pol\u00edtica ni con ninguna alianza, sino con lo \u00fanico que le ha importado en la vida. Y est\u00e1 dispuesta a hacer lo que haga falta para recuperar lo que ha perdido, incluso si para ello debe vivir a solas en territorio lic\u00e1ntropo; a solas con el lobo.<\/p>\n","protected":false},"excerpt":{"rendered":"<p>Ali Hazelwood<\/p>\n<p>432 p\u00e1ginas<\/p>\n","protected":false},"featured_media":5592,"template":"","meta":{"_joinchat":[]},"product_brand":[],"product_cat":[70,76],"product_tag":[80],"class_list":{"0":"post-5591","1":"product","2":"type-product","3":"status-publish","4":"has-post-thumbnail","6":"product_cat-novedades","7":"product_cat-romantasy","8":"product_tag-larousse","10":"first","11":"outofstock","12":"shipping-taxable","13":"purchasable","14":"product-type-simple"},"_links":{"self":[{"href":"https:\/\/libreriahistoriasdebolsillo.com\/index.php\/wp-json\/wp\/v2\/product\/5591","targetHints":{"allow":["GET"]}}],"collection":[{"href":"https:\/\/libreriahistoriasdebolsillo.com\/index.php\/wp-json\/wp\/v2\/product"}],"about":[{"href":"https:\/\/libreriahistoriasdebolsillo.com\/index.php\/wp-json\/wp\/v2\/types\/product"}],"wp:featuredmedia":[{"embeddable":true,"href":"https:\/\/libreriahistoriasdebolsillo.com\/index.php\/wp-json\/wp\/v2\/media\/5592"}],"wp:attachment":[{"href":"https:\/\/libreriahistoriasdebolsillo.com\/index.php\/wp-json\/wp\/v2\/media?parent=5591"}],"wp:term":[{"taxonomy":"product_brand","embeddable":true,"href":"https:\/\/libreriahistoriasdebolsillo.com\/index.php\/wp-json\/wp\/v2\/product_brand?post=5591"},{"taxonomy":"product_cat","embeddable":true,"href":"https:\/\/libreriahistoriasdebolsillo.com\/index.php\/wp-json\/wp\/v2\/product_cat?post=5591"},{"taxonomy":"product_tag","embeddable":true,"href":"https:\/\/libreriahistoriasdebolsillo.com\/index.php\/wp-json\/wp\/v2\/product_tag?post=5591"}],"curies":[{"name":"wp","href":"https:\/\/api.w.org\/{rel}","templated":true}]}}