{"id":5593,"date":"2024-09-13T13:55:18","date_gmt":"2024-09-13T19:55:18","guid":{"rendered":"https:\/\/libreriahistoriasdebolsillo.com\/?post_type=product&#038;p=5593"},"modified":"2026-02-04T14:49:30","modified_gmt":"2026-02-04T20:49:30","slug":"las-4-virtudes-estoicas-1-la-llamada-del-coraje","status":"publish","type":"product","link":"https:\/\/libreriahistoriasdebolsillo.com\/index.php\/producto\/las-4-virtudes-estoicas-1-la-llamada-del-coraje\/","title":{"rendered":"Las 4 virtudes estoicas 1. La llamada del coraje"},"content":{"rendered":"<p><b>LA LLAMADA DEL CORAJE NOS LLEGA A CADA UNO DE NOSOTROS UNA VEZ EN LA VIDA. SI NO RESPONDES T\u00da, \u00bfQUI\u00c9N LO HAR\u00c1? SI NO ES AHORA, \u00bfCU\u00c1NDO?<\/b><\/p>\n<p>Nada es posible sin la virtud del coraje. Desde los antiguos\u00a0<b>espartano<\/b>s hasta el\u00a0<b>Movimiento por los derechos civiles<\/b>; desde cient\u00edficos pioneros hasta empresarios innovadores, o desde\u00a0<b>Charles de Gaulle<\/b>\u00a0hasta\u00a0<b>Florence Nightingale<\/b>, los grandes l\u00edderes han pasado a la historia por los riesgos que se atrevieron a asumir. Sin embargo, hoy somos muchos los que nos vemos paralizados por el miedo.<\/p>\n<p>En este primer libro de una serie sobre las virtudes cardinales del estoicismo,\u00a0<b>Ryan Holiday<\/b>\u00a0nos ense\u00f1a por qu\u00e9 el coraje es tan importante y c\u00f3mo cultivarlo en la vida diaria.<\/p>\n<p>A partir de las acciones de quienes han respondido a la llamada del destino, el autor nos muestra de qu\u00e9 manera podemos dar un paso adelante incluso cuando los dem\u00e1s dan un paso atr\u00e1s. Porque tener coraje es mucho m\u00e1s que lanzarse al combate. Tener coraje es hacer lo correcto, enfrentarse a las convenciones y defender las propias creencias; es creatividad, generosidad y perseverancia. Y es la \u00fanica forma de vivir una vida plena, extraordinaria y efectiva.<\/p>\n<p>Todo en la vida empieza con el coraje. Y este libro te dotar\u00e1 de la valent\u00eda necesaria para dar el primer paso.<\/p>\n","protected":false},"excerpt":{"rendered":"<p>Ryan Holiday<\/p>\n<p>304 p\u00e1ginas<\/p>\n","protected":false},"featured_media":5594,"template":"","meta":{"_joinchat":[]},"product_brand":[],"product_cat":[41],"product_tag":[34],"class_list":{"0":"post-5593","1":"product","2":"type-product","3":"status-publish","4":"has-post-thumbnail","6":"product_cat-desarrollo-humano","7":"product_tag-penguin-random-house","9":"first","10":"instock","11":"shipping-taxable","12":"purchasable","13":"product-type-simple"},"_links":{"self":[{"href":"https:\/\/libreriahistoriasdebolsillo.com\/index.php\/wp-json\/wp\/v2\/product\/5593","targetHints":{"allow":["GET"]}}],"collection":[{"href":"https:\/\/libreriahistoriasdebolsillo.com\/index.php\/wp-json\/wp\/v2\/product"}],"about":[{"href":"https:\/\/libreriahistoriasdebolsillo.com\/index.php\/wp-json\/wp\/v2\/types\/product"}],"wp:featuredmedia":[{"embeddable":true,"href":"https:\/\/libreriahistoriasdebolsillo.com\/index.php\/wp-json\/wp\/v2\/media\/5594"}],"wp:attachment":[{"href":"https:\/\/libreriahistoriasdebolsillo.com\/index.php\/wp-json\/wp\/v2\/media?parent=5593"}],"wp:term":[{"taxonomy":"product_brand","embeddable":true,"href":"https:\/\/libreriahistoriasdebolsillo.com\/index.php\/wp-json\/wp\/v2\/product_brand?post=5593"},{"taxonomy":"product_cat","embeddable":true,"href":"https:\/\/libreriahistoriasdebolsillo.com\/index.php\/wp-json\/wp\/v2\/product_cat?post=5593"},{"taxonomy":"product_tag","embeddable":true,"href":"https:\/\/libreriahistoriasdebolsillo.com\/index.php\/wp-json\/wp\/v2\/product_tag?post=5593"}],"curies":[{"name":"wp","href":"https:\/\/api.w.org\/{rel}","templated":true}]}}