{"id":5596,"date":"2024-09-13T14:09:27","date_gmt":"2024-09-13T20:09:27","guid":{"rendered":"https:\/\/libreriahistoriasdebolsillo.com\/?post_type=product&#038;p=5596"},"modified":"2025-06-16T11:00:46","modified_gmt":"2025-06-16T17:00:46","slug":"antes-de-que-se-enfrie-el-cafe-2-la-felicidad-cabe-en-una-taza-de-cafe","status":"publish","type":"product","link":"https:\/\/libreriahistoriasdebolsillo.com\/index.php\/producto\/antes-de-que-se-enfrie-el-cafe-2-la-felicidad-cabe-en-una-taza-de-cafe\/","title":{"rendered":"Antes de que se enfr\u00ede el caf\u00e9 2. La felicidad cabe en una taza de caf\u00e9"},"content":{"rendered":"<p><b>Llega una nueva delicia con sabor japon\u00e9s del autor de\u00a0<\/b><i><b>Antes de que se enfr\u00ede el caf\u00e9<\/b><\/i><b>, la novela que ya ha conquistado a m\u00e1s de tres millones de lectores en todo el mundo.<\/b><\/p>\n<p><b>Un fen\u00f3meno esperanzador sobre los arrepentimientos del pasado, la promesa del futuro y el incre\u00edble regalo que es el presente.<\/b><\/p>\n<p align=\"JUSTIFY\">Dicen que en la cafeter\u00eda Funikuri Funikura hay una mesa en la que puedes sentarte, pedir un caf\u00e9 y viajar al pasado durante el tiempo que tarda este en enfriarse.<\/p>\n<p align=\"JUSTIFY\">Bajo la atenta mirada de la encantadora camarera Kazu, los clientes del caf\u00e9 se enfrentar\u00e1n a los momentos m\u00e1s importantes de sus vidas y descubrir\u00e1n que la felicidad consiste en saber perdonarse a uno mismo.<\/p>\n<p align=\"JUSTIFY\">Con un tono delicado y una cuidada atm\u00f3sfera, Kawaguchi nos relata cuatro historias de redenci\u00f3n y esperanza llenas de personajes inolvidables, tiernos, contradictorios y sorprendentes que ya habitan en el coraz\u00f3n de multitud de lectores.<\/p>\n","protected":false},"excerpt":{"rendered":"<p>Toshikazu Kawaguchi<\/p>\n<p>240 p\u00e1ginas<\/p>\n","protected":false},"featured_media":5597,"template":"","meta":{"_joinchat":[]},"product_brand":[],"product_cat":[33],"product_tag":[34],"class_list":{"0":"post-5596","1":"product","2":"type-product","3":"status-publish","4":"has-post-thumbnail","6":"product_cat-ficcion-general","7":"product_tag-penguin-random-house","9":"first","10":"outofstock","11":"shipping-taxable","12":"purchasable","13":"product-type-simple"},"_links":{"self":[{"href":"https:\/\/libreriahistoriasdebolsillo.com\/index.php\/wp-json\/wp\/v2\/product\/5596","targetHints":{"allow":["GET"]}}],"collection":[{"href":"https:\/\/libreriahistoriasdebolsillo.com\/index.php\/wp-json\/wp\/v2\/product"}],"about":[{"href":"https:\/\/libreriahistoriasdebolsillo.com\/index.php\/wp-json\/wp\/v2\/types\/product"}],"wp:featuredmedia":[{"embeddable":true,"href":"https:\/\/libreriahistoriasdebolsillo.com\/index.php\/wp-json\/wp\/v2\/media\/5597"}],"wp:attachment":[{"href":"https:\/\/libreriahistoriasdebolsillo.com\/index.php\/wp-json\/wp\/v2\/media?parent=5596"}],"wp:term":[{"taxonomy":"product_brand","embeddable":true,"href":"https:\/\/libreriahistoriasdebolsillo.com\/index.php\/wp-json\/wp\/v2\/product_brand?post=5596"},{"taxonomy":"product_cat","embeddable":true,"href":"https:\/\/libreriahistoriasdebolsillo.com\/index.php\/wp-json\/wp\/v2\/product_cat?post=5596"},{"taxonomy":"product_tag","embeddable":true,"href":"https:\/\/libreriahistoriasdebolsillo.com\/index.php\/wp-json\/wp\/v2\/product_tag?post=5596"}],"curies":[{"name":"wp","href":"https:\/\/api.w.org\/{rel}","templated":true}]}}