{"id":5598,"date":"2024-09-13T14:16:10","date_gmt":"2024-09-13T20:16:10","guid":{"rendered":"https:\/\/libreriahistoriasdebolsillo.com\/?post_type=product&#038;p=5598"},"modified":"2026-03-10T14:41:27","modified_gmt":"2026-03-10T20:41:27","slug":"los-chicos-de-tommen-3-saving-6","status":"publish","type":"product","link":"https:\/\/libreriahistoriasdebolsillo.com\/index.php\/producto\/los-chicos-de-tommen-3-saving-6\/","title":{"rendered":"Los chicos de Tommen 3. Saving 6"},"content":{"rendered":"<p><b>\u00c9l est\u00e1 perdido. <\/b><b>Ella podr\u00eda convertirse en el hogar que nunca tuvo&#8230;<\/b><\/p>\n<p>Joey Lynch lleva toda la vida recogiendo los\u00a0<b>pedazos<\/b>\u00a0de una familia en descomposici\u00f3n. Cuando su hermano mayor,\u00a0<b>Darren<\/b>, abandona la ciudad, Joey se ve obligado a asumir el papel de\u00a0<b>protector<\/b>\u00a0de su madre y sus hermanos peque\u00f1os.\u00a0<b>Atormentado<\/b>\u00a0por su odio hacia s\u00ed mismo y furioso con el mundo, avanza hacia una vida de adicci\u00f3n que amenaza con engullirlo por completo. La \u00fanica luz en ese mar de oscuridad es la\u00a0<b>hija de su jefe<\/b>, una chica que nunca se echa atr\u00e1s y que da la casualidad de que va a su clase.<\/p>\n<p><b>Aoife<\/b>\u00a0<b>Molloy<\/b>\u00a0nunca ha pecado de t\u00edmida. Su optimismo y su\u00a0<b>seguridad<\/b>\u00a0en s\u00ed misma siempre han sido sus mejores aliados. Hasta que el primer d\u00eda de preparatoria conoce a un chico de temperamento impulsivo que despierta en ella una curiosidad abrasadora.<\/p>\n<p>Tras entablar una complicada amistad con el aprendiz de su padre, Aoife intentadesentra\u00f1ar los secretos que rodean la vida de Joey Lynch, mientras que \u00e9l lucha desesperadamente por mantenerla al\u00a0<b>margen<\/b>.<\/p>\n","protected":false},"excerpt":{"rendered":"<p>Chloe Walsh<\/p>\n<p>560 p\u00e1ginas<\/p>\n","protected":false},"featured_media":5599,"template":"","meta":{"_joinchat":[]},"product_brand":[],"product_cat":[52,70,35],"product_tag":[34],"class_list":{"0":"post-5598","1":"product","2":"type-product","3":"status-publish","4":"has-post-thumbnail","6":"product_cat-juvenil","7":"product_cat-novedades","8":"product_cat-romantica","9":"product_tag-penguin-random-house","11":"first","12":"outofstock","13":"shipping-taxable","14":"purchasable","15":"product-type-simple"},"_links":{"self":[{"href":"https:\/\/libreriahistoriasdebolsillo.com\/index.php\/wp-json\/wp\/v2\/product\/5598","targetHints":{"allow":["GET"]}}],"collection":[{"href":"https:\/\/libreriahistoriasdebolsillo.com\/index.php\/wp-json\/wp\/v2\/product"}],"about":[{"href":"https:\/\/libreriahistoriasdebolsillo.com\/index.php\/wp-json\/wp\/v2\/types\/product"}],"wp:featuredmedia":[{"embeddable":true,"href":"https:\/\/libreriahistoriasdebolsillo.com\/index.php\/wp-json\/wp\/v2\/media\/5599"}],"wp:attachment":[{"href":"https:\/\/libreriahistoriasdebolsillo.com\/index.php\/wp-json\/wp\/v2\/media?parent=5598"}],"wp:term":[{"taxonomy":"product_brand","embeddable":true,"href":"https:\/\/libreriahistoriasdebolsillo.com\/index.php\/wp-json\/wp\/v2\/product_brand?post=5598"},{"taxonomy":"product_cat","embeddable":true,"href":"https:\/\/libreriahistoriasdebolsillo.com\/index.php\/wp-json\/wp\/v2\/product_cat?post=5598"},{"taxonomy":"product_tag","embeddable":true,"href":"https:\/\/libreriahistoriasdebolsillo.com\/index.php\/wp-json\/wp\/v2\/product_tag?post=5598"}],"curies":[{"name":"wp","href":"https:\/\/api.w.org\/{rel}","templated":true}]}}