{"id":5600,"date":"2024-09-13T14:24:16","date_gmt":"2024-09-13T20:24:16","guid":{"rendered":"https:\/\/libreriahistoriasdebolsillo.com\/?post_type=product&#038;p=5600"},"modified":"2025-12-20T13:27:25","modified_gmt":"2025-12-20T19:27:25","slug":"crystal-bloom-2-un-tallo-plateado-y-roto","status":"publish","type":"product","link":"https:\/\/libreriahistoriasdebolsillo.com\/index.php\/producto\/crystal-bloom-2-un-tallo-plateado-y-roto\/","title":{"rendered":"Crystal Bloom 2. Un tallo plateado y roto"},"content":{"rendered":"<p><b>La explosiva secuela de<\/b>\u00a0<i><b>Un p\u00e9talo de sangre y cristal<\/b><\/i><b>, una<\/b>\u00a0<b>serie de fantas\u00eda oscura<\/b>\u00a0<b>de la pluma de Sarah A. Parker, la autora de<\/b>\u00a0<b>romantasy<\/b>\u00a0<b>que ha embrujado a las lectoras internacionales. Una historia llena de pasi\u00f3n, secretos y<\/b>\u00a0<b>peligrosa magia.<\/b><\/p>\n<p>Antes mi mundo era peque\u00f1o y seguro, pero todo cambi\u00f3 cuando me un\u00ed a un hombre al que apenas conoc\u00eda. Sumida en intrigas pol\u00edticas, debo asegurar una flota para combatir la invasi\u00f3n de bestias salvajes que ha tomado el continente. Y un paso en falso provocar\u00e1 la guerra que tanto he luchado por evitar.<\/p>\n<p>Interpretar\u00e9 mi papel a la perfecci\u00f3n y con mi mejor sonrisa, bajo el escrutinio de los que me rodean, incluso mientras Rhordyn busca una fisura en mi coraza de hielo. No se rinde. No se esconde. \u00bfPor qu\u00e9 me mira ahora, cuando tengo que escond\u00e9rselo todo?<\/p>\n<p>Los secretos germinan, las verdades florecen y m\u00e1s de uno de nosotros acabar\u00e1 hecho pedazos.<\/p>\n<p>Antes el miedo era mi captor. Ahora, en cambio, es mi prisionero.<\/p>\n","protected":false},"excerpt":{"rendered":"<p>Sarah A. Parker<\/p>\n<p>528 p\u00e1ginas<\/p>\n","protected":false},"featured_media":5601,"template":"","meta":{"_joinchat":[]},"product_brand":[],"product_cat":[70,76],"product_tag":[34],"class_list":{"0":"post-5600","1":"product","2":"type-product","3":"status-publish","4":"has-post-thumbnail","6":"product_cat-novedades","7":"product_cat-romantasy","8":"product_tag-penguin-random-house","10":"first","11":"outofstock","12":"shipping-taxable","13":"purchasable","14":"product-type-simple"},"_links":{"self":[{"href":"https:\/\/libreriahistoriasdebolsillo.com\/index.php\/wp-json\/wp\/v2\/product\/5600","targetHints":{"allow":["GET"]}}],"collection":[{"href":"https:\/\/libreriahistoriasdebolsillo.com\/index.php\/wp-json\/wp\/v2\/product"}],"about":[{"href":"https:\/\/libreriahistoriasdebolsillo.com\/index.php\/wp-json\/wp\/v2\/types\/product"}],"wp:featuredmedia":[{"embeddable":true,"href":"https:\/\/libreriahistoriasdebolsillo.com\/index.php\/wp-json\/wp\/v2\/media\/5601"}],"wp:attachment":[{"href":"https:\/\/libreriahistoriasdebolsillo.com\/index.php\/wp-json\/wp\/v2\/media?parent=5600"}],"wp:term":[{"taxonomy":"product_brand","embeddable":true,"href":"https:\/\/libreriahistoriasdebolsillo.com\/index.php\/wp-json\/wp\/v2\/product_brand?post=5600"},{"taxonomy":"product_cat","embeddable":true,"href":"https:\/\/libreriahistoriasdebolsillo.com\/index.php\/wp-json\/wp\/v2\/product_cat?post=5600"},{"taxonomy":"product_tag","embeddable":true,"href":"https:\/\/libreriahistoriasdebolsillo.com\/index.php\/wp-json\/wp\/v2\/product_tag?post=5600"}],"curies":[{"name":"wp","href":"https:\/\/api.w.org\/{rel}","templated":true}]}}