{"id":5602,"date":"2024-09-13T14:27:45","date_gmt":"2024-09-13T20:27:45","guid":{"rendered":"https:\/\/libreriahistoriasdebolsillo.com\/?post_type=product&#038;p=5602"},"modified":"2025-08-25T09:42:57","modified_gmt":"2025-08-25T15:42:57","slug":"crimson-moth-1","status":"publish","type":"product","link":"https:\/\/libreriahistoriasdebolsillo.com\/index.php\/producto\/crimson-moth-1\/","title":{"rendered":"Crimson moth 1"},"content":{"rendered":"<p><b>La nueva saga de fantas\u00eda rom\u00e1ntica que har\u00e1 las delicias de los fans de Sarah J.<\/b>\u00a0<b>Maas y Jennifer L.<\/b>\u00a0<b>Armentrout: ella es una bruja, una de las \u00faltimas de su linaje, y \u00e9l, un cazador de brujas, su enemigo m\u00e1s mort\u00edfero. Un<\/b>\u00a0<i><b>enemies<\/b><\/i>\u00a0<i><b>to<\/b><\/i>\u00a0<i><b>lovers<\/b><\/i><b>\u00a0en un mundo de fantas\u00eda<\/b>\u00a0<i><b>steampunk<\/b><\/i><b>\u00a0que no podr\u00e1s dejar de leer.<\/b><\/p>\n<p>La noche en la que la vida de Rune cambi\u00f3 para siempre, la sangre corr\u00eda por las calles. Ahora, tras una revoluci\u00f3n devastadora, las brujas se han convertido en criminales perseguidas.<\/p>\n<p>Durante el d\u00eda finge no ser m\u00e1s que una joven superficial de la alta sociedad, pero por la noche es la Polilla Carmes\u00ed, una bruja justiciera que salva a las suyas de la purga. Cuando la vida de la \u00fanica familia que le queda se pone en peligro, decide conseguir la informaci\u00f3n confidencial que tan desesperadamente necesita cortejando al apuesto Gideon Sharpe, un cazador famoso, implacable y leal a la revoluci\u00f3n.<\/p>\n<p>Gideon desprecia la superficialidad y los lujos que Rune representa, pero, cuanto m\u00e1s la conoce, m\u00e1s atra\u00eddo se siente por ella. Los dos comienzan un peligroso baile en el que cualquier paso en falso podr\u00eda ser mortal.<\/p>\n<p>\u00bfY si Gideon descubre que Rune es la villana a la que lleva dos a\u00f1os persiguiendo?<\/p>\n","protected":false},"excerpt":{"rendered":"<p>Kristen Ciccarelli<\/p>\n<p>432 p\u00e1ginas<\/p>\n","protected":false},"featured_media":5603,"template":"","meta":{"_joinchat":[]},"product_brand":[],"product_cat":[70,76],"product_tag":[34],"class_list":{"0":"post-5602","1":"product","2":"type-product","3":"status-publish","4":"has-post-thumbnail","6":"product_cat-novedades","7":"product_cat-romantasy","8":"product_tag-penguin-random-house","10":"first","11":"outofstock","12":"shipping-taxable","13":"purchasable","14":"product-type-simple"},"_links":{"self":[{"href":"https:\/\/libreriahistoriasdebolsillo.com\/index.php\/wp-json\/wp\/v2\/product\/5602","targetHints":{"allow":["GET"]}}],"collection":[{"href":"https:\/\/libreriahistoriasdebolsillo.com\/index.php\/wp-json\/wp\/v2\/product"}],"about":[{"href":"https:\/\/libreriahistoriasdebolsillo.com\/index.php\/wp-json\/wp\/v2\/types\/product"}],"wp:featuredmedia":[{"embeddable":true,"href":"https:\/\/libreriahistoriasdebolsillo.com\/index.php\/wp-json\/wp\/v2\/media\/5603"}],"wp:attachment":[{"href":"https:\/\/libreriahistoriasdebolsillo.com\/index.php\/wp-json\/wp\/v2\/media?parent=5602"}],"wp:term":[{"taxonomy":"product_brand","embeddable":true,"href":"https:\/\/libreriahistoriasdebolsillo.com\/index.php\/wp-json\/wp\/v2\/product_brand?post=5602"},{"taxonomy":"product_cat","embeddable":true,"href":"https:\/\/libreriahistoriasdebolsillo.com\/index.php\/wp-json\/wp\/v2\/product_cat?post=5602"},{"taxonomy":"product_tag","embeddable":true,"href":"https:\/\/libreriahistoriasdebolsillo.com\/index.php\/wp-json\/wp\/v2\/product_tag?post=5602"}],"curies":[{"name":"wp","href":"https:\/\/api.w.org\/{rel}","templated":true}]}}