{"id":5604,"date":"2024-09-13T14:34:49","date_gmt":"2024-09-13T20:34:49","guid":{"rendered":"https:\/\/libreriahistoriasdebolsillo.com\/?post_type=product&#038;p=5604"},"modified":"2025-01-13T16:53:23","modified_gmt":"2025-01-13T22:53:23","slug":"diccionario-del-diablo","status":"publish","type":"product","link":"https:\/\/libreriahistoriasdebolsillo.com\/index.php\/producto\/diccionario-del-diablo\/","title":{"rendered":"Diccionario del diablo"},"content":{"rendered":"<p><b>Este diccionario de fallas morales, construido a lo largo de m\u00e1s de treinta a\u00f1os, lleva hasta el extremo la filosof\u00eda c\u00ednico-humor\u00edstica que Bierce profes\u00f3 de joven.<\/b><\/p>\n<p>Este es el cat\u00e1logo de fallas morales que corroen a los seres humanos, por el que desfilan ejemplos de\u00a0<b>inmoralidad<\/b>, egoman\u00eda, estupidez, intolerancia, lascivia, gula, pereza, cobard\u00eda y envidia.<\/p>\n<p><b>C\u00ednico<\/b>\u00a0<i>adj<\/i>. Canalla que, por un defecto ocular, ve las cosas como son y no como deber\u00edan ser.<\/p>\n<p><b>Diablo\u00a0<\/b><i>s<\/i>. El autor de todas las desgracias y propietario de todas las cosas buenas de este mundo. Lo cre\u00f3 el Todopoderoso, pero lo trajo al mundo una mujer.<\/p>\n<p><b>Diccionario\u00a0<\/b><i>s.<\/i>\u00a0Mal\u00e9volo recurso literario para entorpecer el desarrollo de un idioma y darle dureza y rigidez. Sin embargo, este diccionario es una obra extremadamente \u00fatil.<\/p>\n","protected":false},"excerpt":{"rendered":"<p>Ambrose Bierce<\/p>\n<p>144 p\u00e1ginas<\/p>\n","protected":false},"featured_media":5605,"template":"","meta":{"_joinchat":[]},"product_brand":[],"product_cat":[41,70],"product_tag":[34],"class_list":{"0":"post-5604","1":"product","2":"type-product","3":"status-publish","4":"has-post-thumbnail","6":"product_cat-desarrollo-humano","7":"product_cat-novedades","8":"product_tag-penguin-random-house","10":"first","11":"outofstock","12":"shipping-taxable","13":"purchasable","14":"product-type-simple"},"_links":{"self":[{"href":"https:\/\/libreriahistoriasdebolsillo.com\/index.php\/wp-json\/wp\/v2\/product\/5604","targetHints":{"allow":["GET"]}}],"collection":[{"href":"https:\/\/libreriahistoriasdebolsillo.com\/index.php\/wp-json\/wp\/v2\/product"}],"about":[{"href":"https:\/\/libreriahistoriasdebolsillo.com\/index.php\/wp-json\/wp\/v2\/types\/product"}],"wp:featuredmedia":[{"embeddable":true,"href":"https:\/\/libreriahistoriasdebolsillo.com\/index.php\/wp-json\/wp\/v2\/media\/5605"}],"wp:attachment":[{"href":"https:\/\/libreriahistoriasdebolsillo.com\/index.php\/wp-json\/wp\/v2\/media?parent=5604"}],"wp:term":[{"taxonomy":"product_brand","embeddable":true,"href":"https:\/\/libreriahistoriasdebolsillo.com\/index.php\/wp-json\/wp\/v2\/product_brand?post=5604"},{"taxonomy":"product_cat","embeddable":true,"href":"https:\/\/libreriahistoriasdebolsillo.com\/index.php\/wp-json\/wp\/v2\/product_cat?post=5604"},{"taxonomy":"product_tag","embeddable":true,"href":"https:\/\/libreriahistoriasdebolsillo.com\/index.php\/wp-json\/wp\/v2\/product_tag?post=5604"}],"curies":[{"name":"wp","href":"https:\/\/api.w.org\/{rel}","templated":true}]}}