{"id":5606,"date":"2024-09-13T14:36:52","date_gmt":"2024-09-13T20:36:52","guid":{"rendered":"https:\/\/libreriahistoriasdebolsillo.com\/?post_type=product&#038;p=5606"},"modified":"2025-04-08T10:30:22","modified_gmt":"2025-04-08T16:30:22","slug":"por-el-placer-de-vivir-ed-conmemorativa","status":"publish","type":"product","link":"https:\/\/libreriahistoriasdebolsillo.com\/index.php\/producto\/por-el-placer-de-vivir-ed-conmemorativa\/","title":{"rendered":"Por el placer de vivir (Ed. conmemorativa)"},"content":{"rendered":"<p><b>AUTOR<\/b>\u00a0<b>BESTSELLER, <\/b><b>M\u00c1S DE 3 000 000 DE EJEMPLARES VENDIDOS<\/b><\/p>\n<p>Vivimos para\u00a0<b>alcanzar la plenitud<\/b>\u00a0y la tranquilidad, la\u00a0<b>armon\u00eda<\/b>\u00a0y el equilibrio: para ser dichosos. Se ha hablado tanto sobre la felicidad y son tan pocas las personas que pueden afirmar que son\u00a0<b>felices<\/b>, que muchas veces pasan sus d\u00edas imaginando en qu\u00e9 consiste la alegr\u00eda, el amor, los anhelos, \u00a1la\u00a0<b>felicidad<\/b>!<\/p>\n<p>El doctor\u00a0<b>C\u00e9sar Lozano<\/b>, el experto en\u00a0<b>motivaci\u00f3n<\/b>\u00a0y desarrollopersonal m\u00e1s destacado de M\u00e9xico, decidi\u00f3 adentrarse en este tema y compartir con sus lectores conceptos,\u00a0<b>estrategias<\/b>\u00a0y vivencias personales que le ayudar\u00e1n a disfrutar el verdadero<b>placer de vivir<\/b>.<\/p>\n<p>En este libro descubrir\u00e1s la importancia de\u00a0<b>vivir<\/b>\u00a0intensamente cada momento y de eliminar la rutina como estilo de vida; conocer\u00e1s las mejores opciones para\u00a0<b>controlar<\/b>\u00a0\u2014y evitar\u2014 la ira, las razones para hacer del perd\u00f3n un\u00a0<b>principio fundamental<\/b>\u00a0de vida y sabr\u00e1s de las t\u00e9cnicas m\u00e1s puntuales para dejar de preocuparte por lo que no depende de ti.<\/p>\n<p>El prop\u00f3sito del doctor C\u00e9sar Lozano es extenderte una invitaci\u00f3n para que te convenzas de que s\u00ed se puede ser feliz aun con las\u00a0<b>adversidades<\/b>. Te impulsar\u00e1 a gozar con la misma fuerza elvuelo de una mariposa o un atardecer, una bebida gratificante o una\u00a0<b>caricia<\/b>, simple y sencillamente, Por el placer de vivir.<\/p>\n","protected":false},"excerpt":{"rendered":"<p>Cesar Lozano<\/p>\n<p>320 p\u00e1ginas<\/p>\n","protected":false},"featured_media":5607,"template":"","meta":{"_joinchat":[]},"product_brand":[],"product_cat":[58,41,70],"product_tag":[34],"class_list":{"0":"post-5606","1":"product","2":"type-product","3":"status-publish","4":"has-post-thumbnail","6":"product_cat-desarrollo-humano-y-superacion","7":"product_cat-desarrollo-humano","8":"product_cat-novedades","9":"product_tag-penguin-random-house","11":"first","12":"outofstock","13":"shipping-taxable","14":"purchasable","15":"product-type-simple"},"_links":{"self":[{"href":"https:\/\/libreriahistoriasdebolsillo.com\/index.php\/wp-json\/wp\/v2\/product\/5606","targetHints":{"allow":["GET"]}}],"collection":[{"href":"https:\/\/libreriahistoriasdebolsillo.com\/index.php\/wp-json\/wp\/v2\/product"}],"about":[{"href":"https:\/\/libreriahistoriasdebolsillo.com\/index.php\/wp-json\/wp\/v2\/types\/product"}],"wp:featuredmedia":[{"embeddable":true,"href":"https:\/\/libreriahistoriasdebolsillo.com\/index.php\/wp-json\/wp\/v2\/media\/5607"}],"wp:attachment":[{"href":"https:\/\/libreriahistoriasdebolsillo.com\/index.php\/wp-json\/wp\/v2\/media?parent=5606"}],"wp:term":[{"taxonomy":"product_brand","embeddable":true,"href":"https:\/\/libreriahistoriasdebolsillo.com\/index.php\/wp-json\/wp\/v2\/product_brand?post=5606"},{"taxonomy":"product_cat","embeddable":true,"href":"https:\/\/libreriahistoriasdebolsillo.com\/index.php\/wp-json\/wp\/v2\/product_cat?post=5606"},{"taxonomy":"product_tag","embeddable":true,"href":"https:\/\/libreriahistoriasdebolsillo.com\/index.php\/wp-json\/wp\/v2\/product_tag?post=5606"}],"curies":[{"name":"wp","href":"https:\/\/api.w.org\/{rel}","templated":true}]}}