{"id":5633,"date":"2024-10-02T14:52:02","date_gmt":"2024-10-02T20:52:02","guid":{"rendered":"https:\/\/libreriahistoriasdebolsillo.com\/?post_type=product&#038;p=5633"},"modified":"2025-11-20T11:45:02","modified_gmt":"2025-11-20T17:45:02","slug":"tomatelo-con-estoicismo","status":"publish","type":"product","link":"https:\/\/libreriahistoriasdebolsillo.com\/index.php\/producto\/tomatelo-con-estoicismo\/","title":{"rendered":"T\u00f3matelo con estoicismo"},"content":{"rendered":"<p>APRENDE A TOMARTE LA VIDA DE OTRA MANERA, CON LOS GRANDES MAESTROS DEL ESTOICISMO.<\/p>\n<p>Fundado por Zen\u00f3n de Citio en Atenas hace 2.400 a\u00f1os, el estoicismo y sus reflexiones y ense\u00f1anzas gozan de buena salud como br\u00fajula para orientarnos en una \u00e9poca tan confusa como la nuestra. Tal vez su \u00e9xito se debe a que, si bien el mundo ha cambiado mucho desde que los antiguos fil\u00f3sofos estoicos desarrollaron su disciplina, las grandes cuestiones que nos afectan como individuos y como sociedad siguen pareci\u00e9ndose m\u00e1s de lo que pensamos a las que preocupaban a aquellos pensadores de la Antig\u00fcedad. Con una cuidadosa selecci\u00f3n de los pensamientos de figuras tan importantes como S\u00e9neca o Marco Aurelio, esta obra pone a tu alcance las reflexiones de los grandes maestros del estoicismo y las sit\u00faa en el contexto de nuestro tiempo para dar respuesta a una serie de grandes temas que como individuos debemos afrontar si queremos alcanzar una vida buena y llena de sentido. As\u00ed, cuestiones como el autoconocimiento, la resistencia ante la adversidad o la b\u00fasqueda de un sentido a la vida encuentran en los estoicos un modo de estar y pensar en el mundo que sin duda nos interpela y nos orienta en nuestras ajetreadas vidas.<\/p>\n","protected":false},"excerpt":{"rendered":"<p>Jaime Moreno Delgado<\/p>\n<p>183 p\u00e1ginas<\/p>\n","protected":false},"featured_media":5634,"template":"","meta":{"_joinchat":[]},"product_brand":[],"product_cat":[61,70],"product_tag":[48],"class_list":{"0":"post-5633","1":"product","2":"type-product","3":"status-publish","4":"has-post-thumbnail","6":"product_cat-filosofia","7":"product_cat-novedades","8":"product_tag-vr-editoras","10":"first","11":"instock","12":"shipping-taxable","13":"purchasable","14":"product-type-simple"},"_links":{"self":[{"href":"https:\/\/libreriahistoriasdebolsillo.com\/index.php\/wp-json\/wp\/v2\/product\/5633","targetHints":{"allow":["GET"]}}],"collection":[{"href":"https:\/\/libreriahistoriasdebolsillo.com\/index.php\/wp-json\/wp\/v2\/product"}],"about":[{"href":"https:\/\/libreriahistoriasdebolsillo.com\/index.php\/wp-json\/wp\/v2\/types\/product"}],"wp:featuredmedia":[{"embeddable":true,"href":"https:\/\/libreriahistoriasdebolsillo.com\/index.php\/wp-json\/wp\/v2\/media\/5634"}],"wp:attachment":[{"href":"https:\/\/libreriahistoriasdebolsillo.com\/index.php\/wp-json\/wp\/v2\/media?parent=5633"}],"wp:term":[{"taxonomy":"product_brand","embeddable":true,"href":"https:\/\/libreriahistoriasdebolsillo.com\/index.php\/wp-json\/wp\/v2\/product_brand?post=5633"},{"taxonomy":"product_cat","embeddable":true,"href":"https:\/\/libreriahistoriasdebolsillo.com\/index.php\/wp-json\/wp\/v2\/product_cat?post=5633"},{"taxonomy":"product_tag","embeddable":true,"href":"https:\/\/libreriahistoriasdebolsillo.com\/index.php\/wp-json\/wp\/v2\/product_tag?post=5633"}],"curies":[{"name":"wp","href":"https:\/\/api.w.org\/{rel}","templated":true}]}}