{"id":5637,"date":"2024-10-02T14:58:35","date_gmt":"2024-10-02T20:58:35","guid":{"rendered":"https:\/\/libreriahistoriasdebolsillo.com\/?post_type=product&#038;p=5637"},"modified":"2025-05-14T12:54:48","modified_gmt":"2025-05-14T18:54:48","slug":"el-poder-de-la-atencion","status":"publish","type":"product","link":"https:\/\/libreriahistoriasdebolsillo.com\/index.php\/producto\/el-poder-de-la-atencion\/","title":{"rendered":"El poder de la atenci\u00f3n"},"content":{"rendered":"<p>ENTRENA TU ATENCI\u00d3N, CAMBIA TU MENTE Y CAMBIAR\u00c1S TU VIDA.<\/p>\n<p>El doctor \u00c1ngel Mart\u00edn, experto en Hipnosis Cl\u00ednica, nos propone un nuevo paradigma de la meditaci\u00f3n basado en las neurociencias. Desde las fases iniciales de la pr\u00e1ctica hasta las m\u00e1s avanzadas, sin referencias espirituales ni esot\u00e9ricas. En El poder de la atenci\u00f3n aprender\u00e1s a entrenar tu cerebro con 20 ejercicios mentales muy pr\u00e1cticos, cambiar\u00e1s tu mente desarrollando la habilidad de inhibir las respuestas autom\u00e1ticas de tu cerebro y aumentar\u00e1s tu bienestar f\u00edsico y emocional.<\/p>\n","protected":false},"excerpt":{"rendered":"<p>Dr. Angel Mart\u00edn<\/p>\n<p>269 p\u00e1ginas<\/p>\n","protected":false},"featured_media":5638,"template":"","meta":{"_joinchat":[]},"product_brand":[],"product_cat":[41,70],"product_tag":[48],"class_list":{"0":"post-5637","1":"product","2":"type-product","3":"status-publish","4":"has-post-thumbnail","6":"product_cat-desarrollo-humano","7":"product_cat-novedades","8":"product_tag-vr-editoras","10":"first","11":"instock","12":"shipping-taxable","13":"purchasable","14":"product-type-simple"},"_links":{"self":[{"href":"https:\/\/libreriahistoriasdebolsillo.com\/index.php\/wp-json\/wp\/v2\/product\/5637","targetHints":{"allow":["GET"]}}],"collection":[{"href":"https:\/\/libreriahistoriasdebolsillo.com\/index.php\/wp-json\/wp\/v2\/product"}],"about":[{"href":"https:\/\/libreriahistoriasdebolsillo.com\/index.php\/wp-json\/wp\/v2\/types\/product"}],"wp:featuredmedia":[{"embeddable":true,"href":"https:\/\/libreriahistoriasdebolsillo.com\/index.php\/wp-json\/wp\/v2\/media\/5638"}],"wp:attachment":[{"href":"https:\/\/libreriahistoriasdebolsillo.com\/index.php\/wp-json\/wp\/v2\/media?parent=5637"}],"wp:term":[{"taxonomy":"product_brand","embeddable":true,"href":"https:\/\/libreriahistoriasdebolsillo.com\/index.php\/wp-json\/wp\/v2\/product_brand?post=5637"},{"taxonomy":"product_cat","embeddable":true,"href":"https:\/\/libreriahistoriasdebolsillo.com\/index.php\/wp-json\/wp\/v2\/product_cat?post=5637"},{"taxonomy":"product_tag","embeddable":true,"href":"https:\/\/libreriahistoriasdebolsillo.com\/index.php\/wp-json\/wp\/v2\/product_tag?post=5637"}],"curies":[{"name":"wp","href":"https:\/\/api.w.org\/{rel}","templated":true}]}}