{"id":5639,"date":"2024-10-02T15:01:04","date_gmt":"2024-10-02T21:01:04","guid":{"rendered":"https:\/\/libreriahistoriasdebolsillo.com\/?post_type=product&#038;p=5639"},"modified":"2025-06-28T10:54:25","modified_gmt":"2025-06-28T16:54:25","slug":"era-un-buen-chico","status":"publish","type":"product","link":"https:\/\/libreriahistoriasdebolsillo.com\/index.php\/producto\/era-un-buen-chico\/","title":{"rendered":"Era un buen chico"},"content":{"rendered":"<p>Un relato sobre la amistad, el poder feroz de la familia y el deseo de regresar a los or\u00edgenes. Esta es la historia de dos madres, dos mujeres fuertes que toman las riendas de sus respectivas familias, y de sus hijos, Giovanni y Santino. Ambos crecen juntos en el oeste de Sicilia y sue\u00f1an qu\u00e9 tipo de hombres ser\u00e1n. Los dos progresan en sus vidas y, bajo el tel\u00f3n de fondo de las guerras entre clanes mafiosos de los a\u00f1os ochenta, uno acabar\u00e1 siendo un reputado abogado y el otro un constructor de \u00e9xito. Pero la construcci\u00f3n, p\u00fablica y privada, no conjuga bien con la transparencia ni la justicia y, con el paso del tiempo, los dos amigos se ver\u00e1n arrastrados a una espiral sin salida.Bajo el deslumbrante marco de una Sicilia desaparecida, Simonetta Agnello Hornby, una de las mejores escritoras contempor\u00e1neas, se adentra por primera vez de forma decidida en el submundo de la mafia de su amada isla.<\/p>\n","protected":false},"excerpt":{"rendered":"<p>Simonetta Agnello Hornby<\/p>\n<p>264 p\u00e1ginas<\/p>\n","protected":false},"featured_media":5640,"template":"","meta":{"_joinchat":[]},"product_brand":[],"product_cat":[33,70],"product_tag":[48],"class_list":{"0":"post-5639","1":"product","2":"type-product","3":"status-publish","4":"has-post-thumbnail","6":"product_cat-ficcion-general","7":"product_cat-novedades","8":"product_tag-vr-editoras","10":"first","11":"outofstock","12":"shipping-taxable","13":"purchasable","14":"product-type-simple"},"_links":{"self":[{"href":"https:\/\/libreriahistoriasdebolsillo.com\/index.php\/wp-json\/wp\/v2\/product\/5639","targetHints":{"allow":["GET"]}}],"collection":[{"href":"https:\/\/libreriahistoriasdebolsillo.com\/index.php\/wp-json\/wp\/v2\/product"}],"about":[{"href":"https:\/\/libreriahistoriasdebolsillo.com\/index.php\/wp-json\/wp\/v2\/types\/product"}],"wp:featuredmedia":[{"embeddable":true,"href":"https:\/\/libreriahistoriasdebolsillo.com\/index.php\/wp-json\/wp\/v2\/media\/5640"}],"wp:attachment":[{"href":"https:\/\/libreriahistoriasdebolsillo.com\/index.php\/wp-json\/wp\/v2\/media?parent=5639"}],"wp:term":[{"taxonomy":"product_brand","embeddable":true,"href":"https:\/\/libreriahistoriasdebolsillo.com\/index.php\/wp-json\/wp\/v2\/product_brand?post=5639"},{"taxonomy":"product_cat","embeddable":true,"href":"https:\/\/libreriahistoriasdebolsillo.com\/index.php\/wp-json\/wp\/v2\/product_cat?post=5639"},{"taxonomy":"product_tag","embeddable":true,"href":"https:\/\/libreriahistoriasdebolsillo.com\/index.php\/wp-json\/wp\/v2\/product_tag?post=5639"}],"curies":[{"name":"wp","href":"https:\/\/api.w.org\/{rel}","templated":true}]}}