{"id":5641,"date":"2024-10-02T15:03:14","date_gmt":"2024-10-02T21:03:14","guid":{"rendered":"https:\/\/libreriahistoriasdebolsillo.com\/?post_type=product&#038;p=5641"},"modified":"2025-06-28T15:55:15","modified_gmt":"2025-06-28T21:55:15","slug":"tu-cerebro-y-la-musica","status":"publish","type":"product","link":"https:\/\/libreriahistoriasdebolsillo.com\/index.php\/producto\/tu-cerebro-y-la-musica\/","title":{"rendered":"Tu cerebro y la m\u00fasica"},"content":{"rendered":"<div id=\"bookDescription_feature_div\" class=\"celwidget\" data-feature-name=\"bookDescription\" data-csa-c-type=\"widget\" data-csa-c-content-id=\"bookDescription\" data-csa-c-slot-id=\"bookDescription_feature_div\" data-csa-c-asin=\"8411322920\" data-csa-c-is-in-initial-active-row=\"false\" data-csa-c-id=\"8g6eqp-4noy6n-45nc3l-rrxez1\" data-cel-widget=\"bookDescription_feature_div\">\n<div class=\"a-expander-collapsed-height a-row a-expander-container a-spacing-base a-expander-partial-collapse-container\" data-a-expander-name=\"book_description_expander\" data-a-expander-collapsed-height=\"280\">\n<div class=\"a-expander-content a-expander-partial-collapse-content\" data-expanded=\"false\">UNA NUEVA FORMA DE ENTENDER LA M\u00daSICA Y LA VIDA.<\/div>\n<div data-expanded=\"false\"><\/div>\n<div class=\"a-expander-content a-expander-partial-collapse-content\" data-expanded=\"false\">Si todos sabemos (o intuimos) que la m\u00fasica nos despierta los sentidos, este libro nos ayudar\u00e1 a entender c\u00f3mo lo hace. El m\u00fasico y neurocient\u00edfico Daniel J. Levitin compone en estas p\u00e1ginas una amena sinfon\u00eda de la mano de Mozart, Ella Fitzgerald o los Beatles para mostrarnos por qu\u00e9 escuchar m\u00fasica es un gran placer.<\/div>\n<\/div>\n<\/div>\n<div id=\"globalStoreInfoBullets_feature_div\" class=\"celwidget\" data-feature-name=\"globalStoreInfoBullets\" data-csa-c-type=\"widget\" data-csa-c-content-id=\"globalStoreInfoBullets\" data-csa-c-slot-id=\"globalStoreInfoBullets_feature_div\" data-csa-c-asin=\"8411322920\" data-csa-c-is-in-initial-active-row=\"false\" data-csa-c-id=\"pwrek0-y3185i-slkmv-rwsma0\" data-cel-widget=\"globalStoreInfoBullets_feature_div\"><\/div>\n<div id=\"buyingOptionNostosBadge_feature_div\" class=\"celwidget\" data-feature-name=\"buyingOptionNostosBadge\" data-csa-c-type=\"widget\" data-csa-c-content-id=\"buyingOptionNostosBadge\" data-csa-c-slot-id=\"buyingOptionNostosBadge_feature_div\" data-csa-c-asin=\"8411322920\" data-csa-c-is-in-initial-active-row=\"false\" data-csa-c-id=\"qdy644-9v7cxd-3zadgp-hqp5rj\" data-cel-widget=\"buyingOptionNostosBadge_feature_div\"><\/div>\n<div id=\"tellAmazon_feature_div\" class=\"celwidget\" data-feature-name=\"tellAmazon\" data-csa-c-type=\"widget\" data-csa-c-content-id=\"tellAmazon\" data-csa-c-slot-id=\"tellAmazon_feature_div\" data-csa-c-asin=\"8411322920\" data-csa-c-is-in-initial-active-row=\"false\" data-csa-c-id=\"jhrcvl-wm4smf-w8tdgx-94lygt\" data-cel-widget=\"tellAmazon_feature_div\">\n<div class=\"celwidget c-f\" data-csa-op-log-render=\"\" data-csa-c-content-id=\"DsUnknown\" data-csa-c-slot-id=\"DsUnknown-4\" data-csa-c-type=\"widget\" data-csa-c-painter=\"tell-amazon-desktop-cards\" data-csa-c-id=\"942ec7-esxcoc-urlgqy-1zfnax\" data-cel-widget=\"tell-amazon-desktop_DetailPage_3\">\n<div id=\"CardInstanceGoyUROoYFl2kKP4mzJfuvg\" data-card-metrics-id=\"tell-amazon-desktop_DetailPage_3\" data-acp-tracking=\"{}\" data-mix-claimed=\"true\">\n<div class=\"_tell-amazon-desktop_style_tell_amazon_div__1YDZk\" data-asin=\"8411322920\" data-marketplace=\"A1AM78C64UM0Y8\" data-logged-in=\"true\"><\/div>\n<\/div>\n<\/div>\n<\/div>\n","protected":false},"excerpt":{"rendered":"<p>Daniel J. Levitin<\/p>\n<p>345 p\u00e1ginas<\/p>\n","protected":false},"featured_media":5642,"template":"","meta":{"_joinchat":[]},"product_brand":[],"product_cat":[41,70],"product_tag":[48],"class_list":{"0":"post-5641","1":"product","2":"type-product","3":"status-publish","4":"has-post-thumbnail","6":"product_cat-desarrollo-humano","7":"product_cat-novedades","8":"product_tag-vr-editoras","10":"first","11":"outofstock","12":"shipping-taxable","13":"purchasable","14":"product-type-simple"},"_links":{"self":[{"href":"https:\/\/libreriahistoriasdebolsillo.com\/index.php\/wp-json\/wp\/v2\/product\/5641","targetHints":{"allow":["GET"]}}],"collection":[{"href":"https:\/\/libreriahistoriasdebolsillo.com\/index.php\/wp-json\/wp\/v2\/product"}],"about":[{"href":"https:\/\/libreriahistoriasdebolsillo.com\/index.php\/wp-json\/wp\/v2\/types\/product"}],"wp:featuredmedia":[{"embeddable":true,"href":"https:\/\/libreriahistoriasdebolsillo.com\/index.php\/wp-json\/wp\/v2\/media\/5642"}],"wp:attachment":[{"href":"https:\/\/libreriahistoriasdebolsillo.com\/index.php\/wp-json\/wp\/v2\/media?parent=5641"}],"wp:term":[{"taxonomy":"product_brand","embeddable":true,"href":"https:\/\/libreriahistoriasdebolsillo.com\/index.php\/wp-json\/wp\/v2\/product_brand?post=5641"},{"taxonomy":"product_cat","embeddable":true,"href":"https:\/\/libreriahistoriasdebolsillo.com\/index.php\/wp-json\/wp\/v2\/product_cat?post=5641"},{"taxonomy":"product_tag","embeddable":true,"href":"https:\/\/libreriahistoriasdebolsillo.com\/index.php\/wp-json\/wp\/v2\/product_tag?post=5641"}],"curies":[{"name":"wp","href":"https:\/\/api.w.org\/{rel}","templated":true}]}}