{"id":5645,"date":"2024-10-02T15:08:01","date_gmt":"2024-10-02T21:08:01","guid":{"rendered":"https:\/\/libreriahistoriasdebolsillo.com\/?post_type=product&#038;p=5645"},"modified":"2025-06-28T16:10:51","modified_gmt":"2025-06-28T22:10:51","slug":"virgilio","status":"publish","type":"product","link":"https:\/\/libreriahistoriasdebolsillo.com\/index.php\/producto\/virgilio\/","title":{"rendered":"Virgilio"},"content":{"rendered":"<p>Virgilio es, sin duda, uno de los mayores escritores de la literatura universal y el poeta que mejor ha cantado las virtudes del pueblo romano. Sus tres grandes obras po\u00e9ticas, Buc\u00f3licas, Ge\u00f3rgicas y, sobre todo, la Eneida, nacieron en la \u00e9poca en la que empezaba a asentarse el poder de Augusto. Eso fue un factor determinante para que estas obras, adem\u00e1s de hitos literarios, abarcaran por entero un mundo romano que estaba en formaci\u00f3n, buscando su identidad definitiva. Con sus vastos conocimientos y su habitual sensibilidad did\u00e1ctica, Pierre Grimal desgrana la vida y la obra del poeta de Mantua, y ahonda en la progresi\u00f3n creciente que representan sus textos. Pero tambi\u00e9n \u2014y esto le da un valor superior a esta biograf\u00eda\u2014, examina su importancia para la historia espiritual de Roma, que viv\u00eda un renacimiento tras dejar atr\u00e1s las cenizas de la Rep\u00fablica y convertirse en un imperio floreciente bajo el mando de Augusto.<\/p>\n","protected":false},"excerpt":{"rendered":"<p>Pierre Grimal<\/p>\n<p>269 p\u00e1ginas<\/p>\n","protected":false},"featured_media":5646,"template":"","meta":{"_joinchat":[]},"product_brand":[],"product_cat":[41,70],"product_tag":[48],"class_list":{"0":"post-5645","1":"product","2":"type-product","3":"status-publish","4":"has-post-thumbnail","6":"product_cat-desarrollo-humano","7":"product_cat-novedades","8":"product_tag-vr-editoras","10":"first","11":"outofstock","12":"shipping-taxable","13":"purchasable","14":"product-type-simple"},"_links":{"self":[{"href":"https:\/\/libreriahistoriasdebolsillo.com\/index.php\/wp-json\/wp\/v2\/product\/5645","targetHints":{"allow":["GET"]}}],"collection":[{"href":"https:\/\/libreriahistoriasdebolsillo.com\/index.php\/wp-json\/wp\/v2\/product"}],"about":[{"href":"https:\/\/libreriahistoriasdebolsillo.com\/index.php\/wp-json\/wp\/v2\/types\/product"}],"wp:featuredmedia":[{"embeddable":true,"href":"https:\/\/libreriahistoriasdebolsillo.com\/index.php\/wp-json\/wp\/v2\/media\/5646"}],"wp:attachment":[{"href":"https:\/\/libreriahistoriasdebolsillo.com\/index.php\/wp-json\/wp\/v2\/media?parent=5645"}],"wp:term":[{"taxonomy":"product_brand","embeddable":true,"href":"https:\/\/libreriahistoriasdebolsillo.com\/index.php\/wp-json\/wp\/v2\/product_brand?post=5645"},{"taxonomy":"product_cat","embeddable":true,"href":"https:\/\/libreriahistoriasdebolsillo.com\/index.php\/wp-json\/wp\/v2\/product_cat?post=5645"},{"taxonomy":"product_tag","embeddable":true,"href":"https:\/\/libreriahistoriasdebolsillo.com\/index.php\/wp-json\/wp\/v2\/product_tag?post=5645"}],"curies":[{"name":"wp","href":"https:\/\/api.w.org\/{rel}","templated":true}]}}