{"id":5649,"date":"2024-10-02T15:12:27","date_gmt":"2024-10-02T21:12:27","guid":{"rendered":"https:\/\/libreriahistoriasdebolsillo.com\/?post_type=product&#038;p=5649"},"modified":"2025-06-28T11:43:42","modified_gmt":"2025-06-28T17:43:42","slug":"la-mujer-no-tiene-nombre","status":"publish","type":"product","link":"https:\/\/libreriahistoriasdebolsillo.com\/index.php\/producto\/la-mujer-no-tiene-nombre\/","title":{"rendered":"La mujer no tiene nombre"},"content":{"rendered":"<p>Una historia de liberaci\u00f3n individual y colectiva que retrata los desaf\u00edos de las mujeres turcas para defender sus derechos y libertades. Considerada como el primer manifiesto feminista de Turqu\u00eda, La mujer no tiene nombre evidenci\u00f3 la lucha de las mujeres turcas por escribir su propia historia. A trav\u00e9s de sus p\u00e1ginas acompa\u00f1amos a su protagonista, una mujer de clase media y de origen urbano, desde su infancia hasta la madurez. Una mujer innombrada que cuestiona los l\u00edmites de una sociedad dominada por los hombres y que experimentar\u00e1 en primera persona temas tab\u00faes como la sexualidad, el aborto o la infidelidad, mientras trata de abrirse paso en un mundo donde la desigualdad y la violencia funcionan como elementos coercitivos. Narrada en primera persona y construido con un lenguaje rico y directo, la novela fue prohibida por imp\u00fadica y, tras un largo proceso judicial, se convirti\u00f3 en un gran \u00e9xito de ventas y en un cl\u00e1sico instant\u00e1neo de las letras turcas.<\/p>\n","protected":false},"excerpt":{"rendered":"<p>Duygu Asena<\/p>\n<p>250 p\u00e1ginas<\/p>\n","protected":false},"featured_media":5650,"template":"","meta":{"_joinchat":[]},"product_brand":[],"product_cat":[33,70],"product_tag":[48],"class_list":{"0":"post-5649","1":"product","2":"type-product","3":"status-publish","4":"has-post-thumbnail","6":"product_cat-ficcion-general","7":"product_cat-novedades","8":"product_tag-vr-editoras","10":"first","11":"outofstock","12":"shipping-taxable","13":"purchasable","14":"product-type-simple"},"_links":{"self":[{"href":"https:\/\/libreriahistoriasdebolsillo.com\/index.php\/wp-json\/wp\/v2\/product\/5649","targetHints":{"allow":["GET"]}}],"collection":[{"href":"https:\/\/libreriahistoriasdebolsillo.com\/index.php\/wp-json\/wp\/v2\/product"}],"about":[{"href":"https:\/\/libreriahistoriasdebolsillo.com\/index.php\/wp-json\/wp\/v2\/types\/product"}],"wp:featuredmedia":[{"embeddable":true,"href":"https:\/\/libreriahistoriasdebolsillo.com\/index.php\/wp-json\/wp\/v2\/media\/5650"}],"wp:attachment":[{"href":"https:\/\/libreriahistoriasdebolsillo.com\/index.php\/wp-json\/wp\/v2\/media?parent=5649"}],"wp:term":[{"taxonomy":"product_brand","embeddable":true,"href":"https:\/\/libreriahistoriasdebolsillo.com\/index.php\/wp-json\/wp\/v2\/product_brand?post=5649"},{"taxonomy":"product_cat","embeddable":true,"href":"https:\/\/libreriahistoriasdebolsillo.com\/index.php\/wp-json\/wp\/v2\/product_cat?post=5649"},{"taxonomy":"product_tag","embeddable":true,"href":"https:\/\/libreriahistoriasdebolsillo.com\/index.php\/wp-json\/wp\/v2\/product_tag?post=5649"}],"curies":[{"name":"wp","href":"https:\/\/api.w.org\/{rel}","templated":true}]}}