{"id":5651,"date":"2024-10-02T15:15:19","date_gmt":"2024-10-02T21:15:19","guid":{"rendered":"https:\/\/libreriahistoriasdebolsillo.com\/?post_type=product&#038;p=5651"},"modified":"2025-06-28T11:17:56","modified_gmt":"2025-06-28T17:17:56","slug":"explora-tu-creatividad","status":"publish","type":"product","link":"https:\/\/libreriahistoriasdebolsillo.com\/index.php\/producto\/explora-tu-creatividad\/","title":{"rendered":"Explora tu creatividad"},"content":{"rendered":"<p>DESARROLLA TU LADO M\u00c1S CREATIVO \u00a1Y DISFR\u00daTALO!<\/p>\n<p>La creatividad es una valiosa capacidad humana \u00fatil para encontrar soluciones ingeniosas a toda clase de problemas. Hay quienes tienen una creatividad que responde casi espont\u00e1neamente ante el menor est\u00edmulo. Son personas que han adoptado de manera intuitiva h\u00e1bitos que la favorecen. En las ant\u00edpodas est\u00e1n quienes albergan creencias que los alejan de su propia capacidad creativa. Prejuicios como que el artista nace, que de eso no se vive, que carecen de talento creativo o que es una p\u00e9rdida de tiempo. Tambi\u00e9n hay quienes se dejan vencer por la impaciencia y la frustraci\u00f3n si su primer intento no obtiene un aplauso un\u00e1nime ni les causa satisfacci\u00f3n completa. \u00bfCu\u00e1l es tu caso? \u00bfQuieres desvelar tu propia creatividad adormecida, descubrirla, fortalecerla y gozar de sus m\u00faltiples repercusiones positivas en tu vida?Este libro te ofrece 70 juegos para despertar y revitalizar la creatividad. Juegos de escritura, de percepci\u00f3n sensorial, de investigaci\u00f3n y experimentaci\u00f3n\u2026 pensados para explorar la creatividad que llevas dentro.<\/p>\n","protected":false},"excerpt":{"rendered":"<p>Ruth Vilar<\/p>\n<p>199 p\u00e1ginas<\/p>\n","protected":false},"featured_media":5652,"template":"","meta":{"_joinchat":[]},"product_brand":[],"product_cat":[41,70],"product_tag":[48],"class_list":{"0":"post-5651","1":"product","2":"type-product","3":"status-publish","4":"has-post-thumbnail","6":"product_cat-desarrollo-humano","7":"product_cat-novedades","8":"product_tag-vr-editoras","10":"first","11":"outofstock","12":"shipping-taxable","13":"purchasable","14":"product-type-simple"},"_links":{"self":[{"href":"https:\/\/libreriahistoriasdebolsillo.com\/index.php\/wp-json\/wp\/v2\/product\/5651","targetHints":{"allow":["GET"]}}],"collection":[{"href":"https:\/\/libreriahistoriasdebolsillo.com\/index.php\/wp-json\/wp\/v2\/product"}],"about":[{"href":"https:\/\/libreriahistoriasdebolsillo.com\/index.php\/wp-json\/wp\/v2\/types\/product"}],"wp:featuredmedia":[{"embeddable":true,"href":"https:\/\/libreriahistoriasdebolsillo.com\/index.php\/wp-json\/wp\/v2\/media\/5652"}],"wp:attachment":[{"href":"https:\/\/libreriahistoriasdebolsillo.com\/index.php\/wp-json\/wp\/v2\/media?parent=5651"}],"wp:term":[{"taxonomy":"product_brand","embeddable":true,"href":"https:\/\/libreriahistoriasdebolsillo.com\/index.php\/wp-json\/wp\/v2\/product_brand?post=5651"},{"taxonomy":"product_cat","embeddable":true,"href":"https:\/\/libreriahistoriasdebolsillo.com\/index.php\/wp-json\/wp\/v2\/product_cat?post=5651"},{"taxonomy":"product_tag","embeddable":true,"href":"https:\/\/libreriahistoriasdebolsillo.com\/index.php\/wp-json\/wp\/v2\/product_tag?post=5651"}],"curies":[{"name":"wp","href":"https:\/\/api.w.org\/{rel}","templated":true}]}}