{"id":5653,"date":"2024-10-02T15:17:36","date_gmt":"2024-10-02T21:17:36","guid":{"rendered":"https:\/\/libreriahistoriasdebolsillo.com\/?post_type=product&#038;p=5653"},"modified":"2025-06-28T11:46:22","modified_gmt":"2025-06-28T17:46:22","slug":"la-reina-de-las-bandidas","status":"publish","type":"product","link":"https:\/\/libreriahistoriasdebolsillo.com\/index.php\/producto\/la-reina-de-las-bandidas\/","title":{"rendered":"La reina de las bandidas"},"content":{"rendered":"<p>UNA COMEDIA NEGRA SOBRE SOBRE MUJERES QUE QUIEREN DESHACERSE DE SUS MARIDOS.<\/p>\n<p>Una irreverente comedia negra repleta de mujeres ir\u00f3nicas e ingeniosas.Cinco a\u00f1os atr\u00e1s, el marido de Geeta desapareci\u00f3 sin dejar rastro. Sin embargo, en su remota aldea de la India corre el rumor de que ella lo mat\u00f3, algo que no se ha molestado en desmentir, pues esa mala reputaci\u00f3n puede mantener a salvo a una mujer soltera en la India rural: nadie se mete con ella, ni la acosa, ni intenta controlarla de nuevo. Pero su libertad no pasa desapercibida para sus vecinas, y cuando una de ellas le pide ayuda para deshacerse de un esposo borracho y abusivo, se pone en marcha una sucesi\u00f3n de acontecimientos incontrolados que cambiar\u00e1n para siempre la vida de Geeta y de todas las mujeres de la aldea.<\/p>\n","protected":false},"excerpt":{"rendered":"<p>Parini Shroff<\/p>\n<p>395 p\u00e1ginas<\/p>\n","protected":false},"featured_media":5654,"template":"","meta":{"_joinchat":[]},"product_brand":[],"product_cat":[33,70],"product_tag":[48],"class_list":{"0":"post-5653","1":"product","2":"type-product","3":"status-publish","4":"has-post-thumbnail","6":"product_cat-ficcion-general","7":"product_cat-novedades","8":"product_tag-vr-editoras","10":"first","11":"outofstock","12":"shipping-taxable","13":"purchasable","14":"product-type-simple"},"_links":{"self":[{"href":"https:\/\/libreriahistoriasdebolsillo.com\/index.php\/wp-json\/wp\/v2\/product\/5653","targetHints":{"allow":["GET"]}}],"collection":[{"href":"https:\/\/libreriahistoriasdebolsillo.com\/index.php\/wp-json\/wp\/v2\/product"}],"about":[{"href":"https:\/\/libreriahistoriasdebolsillo.com\/index.php\/wp-json\/wp\/v2\/types\/product"}],"wp:featuredmedia":[{"embeddable":true,"href":"https:\/\/libreriahistoriasdebolsillo.com\/index.php\/wp-json\/wp\/v2\/media\/5654"}],"wp:attachment":[{"href":"https:\/\/libreriahistoriasdebolsillo.com\/index.php\/wp-json\/wp\/v2\/media?parent=5653"}],"wp:term":[{"taxonomy":"product_brand","embeddable":true,"href":"https:\/\/libreriahistoriasdebolsillo.com\/index.php\/wp-json\/wp\/v2\/product_brand?post=5653"},{"taxonomy":"product_cat","embeddable":true,"href":"https:\/\/libreriahistoriasdebolsillo.com\/index.php\/wp-json\/wp\/v2\/product_cat?post=5653"},{"taxonomy":"product_tag","embeddable":true,"href":"https:\/\/libreriahistoriasdebolsillo.com\/index.php\/wp-json\/wp\/v2\/product_tag?post=5653"}],"curies":[{"name":"wp","href":"https:\/\/api.w.org\/{rel}","templated":true}]}}