{"id":5655,"date":"2024-10-02T15:19:30","date_gmt":"2024-10-02T21:19:30","guid":{"rendered":"https:\/\/libreriahistoriasdebolsillo.com\/?post_type=product&#038;p=5655"},"modified":"2025-06-28T11:40:27","modified_gmt":"2025-06-28T17:40:27","slug":"la-grecia-antigua-contra-la-violencia","status":"publish","type":"product","link":"https:\/\/libreriahistoriasdebolsillo.com\/index.php\/producto\/la-grecia-antigua-contra-la-violencia\/","title":{"rendered":"La Grecia antigua contra la violencia"},"content":{"rendered":"<p>UN DEBATE SOBRE LA CRUELDAD HUMANA A TRAV\u00c9S DE LOS TEXTOS GRIEGOS.<\/p>\n<p>La antigua Grecia conoci\u00f3 la violencia en todas sus formas: guerras, matanzas, mitos crueles&#8230; Sin embargo, esta amenaza constante siempre se vio contrarrestada por escritores y fil\u00f3sofos helenos, que percib\u00edan su car\u00e1cter inaceptable y alzaron sus voces para condenarla sin paliativos. Junto a estos alegatos contra la violencia, se defendieron otros ideales de humanidad, de justicia, de tolerancia y de solidaridad. A trav\u00e9s de numerosos testimonios antiguos, Jacqueline de Romilly analiza la mentalidad griega en relaci\u00f3n con las diferentes formas de violencia y, sobre todo, muestra la indiscutible actualidad de una herencia que nos empuja a combatir contra ella.<\/p>\n","protected":false},"excerpt":{"rendered":"<p>Jacqueline De Romilly<\/p>\n<p>145 p\u00e1ginas<\/p>\n","protected":false},"featured_media":5656,"template":"","meta":{"_joinchat":[]},"product_brand":[],"product_cat":[41,70],"product_tag":[48],"class_list":{"0":"post-5655","1":"product","2":"type-product","3":"status-publish","4":"has-post-thumbnail","6":"product_cat-desarrollo-humano","7":"product_cat-novedades","8":"product_tag-vr-editoras","10":"first","11":"instock","12":"shipping-taxable","13":"purchasable","14":"product-type-simple"},"_links":{"self":[{"href":"https:\/\/libreriahistoriasdebolsillo.com\/index.php\/wp-json\/wp\/v2\/product\/5655","targetHints":{"allow":["GET"]}}],"collection":[{"href":"https:\/\/libreriahistoriasdebolsillo.com\/index.php\/wp-json\/wp\/v2\/product"}],"about":[{"href":"https:\/\/libreriahistoriasdebolsillo.com\/index.php\/wp-json\/wp\/v2\/types\/product"}],"wp:featuredmedia":[{"embeddable":true,"href":"https:\/\/libreriahistoriasdebolsillo.com\/index.php\/wp-json\/wp\/v2\/media\/5656"}],"wp:attachment":[{"href":"https:\/\/libreriahistoriasdebolsillo.com\/index.php\/wp-json\/wp\/v2\/media?parent=5655"}],"wp:term":[{"taxonomy":"product_brand","embeddable":true,"href":"https:\/\/libreriahistoriasdebolsillo.com\/index.php\/wp-json\/wp\/v2\/product_brand?post=5655"},{"taxonomy":"product_cat","embeddable":true,"href":"https:\/\/libreriahistoriasdebolsillo.com\/index.php\/wp-json\/wp\/v2\/product_cat?post=5655"},{"taxonomy":"product_tag","embeddable":true,"href":"https:\/\/libreriahistoriasdebolsillo.com\/index.php\/wp-json\/wp\/v2\/product_tag?post=5655"}],"curies":[{"name":"wp","href":"https:\/\/api.w.org\/{rel}","templated":true}]}}