{"id":5657,"date":"2024-10-02T15:23:02","date_gmt":"2024-10-02T21:23:02","guid":{"rendered":"https:\/\/libreriahistoriasdebolsillo.com\/?post_type=product&#038;p=5657"},"modified":"2025-06-28T12:35:11","modified_gmt":"2025-06-28T18:35:11","slug":"no-debia-ser-asi","status":"publish","type":"product","link":"https:\/\/libreriahistoriasdebolsillo.com\/index.php\/producto\/no-debia-ser-asi\/","title":{"rendered":"No deb\u00eda ser as\u00ed"},"content":{"rendered":"<p>Dos enemigos y compa\u00f1eros de secundaria se despiertan atrapados en sus cuerpos de 30 y a punto de casarse. Charlotte Wu es la alumna m\u00e1s aplicada, sobresale en todos los ex\u00e1menes, participa en todas las actividades escolares y tiene grandes ambiciones. Tiene toda su vida planeada hasta el \u00faltimo detalle, pero ninguna planificaci\u00f3n pudo haberla preparado para lo que vivir\u00eda en su \u00faltimo a\u00f1o de la secundaria: un accidente la transportar\u00eda 13 a\u00f1os en el futuro, donde su versi\u00f3n adulta est\u00e1 comprometida con nada m\u00e1s y nada menos que con la persona que m\u00e1s odia: J. T. Renner. \u00c9l es el t\u00edpico chico atl\u00e9tico y atractivo que tiene a todos comiendo de la palma de su mano, menos a ella. Jam\u00e1s olvidar\u00e1 las constantes humillaciones que le hizo vivir. \u00bfC\u00f3mo puede ser que su yo de 30 a\u00f1os termine casada con \u00e9l? \u00a1De ninguna manera! No hay tiempo que perder, debe regresar al pasado, a su yo de 17 a\u00f1os que desprecia a J. T. Renner m\u00e1s que a nadie en el mundo.<\/p>\n","protected":false},"excerpt":{"rendered":"<p>Amy Lea<\/p>\n<p>354 p\u00e1ginas<\/p>\n","protected":false},"featured_media":5658,"template":"","meta":{"_joinchat":[]},"product_brand":[],"product_cat":[70,35],"product_tag":[48],"class_list":{"0":"post-5657","1":"product","2":"type-product","3":"status-publish","4":"has-post-thumbnail","6":"product_cat-novedades","7":"product_cat-romantica","8":"product_tag-vr-editoras","10":"first","11":"outofstock","12":"shipping-taxable","13":"purchasable","14":"product-type-simple"},"_links":{"self":[{"href":"https:\/\/libreriahistoriasdebolsillo.com\/index.php\/wp-json\/wp\/v2\/product\/5657","targetHints":{"allow":["GET"]}}],"collection":[{"href":"https:\/\/libreriahistoriasdebolsillo.com\/index.php\/wp-json\/wp\/v2\/product"}],"about":[{"href":"https:\/\/libreriahistoriasdebolsillo.com\/index.php\/wp-json\/wp\/v2\/types\/product"}],"wp:featuredmedia":[{"embeddable":true,"href":"https:\/\/libreriahistoriasdebolsillo.com\/index.php\/wp-json\/wp\/v2\/media\/5658"}],"wp:attachment":[{"href":"https:\/\/libreriahistoriasdebolsillo.com\/index.php\/wp-json\/wp\/v2\/media?parent=5657"}],"wp:term":[{"taxonomy":"product_brand","embeddable":true,"href":"https:\/\/libreriahistoriasdebolsillo.com\/index.php\/wp-json\/wp\/v2\/product_brand?post=5657"},{"taxonomy":"product_cat","embeddable":true,"href":"https:\/\/libreriahistoriasdebolsillo.com\/index.php\/wp-json\/wp\/v2\/product_cat?post=5657"},{"taxonomy":"product_tag","embeddable":true,"href":"https:\/\/libreriahistoriasdebolsillo.com\/index.php\/wp-json\/wp\/v2\/product_tag?post=5657"}],"curies":[{"name":"wp","href":"https:\/\/api.w.org\/{rel}","templated":true}]}}