{"id":5659,"date":"2024-10-02T15:25:30","date_gmt":"2024-10-02T21:25:30","guid":{"rendered":"https:\/\/libreriahistoriasdebolsillo.com\/?post_type=product&#038;p=5659"},"modified":"2026-04-22T09:47:57","modified_gmt":"2026-04-22T15:47:57","slug":"mi-oscuro-romeo","status":"publish","type":"product","link":"https:\/\/libreriahistoriasdebolsillo.com\/index.php\/producto\/mi-oscuro-romeo\/","title":{"rendered":"Mi oscuro Romeo"},"content":{"rendered":"<p>Es un dark romance sobre un matrimonio concertado a rega\u00f1adientes entre un cruel y despiadado multimillonario y una aguerrida heredera que no teme contraatacar. Mi cuento de hadas se convirti\u00f3 en uno de terror. Escrito con alquitr\u00e1n y sellado con l\u00e1grimas. Se supon\u00eda que iba a ser un beso inofensivo en un lujoso baile de debutantes. Un desliz con un apuesto desconocido. Pero a diferencia de su tocayo, a mi Romeo no lo mueve el amor. Lo impulsa la venganza. Para \u00e9l, soy una pieza de ajedrez. Algo con lo que puede sacar ventaja. La prometida de su rival. Para m\u00ed es un hombre que merece veneno. Un pr\u00edncipe oscuro con el que me niego a casarme. \u00c9l cree que aceptar\u00e9 mi destino, pero yo planeo reescribirlo. Y en mi historia, Julieta no muere. \u00bfPero Romeo? \u00c9l s\u00ed.<\/p>\n","protected":false},"excerpt":{"rendered":"<p>Parker S. Huntigntong y L.J. Shen<\/p>\n<p>504 p\u00e1ginas<\/p>\n","protected":false},"featured_media":5660,"template":"","meta":{"_joinchat":[]},"product_brand":[],"product_cat":[63,70],"product_tag":[48],"class_list":{"0":"post-5659","1":"product","2":"type-product","3":"status-publish","4":"has-post-thumbnail","6":"product_cat-dark-romance","7":"product_cat-novedades","8":"product_tag-vr-editoras","10":"first","11":"instock","12":"shipping-taxable","13":"purchasable","14":"product-type-simple"},"_links":{"self":[{"href":"https:\/\/libreriahistoriasdebolsillo.com\/index.php\/wp-json\/wp\/v2\/product\/5659","targetHints":{"allow":["GET"]}}],"collection":[{"href":"https:\/\/libreriahistoriasdebolsillo.com\/index.php\/wp-json\/wp\/v2\/product"}],"about":[{"href":"https:\/\/libreriahistoriasdebolsillo.com\/index.php\/wp-json\/wp\/v2\/types\/product"}],"wp:featuredmedia":[{"embeddable":true,"href":"https:\/\/libreriahistoriasdebolsillo.com\/index.php\/wp-json\/wp\/v2\/media\/5660"}],"wp:attachment":[{"href":"https:\/\/libreriahistoriasdebolsillo.com\/index.php\/wp-json\/wp\/v2\/media?parent=5659"}],"wp:term":[{"taxonomy":"product_brand","embeddable":true,"href":"https:\/\/libreriahistoriasdebolsillo.com\/index.php\/wp-json\/wp\/v2\/product_brand?post=5659"},{"taxonomy":"product_cat","embeddable":true,"href":"https:\/\/libreriahistoriasdebolsillo.com\/index.php\/wp-json\/wp\/v2\/product_cat?post=5659"},{"taxonomy":"product_tag","embeddable":true,"href":"https:\/\/libreriahistoriasdebolsillo.com\/index.php\/wp-json\/wp\/v2\/product_tag?post=5659"}],"curies":[{"name":"wp","href":"https:\/\/api.w.org\/{rel}","templated":true}]}}