{"id":5661,"date":"2024-10-02T15:28:04","date_gmt":"2024-10-02T21:28:04","guid":{"rendered":"https:\/\/libreriahistoriasdebolsillo.com\/?post_type=product&#038;p=5661"},"modified":"2026-02-04T16:39:24","modified_gmt":"2026-02-04T22:39:24","slug":"el-ultimo-juramento-2-una-verdad-mortal","status":"publish","type":"product","link":"https:\/\/libreriahistoriasdebolsillo.com\/index.php\/producto\/el-ultimo-juramento-2-una-verdad-mortal\/","title":{"rendered":"El \u00faltimo juramento 2. Una verdad mortal"},"content":{"rendered":"<p>Maud Blyth siempre ha anhelado la aventura, por eso se ofreci\u00f3 como acompa\u00f1ante de una anciana en un viaje transatl\u00e1ntico. Para eso\u2026 y para ayudar a su hermano mayor, Robin, a desentra\u00f1ar una conspiraci\u00f3n m\u00e1gica centenaria. Lo que no esperaba era que, la anciana en cuesti\u00f3n, apareciera muerta el primer d\u00eda del viaje. Ahora tiene que lidiar con un cad\u00e1ver, un loro irrespetuoso y la encantadora y peligrosamente escandalosa Violet Debenham, quien es todo aquello de lo que Maud debe desconfiar pero que no puede evitar desear: maga, actriz y un im\u00e1n para los problemas. Rodeadas de mar abierto y un barco lleno de sospechosos, Maud y Violet deber\u00e1n quitarse las m\u00e1scaras que han aprendido a usar para poder hallar al asesino y, de alguna manera, conseguir ese objeto m\u00e1gico por el que vale la pena matar. EL \u00daLTIMO JURAMENTO CONTIN\u00daA EN ESTA SEXY E IRREVERENTE AVENTURA<\/p>\n","protected":false},"excerpt":{"rendered":"<p>Freya Marske<\/p>\n<p>440 p\u00e1ginas<\/p>\n","protected":false},"featured_media":5662,"template":"","meta":{"_joinchat":[]},"product_brand":[],"product_cat":[38,70],"product_tag":[48],"class_list":{"0":"post-5661","1":"product","2":"type-product","3":"status-publish","4":"has-post-thumbnail","6":"product_cat-lgbtq","7":"product_cat-novedades","8":"product_tag-vr-editoras","10":"first","11":"instock","12":"shipping-taxable","13":"purchasable","14":"product-type-simple"},"_links":{"self":[{"href":"https:\/\/libreriahistoriasdebolsillo.com\/index.php\/wp-json\/wp\/v2\/product\/5661","targetHints":{"allow":["GET"]}}],"collection":[{"href":"https:\/\/libreriahistoriasdebolsillo.com\/index.php\/wp-json\/wp\/v2\/product"}],"about":[{"href":"https:\/\/libreriahistoriasdebolsillo.com\/index.php\/wp-json\/wp\/v2\/types\/product"}],"wp:featuredmedia":[{"embeddable":true,"href":"https:\/\/libreriahistoriasdebolsillo.com\/index.php\/wp-json\/wp\/v2\/media\/5662"}],"wp:attachment":[{"href":"https:\/\/libreriahistoriasdebolsillo.com\/index.php\/wp-json\/wp\/v2\/media?parent=5661"}],"wp:term":[{"taxonomy":"product_brand","embeddable":true,"href":"https:\/\/libreriahistoriasdebolsillo.com\/index.php\/wp-json\/wp\/v2\/product_brand?post=5661"},{"taxonomy":"product_cat","embeddable":true,"href":"https:\/\/libreriahistoriasdebolsillo.com\/index.php\/wp-json\/wp\/v2\/product_cat?post=5661"},{"taxonomy":"product_tag","embeddable":true,"href":"https:\/\/libreriahistoriasdebolsillo.com\/index.php\/wp-json\/wp\/v2\/product_tag?post=5661"}],"curies":[{"name":"wp","href":"https:\/\/api.w.org\/{rel}","templated":true}]}}