{"id":5677,"date":"2024-10-14T10:28:33","date_gmt":"2024-10-14T16:28:33","guid":{"rendered":"https:\/\/libreriahistoriasdebolsillo.com\/?post_type=product&#038;p=5677"},"modified":"2026-04-16T16:03:04","modified_gmt":"2026-04-16T22:03:04","slug":"historias-de-cathalian-3-hijas-del-nuevo-mundo","status":"publish","type":"product","link":"https:\/\/libreriahistoriasdebolsillo.com\/index.php\/producto\/historias-de-cathalian-3-hijas-del-nuevo-mundo\/","title":{"rendered":"Historias de Cathalian 3. Hijas del nuevo mundo"},"content":{"rendered":"<p><b>\u00a1Llega el incre\u00edble final de la trilog\u00eda de fantas\u00eda rom\u00e1ntica de Andrea Longarela!<\/b><\/p>\n<p>Lo \u00faltimo que Ziara esperaba averiguar en Lithae es que el futuro de Cathalian est\u00e1 en sus manos. Menos a\u00fan descubrir el lazo que la une a su mayor enemigo.<\/p>\n<p>El tiempo se agota y la guerra se avecina, pero sabe que mientras la sombra del rey Dowen se cierna sobre el reino, no habr\u00e1 libertad posible en Cathalian.<\/p>\n<p>Ziara se esforzar\u00e1 por cumplir su misi\u00f3n y hacer justicia. En su lucha, contar\u00e1 con la ayuda de nuevos e inesperados aliados y, por supuesto, con el amor y apoyo de Redka, aunque puede que el destino tenga planes desconocidos para \u00e9l&#8230;<\/p>\n<p>\u00bfSacrificar\u00edas todo por la paz? \u00bfIncluso el amor?<\/p>\n","protected":false},"excerpt":{"rendered":"<p>Andrea Longarela<\/p>\n<p>496 p\u00e1ginas<\/p>\n","protected":false},"featured_media":5678,"template":"","meta":{"_joinchat":[]},"product_brand":[],"product_cat":[70,51,76],"product_tag":[34],"class_list":{"0":"post-5677","1":"product","2":"type-product","3":"status-publish","4":"has-post-thumbnail","6":"product_cat-novedades","7":"product_cat-oferta","8":"product_cat-romantasy","9":"product_tag-penguin-random-house","11":"first","12":"outofstock","13":"sale","14":"shipping-taxable","15":"purchasable","16":"product-type-simple"},"_links":{"self":[{"href":"https:\/\/libreriahistoriasdebolsillo.com\/index.php\/wp-json\/wp\/v2\/product\/5677","targetHints":{"allow":["GET"]}}],"collection":[{"href":"https:\/\/libreriahistoriasdebolsillo.com\/index.php\/wp-json\/wp\/v2\/product"}],"about":[{"href":"https:\/\/libreriahistoriasdebolsillo.com\/index.php\/wp-json\/wp\/v2\/types\/product"}],"wp:featuredmedia":[{"embeddable":true,"href":"https:\/\/libreriahistoriasdebolsillo.com\/index.php\/wp-json\/wp\/v2\/media\/5678"}],"wp:attachment":[{"href":"https:\/\/libreriahistoriasdebolsillo.com\/index.php\/wp-json\/wp\/v2\/media?parent=5677"}],"wp:term":[{"taxonomy":"product_brand","embeddable":true,"href":"https:\/\/libreriahistoriasdebolsillo.com\/index.php\/wp-json\/wp\/v2\/product_brand?post=5677"},{"taxonomy":"product_cat","embeddable":true,"href":"https:\/\/libreriahistoriasdebolsillo.com\/index.php\/wp-json\/wp\/v2\/product_cat?post=5677"},{"taxonomy":"product_tag","embeddable":true,"href":"https:\/\/libreriahistoriasdebolsillo.com\/index.php\/wp-json\/wp\/v2\/product_tag?post=5677"}],"curies":[{"name":"wp","href":"https:\/\/api.w.org\/{rel}","templated":true}]}}