{"id":5683,"date":"2024-10-14T10:37:01","date_gmt":"2024-10-14T16:37:01","guid":{"rendered":"https:\/\/libreriahistoriasdebolsillo.com\/?post_type=product&#038;p=5683"},"modified":"2026-01-14T13:57:12","modified_gmt":"2026-01-14T19:57:12","slug":"prosa-completa","status":"publish","type":"product","link":"https:\/\/libreriahistoriasdebolsillo.com\/index.php\/producto\/prosa-completa\/","title":{"rendered":"Prosa completa"},"content":{"rendered":"<p>En el pr\u00f3logo a esta Prosa completa de la m\u00edtica poeta argentina\u00a0<b>Alejandra Pizarnik<\/b>, Ana Nu\u00f1o nos habla de este libro\u00a0<b>imprescindible<\/b>\u00a0en los siguientes t\u00e9rminos: \u00abEl inter\u00e9s que presenta esta edici\u00f3n, respecto del ominoso imperativo de la novedad editorial, es triple: ofrece una\u00a0<b>ordenaci\u00f3n cronol\u00f3gica<\/b>\u00a0de un material que en su momento fue recogido en volumen, tanto en Argentina como en Espa\u00f1a;\u00a0<b>rescata textos<\/b>, sobre todo, mas no exclusivamente, de\u00a0<b>cr\u00edtica literaria<\/b>\u00a0de la autora, publicados originalmente en revistas literarias de dif\u00edcil consulta, y da a leer este conjunto como un todo, lo que permite subrayar la coherencia y correspondencias m\u00faltiples entre\u00a0<b>prosa de creaci\u00f3n<\/b>\u00a0y prosa ensay\u00edstica, por un lado, y, por otro, entre el conjunto de la prosa y la obra po\u00e9tica.<\/p>\n<p>\u00bbLos relatos [est\u00e1n] cuajados de motivos y figuras recurrentes la obra po\u00e9tica: la seducci\u00f3n y la nostalgia imposibles, la tentaci\u00f3n del silencio, la escritura concebida como espacio ceremonial donde se exaltan la vida, la libertad y la muerte, la infancia y sus espejismos, los espejos y el doble amenazador [&#8230;]. Importa menos, en este sentido, la extensi\u00f3n de los relatos que la intensa concentraci\u00f3n en ellos de un trabajo de escritura que busca exaltar los poderes del lenguaje. \u00c9ste es \u2014y no la muerte o la locura o el suicidio\u2014 el gran motor de la obra de Pizarnik.\u00bb<\/p>\n","protected":false},"excerpt":{"rendered":"<p>Alejandra Pizarnik<\/p>\n<p>480 p\u00e1ginas<\/p>\n","protected":false},"featured_media":5684,"template":"","meta":{"_joinchat":[]},"product_brand":[],"product_cat":[33,70],"product_tag":[34],"class_list":{"0":"post-5683","1":"product","2":"type-product","3":"status-publish","4":"has-post-thumbnail","6":"product_cat-ficcion-general","7":"product_cat-novedades","8":"product_tag-penguin-random-house","10":"first","11":"instock","12":"shipping-taxable","13":"purchasable","14":"product-type-simple"},"_links":{"self":[{"href":"https:\/\/libreriahistoriasdebolsillo.com\/index.php\/wp-json\/wp\/v2\/product\/5683","targetHints":{"allow":["GET"]}}],"collection":[{"href":"https:\/\/libreriahistoriasdebolsillo.com\/index.php\/wp-json\/wp\/v2\/product"}],"about":[{"href":"https:\/\/libreriahistoriasdebolsillo.com\/index.php\/wp-json\/wp\/v2\/types\/product"}],"wp:featuredmedia":[{"embeddable":true,"href":"https:\/\/libreriahistoriasdebolsillo.com\/index.php\/wp-json\/wp\/v2\/media\/5684"}],"wp:attachment":[{"href":"https:\/\/libreriahistoriasdebolsillo.com\/index.php\/wp-json\/wp\/v2\/media?parent=5683"}],"wp:term":[{"taxonomy":"product_brand","embeddable":true,"href":"https:\/\/libreriahistoriasdebolsillo.com\/index.php\/wp-json\/wp\/v2\/product_brand?post=5683"},{"taxonomy":"product_cat","embeddable":true,"href":"https:\/\/libreriahistoriasdebolsillo.com\/index.php\/wp-json\/wp\/v2\/product_cat?post=5683"},{"taxonomy":"product_tag","embeddable":true,"href":"https:\/\/libreriahistoriasdebolsillo.com\/index.php\/wp-json\/wp\/v2\/product_tag?post=5683"}],"curies":[{"name":"wp","href":"https:\/\/api.w.org\/{rel}","templated":true}]}}