{"id":5687,"date":"2024-10-14T10:55:29","date_gmt":"2024-10-14T16:55:29","guid":{"rendered":"https:\/\/libreriahistoriasdebolsillo.com\/?post_type=product&#038;p=5687"},"modified":"2025-04-24T12:15:21","modified_gmt":"2025-04-24T18:15:21","slug":"manual-de-vida","status":"publish","type":"product","link":"https:\/\/libreriahistoriasdebolsillo.com\/index.php\/producto\/manual-de-vida\/","title":{"rendered":"Manual de Vida"},"content":{"rendered":"<p><b>Un<\/b>\u00a0<b>cl\u00e1sico del<\/b>\u00a0<b>pensamiento<\/b>\u00a0<b>estoico, la<\/b>\u00a0<b>corriente<\/b>\u00a0<b>filos\u00f3fica para la\u00a0<\/b><b>vida<\/b>\u00a0<b>moderna y la<\/b>\u00a0<b>tranquilidad del<\/b>\u00a0<b>esp\u00edritu.<\/b><\/p>\n<p>A lo largo de la historia, algunos libros han cambiado el mundo. Han transformado la manera en que nos vemos a nosotros mismos y a los dem\u00e1s. Han inspirado el debate, la discordia, la guerra y la revoluci\u00f3n. Han iluminado, indignado, provocado y consolado. Han enriquecido vidas, y tambi\u00e9n las han destruido. Taurus publica las obras de los grandes pensadores, pioneros, radicales y visionarios cuyas ideas sacudieron la civilizaci\u00f3n y nos impulsaron a ser quienes somos.<\/p>\n<p>\u00bfC\u00f3mo podemos ser felices y libres a pesar de las vicisitudes de la vida? En esta obra maestra del pensamiento estoico, tambi\u00e9n conocida como\u00a0<i>Enquiridi\u00f3n<\/i>, Epicteto nos invita a centrarnos en tratar de controlar solo lo que depende de nosotros y a aceptar lo que venga de fuera. Bas\u00e1ndose en ejemplos pr\u00e1cticos y cotidianos, el libro condensa los principios del estoicismo, la corriente filos\u00f3fica para la tranquilidad del esp\u00edritu, de la que, junto con Marco Aurelio y S\u00e9neca, Epicteto es el m\u00e1ximo representante.<\/p>\n","protected":false},"excerpt":{"rendered":"<p>Epicteto<\/p>\n<p>96 p\u00e1ginas<\/p>\n","protected":false},"featured_media":5688,"template":"","meta":{"_joinchat":[]},"product_brand":[],"product_cat":[41,51],"product_tag":[34],"class_list":{"0":"post-5687","1":"product","2":"type-product","3":"status-publish","4":"has-post-thumbnail","6":"product_cat-desarrollo-humano","7":"product_cat-oferta","8":"product_tag-penguin-random-house","10":"first","11":"outofstock","12":"shipping-taxable","13":"purchasable","14":"product-type-simple"},"_links":{"self":[{"href":"https:\/\/libreriahistoriasdebolsillo.com\/index.php\/wp-json\/wp\/v2\/product\/5687","targetHints":{"allow":["GET"]}}],"collection":[{"href":"https:\/\/libreriahistoriasdebolsillo.com\/index.php\/wp-json\/wp\/v2\/product"}],"about":[{"href":"https:\/\/libreriahistoriasdebolsillo.com\/index.php\/wp-json\/wp\/v2\/types\/product"}],"wp:featuredmedia":[{"embeddable":true,"href":"https:\/\/libreriahistoriasdebolsillo.com\/index.php\/wp-json\/wp\/v2\/media\/5688"}],"wp:attachment":[{"href":"https:\/\/libreriahistoriasdebolsillo.com\/index.php\/wp-json\/wp\/v2\/media?parent=5687"}],"wp:term":[{"taxonomy":"product_brand","embeddable":true,"href":"https:\/\/libreriahistoriasdebolsillo.com\/index.php\/wp-json\/wp\/v2\/product_brand?post=5687"},{"taxonomy":"product_cat","embeddable":true,"href":"https:\/\/libreriahistoriasdebolsillo.com\/index.php\/wp-json\/wp\/v2\/product_cat?post=5687"},{"taxonomy":"product_tag","embeddable":true,"href":"https:\/\/libreriahistoriasdebolsillo.com\/index.php\/wp-json\/wp\/v2\/product_tag?post=5687"}],"curies":[{"name":"wp","href":"https:\/\/api.w.org\/{rel}","templated":true}]}}