{"id":5693,"date":"2024-10-14T11:02:45","date_gmt":"2024-10-14T17:02:45","guid":{"rendered":"https:\/\/libreriahistoriasdebolsillo.com\/?post_type=product&#038;p=5693"},"modified":"2024-11-01T13:18:06","modified_gmt":"2024-11-01T19:18:06","slug":"emprende-tu-propio-negocio","status":"publish","type":"product","link":"https:\/\/libreriahistoriasdebolsillo.com\/index.php\/producto\/emprende-tu-propio-negocio\/","title":{"rendered":"Emprende tu propio negocio"},"content":{"rendered":"<p>En esta era empresarial es muy tentador dejar tu trabajo para empezar tu propio negocio. En\u00a0<i>Emprende tu propio negocio<\/i>\u00a0el mundialmente conocido autor bestseller y consultor de negocios Brian Tracy habla de una de las\u00a0<b>habilidades\u00a0<\/b>m\u00e1s necesarias hoy en d\u00eda,<b>\u00a0el esp\u00edritu empresarial<\/b>, abordando importantes temas como:<\/p>\n<p>-Los mitos de la iniciativa empresarial.<\/p>\n<p>-La mejor opci\u00f3n de negocio para ti.<\/p>\n<p>-Las opciones de financiamiento para tu negocio.<\/p>\n<p>-La estructura de un plan de negocios realista.<\/p>\n<p>-Las claves para construir el mejor equipo.<\/p>\n<p>-Las herramientas para crecer tu negocio con ventas y marketing.<\/p>\n<p>Este libro est\u00e1 dise\u00f1ado para ayudar a cualquiera que quiera\u00a0<b>empezar o hacer crecer un negocio<\/b>. Si aplicas las ideas de Brian Tracy, \u00a1t\u00fa tambi\u00e9n podr\u00e1s convertirte en un emprendedor exitoso!<\/p>\n","protected":false},"excerpt":{"rendered":"<p>Brian Tracy<\/p>\n<p>264 p\u00e1ginas<\/p>\n","protected":false},"featured_media":5694,"template":"","meta":{"_joinchat":[]},"product_brand":[],"product_cat":[58,70,51],"product_tag":[34],"class_list":{"0":"post-5693","1":"product","2":"type-product","3":"status-publish","4":"has-post-thumbnail","6":"product_cat-desarrollo-humano-y-superacion","7":"product_cat-novedades","8":"product_cat-oferta","9":"product_tag-penguin-random-house","11":"first","12":"instock","13":"shipping-taxable","14":"purchasable","15":"product-type-simple"},"_links":{"self":[{"href":"https:\/\/libreriahistoriasdebolsillo.com\/index.php\/wp-json\/wp\/v2\/product\/5693","targetHints":{"allow":["GET"]}}],"collection":[{"href":"https:\/\/libreriahistoriasdebolsillo.com\/index.php\/wp-json\/wp\/v2\/product"}],"about":[{"href":"https:\/\/libreriahistoriasdebolsillo.com\/index.php\/wp-json\/wp\/v2\/types\/product"}],"wp:featuredmedia":[{"embeddable":true,"href":"https:\/\/libreriahistoriasdebolsillo.com\/index.php\/wp-json\/wp\/v2\/media\/5694"}],"wp:attachment":[{"href":"https:\/\/libreriahistoriasdebolsillo.com\/index.php\/wp-json\/wp\/v2\/media?parent=5693"}],"wp:term":[{"taxonomy":"product_brand","embeddable":true,"href":"https:\/\/libreriahistoriasdebolsillo.com\/index.php\/wp-json\/wp\/v2\/product_brand?post=5693"},{"taxonomy":"product_cat","embeddable":true,"href":"https:\/\/libreriahistoriasdebolsillo.com\/index.php\/wp-json\/wp\/v2\/product_cat?post=5693"},{"taxonomy":"product_tag","embeddable":true,"href":"https:\/\/libreriahistoriasdebolsillo.com\/index.php\/wp-json\/wp\/v2\/product_tag?post=5693"}],"curies":[{"name":"wp","href":"https:\/\/api.w.org\/{rel}","templated":true}]}}