{"id":5695,"date":"2024-10-14T11:04:42","date_gmt":"2024-10-14T17:04:42","guid":{"rendered":"https:\/\/libreriahistoriasdebolsillo.com\/?post_type=product&#038;p=5695"},"modified":"2024-10-14T11:04:43","modified_gmt":"2024-10-14T17:04:43","slug":"trono-de-cristal-4-reina-de-sombras","status":"publish","type":"product","link":"https:\/\/libreriahistoriasdebolsillo.com\/index.php\/producto\/trono-de-cristal-4-reina-de-sombras\/","title":{"rendered":"Trono de cristal 4. Reina de sombras"},"content":{"rendered":"<p><b>Contin\u00faa el viaje \u00e9pico de Celaena, cuya intensidad va en aumento hasta alcanzar una apasionada y terrible crisis que podr\u00eda destrozar su mundo.<\/b><\/p>\n<p>Una \u00e9pica traves\u00eda que ha cautivado los corazones y la imaginaci\u00f3n de millones de personas en todo el mundo y que en su cuarta entrega mantendr\u00e1 a los lectores embelesados mientras la historia de Celaena avanza\u00a0<i>in crescendo<\/i>, a un ritmo de infarto que sacudir\u00e1 el orbe de la nueva reina.<\/p>\n<p><b>Celaena Sardothien<\/b>\u00a0ha perdido a todos aquellos que ama, pero por fin est\u00e1 de vuelta en el imperio para vengarse, para rescatar su reino, antes glorioso, y para enfrentar las sombras de su pasado&#8230; Ha reconocido su identidad como\u00a0<b>Aelin Galathynius<\/b>, reina de Terrasen. Pero antes de reclamar su trono deber\u00e1 luchar.<\/p>\n<p>Luchar\u00e1 por su primo, un guerrero dispuesto a morir por volver a verla. Luchar\u00e1 por su amigo, un joven atrapado en una prisi\u00f3n inenarrable. Y luchar\u00e1 por su gente, que aguarda esclavizada, bajo el yugo de un inhumano rey, el retorno triunfal de su reina perdida.<\/p>\n","protected":false},"excerpt":{"rendered":"<p>Sarah J. Maas<\/p>\n<p>712 p\u00e1ginas<\/p>\n","protected":false},"featured_media":5696,"template":"","meta":{"_joinchat":[]},"product_brand":[],"product_cat":[39],"product_tag":[34],"class_list":{"0":"post-5695","1":"product","2":"type-product","3":"status-publish","4":"has-post-thumbnail","6":"product_cat-fantasia","7":"product_tag-penguin-random-house","9":"first","10":"outofstock","11":"shipping-taxable","12":"purchasable","13":"product-type-simple"},"_links":{"self":[{"href":"https:\/\/libreriahistoriasdebolsillo.com\/index.php\/wp-json\/wp\/v2\/product\/5695","targetHints":{"allow":["GET"]}}],"collection":[{"href":"https:\/\/libreriahistoriasdebolsillo.com\/index.php\/wp-json\/wp\/v2\/product"}],"about":[{"href":"https:\/\/libreriahistoriasdebolsillo.com\/index.php\/wp-json\/wp\/v2\/types\/product"}],"wp:featuredmedia":[{"embeddable":true,"href":"https:\/\/libreriahistoriasdebolsillo.com\/index.php\/wp-json\/wp\/v2\/media\/5696"}],"wp:attachment":[{"href":"https:\/\/libreriahistoriasdebolsillo.com\/index.php\/wp-json\/wp\/v2\/media?parent=5695"}],"wp:term":[{"taxonomy":"product_brand","embeddable":true,"href":"https:\/\/libreriahistoriasdebolsillo.com\/index.php\/wp-json\/wp\/v2\/product_brand?post=5695"},{"taxonomy":"product_cat","embeddable":true,"href":"https:\/\/libreriahistoriasdebolsillo.com\/index.php\/wp-json\/wp\/v2\/product_cat?post=5695"},{"taxonomy":"product_tag","embeddable":true,"href":"https:\/\/libreriahistoriasdebolsillo.com\/index.php\/wp-json\/wp\/v2\/product_tag?post=5695"}],"curies":[{"name":"wp","href":"https:\/\/api.w.org\/{rel}","templated":true}]}}