{"id":5699,"date":"2024-10-14T11:09:26","date_gmt":"2024-10-14T17:09:26","guid":{"rendered":"https:\/\/libreriahistoriasdebolsillo.com\/?post_type=product&#038;p=5699"},"modified":"2026-01-28T16:53:07","modified_gmt":"2026-01-28T22:53:07","slug":"las-cronicas-de-kane-1-la-piramide-roja","status":"publish","type":"product","link":"https:\/\/libreriahistoriasdebolsillo.com\/index.php\/producto\/las-cronicas-de-kane-1-la-piramide-roja\/","title":{"rendered":"Las cr\u00f3nicas de Kane 1. La pir\u00e1mide roja"},"content":{"rendered":"<p><b>Nos quedan solo unas horas, as\u00ed que escucha con atenci\u00f3n. Si est\u00e1s oyendo esta historia, ya corres peligro. Mi hermana Sadie y yo podr\u00edamos ser tu \u00fanica esperanza.<\/b><\/p>\n<p>Todo empez\u00f3 en Londres, la noche en que nuestro padre hizo explotar el Museo Brit\u00e1nico con un extra\u00f1o conjuro. Fue entonces cuando nos enteramos de que, adem\u00e1s de un reconocido arque\u00f3logo, era una especie de mago del Antiguo Egipto. Rodeado de valiosas antig\u00fcedades, empez\u00f3 a entonar extra\u00f1as palabras&#8230; Algo debi\u00f3 de salir mal porque la sala qued\u00f3 reducida a escombros; Set, el dios del caos, apareci\u00f3 de la nada envuelto en llamas y a nuestro padre se lo trag\u00f3 la tierra&#8230;<\/p>\n<p>No puedo decirte nada m\u00e1s; el resto deber\u00e1s descubrirlo t\u00fa.<\/p>\n","protected":false},"excerpt":{"rendered":"<p>Rick Riordan<\/p>\n<p>480 p\u00e1ginas<\/p>\n","protected":false},"featured_media":5700,"template":"","meta":{"_joinchat":[]},"product_brand":[],"product_cat":[39,51],"product_tag":[34],"class_list":{"0":"post-5699","1":"product","2":"type-product","3":"status-publish","4":"has-post-thumbnail","6":"product_cat-fantasia","7":"product_cat-oferta","8":"product_tag-penguin-random-house","10":"first","11":"instock","12":"sale","13":"shipping-taxable","14":"purchasable","15":"product-type-simple"},"_links":{"self":[{"href":"https:\/\/libreriahistoriasdebolsillo.com\/index.php\/wp-json\/wp\/v2\/product\/5699","targetHints":{"allow":["GET"]}}],"collection":[{"href":"https:\/\/libreriahistoriasdebolsillo.com\/index.php\/wp-json\/wp\/v2\/product"}],"about":[{"href":"https:\/\/libreriahistoriasdebolsillo.com\/index.php\/wp-json\/wp\/v2\/types\/product"}],"wp:featuredmedia":[{"embeddable":true,"href":"https:\/\/libreriahistoriasdebolsillo.com\/index.php\/wp-json\/wp\/v2\/media\/5700"}],"wp:attachment":[{"href":"https:\/\/libreriahistoriasdebolsillo.com\/index.php\/wp-json\/wp\/v2\/media?parent=5699"}],"wp:term":[{"taxonomy":"product_brand","embeddable":true,"href":"https:\/\/libreriahistoriasdebolsillo.com\/index.php\/wp-json\/wp\/v2\/product_brand?post=5699"},{"taxonomy":"product_cat","embeddable":true,"href":"https:\/\/libreriahistoriasdebolsillo.com\/index.php\/wp-json\/wp\/v2\/product_cat?post=5699"},{"taxonomy":"product_tag","embeddable":true,"href":"https:\/\/libreriahistoriasdebolsillo.com\/index.php\/wp-json\/wp\/v2\/product_tag?post=5699"}],"curies":[{"name":"wp","href":"https:\/\/api.w.org\/{rel}","templated":true}]}}