{"id":5701,"date":"2024-10-14T11:11:17","date_gmt":"2024-10-14T17:11:17","guid":{"rendered":"https:\/\/libreriahistoriasdebolsillo.com\/?post_type=product&#038;p=5701"},"modified":"2026-01-28T16:53:11","modified_gmt":"2026-01-28T22:53:11","slug":"las-cronicas-de-kane-2-el-trono-de-fuego","status":"publish","type":"product","link":"https:\/\/libreriahistoriasdebolsillo.com\/index.php\/producto\/las-cronicas-de-kane-2-el-trono-de-fuego\/","title":{"rendered":"Las cr\u00f3nicas de Kane 2. El trono de fuego"},"content":{"rendered":"<p><b>Quedan s\u00f3lo cinco d\u00edas para que una gran serpiente engulla el sol y destruya el mundo. Despu\u00e9s, todo se volver\u00e1 oscuridad&#8230;<\/b><\/p>\n<p><b>Quedan s\u00f3lo cinco d\u00edas para que una gran serpiente engulla el sol y destruya el mundo. Despu\u00e9s, todo se volver\u00e1 oscuridad&#8230;<\/b><\/p>\n<p>Si alguien ha pensado que pertenecer a una familia de faraones es cualquier cosa, que hablen conmigo o con mi hermana Sadie. Sin tiempo para reponernos de nuestra aventura en la Pir\u00e1mide Roja, Amos y Bast acaban de encomendarnos otra de sus misiones expr\u00e9s: despertar a Ra, el primer y m\u00e1s poderoso rey de los dioses. Dicho as\u00ed, parece f\u00e1cil, \u00bfverdad? El problema es que nadie sabe d\u00f3nde est\u00e1, porque hace miles de a\u00f1os se retir\u00f3 a los cielos y no se ha vuelto a saber de \u00e9l. \u00a1Ah!, se me olvidaba, tenemos que darnos prisa porque Ra es el \u00fanico que puede enfrentarse a Apofis -tambi\u00e9n conocida como \u00abserpiente del caos\u00bb-, que est\u00e1 a punto de salir de la c\u00e1rcel, y entonces&#8230; entonces ser\u00e1 demasiado tarde.<\/p>\n","protected":false},"excerpt":{"rendered":"<p>Rick Riordan<\/p>\n<p>416 p\u00e1ginas<\/p>\n","protected":false},"featured_media":5702,"template":"","meta":{"_joinchat":[]},"product_brand":[],"product_cat":[39,51],"product_tag":[34],"class_list":{"0":"post-5701","1":"product","2":"type-product","3":"status-publish","4":"has-post-thumbnail","6":"product_cat-fantasia","7":"product_cat-oferta","8":"product_tag-penguin-random-house","10":"first","11":"instock","12":"sale","13":"shipping-taxable","14":"purchasable","15":"product-type-simple"},"_links":{"self":[{"href":"https:\/\/libreriahistoriasdebolsillo.com\/index.php\/wp-json\/wp\/v2\/product\/5701","targetHints":{"allow":["GET"]}}],"collection":[{"href":"https:\/\/libreriahistoriasdebolsillo.com\/index.php\/wp-json\/wp\/v2\/product"}],"about":[{"href":"https:\/\/libreriahistoriasdebolsillo.com\/index.php\/wp-json\/wp\/v2\/types\/product"}],"wp:featuredmedia":[{"embeddable":true,"href":"https:\/\/libreriahistoriasdebolsillo.com\/index.php\/wp-json\/wp\/v2\/media\/5702"}],"wp:attachment":[{"href":"https:\/\/libreriahistoriasdebolsillo.com\/index.php\/wp-json\/wp\/v2\/media?parent=5701"}],"wp:term":[{"taxonomy":"product_brand","embeddable":true,"href":"https:\/\/libreriahistoriasdebolsillo.com\/index.php\/wp-json\/wp\/v2\/product_brand?post=5701"},{"taxonomy":"product_cat","embeddable":true,"href":"https:\/\/libreriahistoriasdebolsillo.com\/index.php\/wp-json\/wp\/v2\/product_cat?post=5701"},{"taxonomy":"product_tag","embeddable":true,"href":"https:\/\/libreriahistoriasdebolsillo.com\/index.php\/wp-json\/wp\/v2\/product_tag?post=5701"}],"curies":[{"name":"wp","href":"https:\/\/api.w.org\/{rel}","templated":true}]}}