{"id":5717,"date":"2024-10-16T10:00:03","date_gmt":"2024-10-16T16:00:03","guid":{"rendered":"https:\/\/libreriahistoriasdebolsillo.com\/?post_type=product&#038;p=5717"},"modified":"2025-02-12T14:27:01","modified_gmt":"2025-02-12T20:27:01","slug":"el-club-de-las-mentes-enfocadas","status":"publish","type":"product","link":"https:\/\/libreriahistoriasdebolsillo.com\/index.php\/producto\/el-club-de-las-mentes-enfocadas\/","title":{"rendered":"El club de las mentes enfocadas"},"content":{"rendered":"<p><b>\u00abTodo es posible mientras no se demuestre lo contrario\u00bb.<\/b><\/p>\n<p><b>Aprende a programar tu mente para tener m\u00e1s \u00e9xito y ser m\u00e1s feliz.<\/b><\/p>\n<p>\u00bfSe puede mejorar jugando al tenis sin practicar? \u00bfSe puede ganar velocidad corriendo sin entrenar? \u00bfSe puede lograr lo que queremos y mejorar nuestra vida sin trabajarlo? Claramente, la respuesta a las tres preguntas es no. \u00bfPodemos lograr nuestros objetivos sin enfocarnos? Tampoco. Y \u00bfc\u00f3mo de importante es el entrenamiento mental para ello? Vital, porque nos hace capaces de proyectar en nuestra mente la consecuci\u00f3n de los objetivos mediante la imaginaci\u00f3n.<\/p>\n<p>En este libro, David G\u00f3mez nos ense\u00f1a a mantener nuestras metas en el punto de mira y a luchar por ellas, cribando aquellas decisiones que nos distraen del \u00e9xito. Gracias a su m\u00e9todo de enfoque mental, y a trav\u00e9s de neurociencia y ejercicios pr\u00e1cticos, conseguiremos cumplir nuestros objetivos y liderar nuestra propia vida.<\/p>\n","protected":false},"excerpt":{"rendered":"<p>David G\u00f3mez<\/p>\n<p>304 p\u00e1ginas<\/p>\n","protected":false},"featured_media":5718,"template":"","meta":{"_joinchat":[]},"product_brand":[],"product_cat":[58,41,70],"product_tag":[34],"class_list":{"0":"post-5717","1":"product","2":"type-product","3":"status-publish","4":"has-post-thumbnail","6":"product_cat-desarrollo-humano-y-superacion","7":"product_cat-desarrollo-humano","8":"product_cat-novedades","9":"product_tag-penguin-random-house","11":"first","12":"outofstock","13":"shipping-taxable","14":"purchasable","15":"product-type-simple"},"_links":{"self":[{"href":"https:\/\/libreriahistoriasdebolsillo.com\/index.php\/wp-json\/wp\/v2\/product\/5717","targetHints":{"allow":["GET"]}}],"collection":[{"href":"https:\/\/libreriahistoriasdebolsillo.com\/index.php\/wp-json\/wp\/v2\/product"}],"about":[{"href":"https:\/\/libreriahistoriasdebolsillo.com\/index.php\/wp-json\/wp\/v2\/types\/product"}],"wp:featuredmedia":[{"embeddable":true,"href":"https:\/\/libreriahistoriasdebolsillo.com\/index.php\/wp-json\/wp\/v2\/media\/5718"}],"wp:attachment":[{"href":"https:\/\/libreriahistoriasdebolsillo.com\/index.php\/wp-json\/wp\/v2\/media?parent=5717"}],"wp:term":[{"taxonomy":"product_brand","embeddable":true,"href":"https:\/\/libreriahistoriasdebolsillo.com\/index.php\/wp-json\/wp\/v2\/product_brand?post=5717"},{"taxonomy":"product_cat","embeddable":true,"href":"https:\/\/libreriahistoriasdebolsillo.com\/index.php\/wp-json\/wp\/v2\/product_cat?post=5717"},{"taxonomy":"product_tag","embeddable":true,"href":"https:\/\/libreriahistoriasdebolsillo.com\/index.php\/wp-json\/wp\/v2\/product_tag?post=5717"}],"curies":[{"name":"wp","href":"https:\/\/api.w.org\/{rel}","templated":true}]}}