{"id":5719,"date":"2024-10-16T10:03:52","date_gmt":"2024-10-16T16:03:52","guid":{"rendered":"https:\/\/libreriahistoriasdebolsillo.com\/?post_type=product&#038;p=5719"},"modified":"2025-02-12T14:27:12","modified_gmt":"2025-02-12T20:27:12","slug":"una-novela-criminal","status":"publish","type":"product","link":"https:\/\/libreriahistoriasdebolsillo.com\/index.php\/producto\/una-novela-criminal\/","title":{"rendered":"Una novela criminal"},"content":{"rendered":"<p><b>Una verdad secuestrada por el poder<\/b>\u00a0<b>y liberada por la literatura.<\/b><\/p>\n<p>La ma\u00f1ana del 9 de diciembre de 2005, el noticiero m\u00e1s popular de la televisi\u00f3n mexicana transmiti\u00f3 el arresto de dos peligrosos secuestradores y la liberaci\u00f3n de tres v\u00edctimas. Durante horas, los espectadores atestiguaron el operativo que culmin\u00f3 con la detenci\u00f3n del mexicano Israel Vallarta y la francesa Florence Cassez. Semanas despu\u00e9s, el jefe de la polic\u00eda reconoci\u00f3 que la transmisi\u00f3n hab\u00eda sido producto de un montaje realizado a solicitud de los medios.<\/p>\n<p>Con esta revelaci\u00f3n dio inicio el asunto Cassez-Vallarta, uno de los procesos criminales m\u00e1s enrevesados de los \u00faltimos tiempos, el cual provoc\u00f3 una \u00e1cida disputa entre los presidentes de M\u00e9xico y Francia, la captura \u2014o la invenci\u00f3n\u2014 de la banda del Zodiaco y una violenta pol\u00e9mica entre los defensores de las v\u00edctimas y quienes denunciaron las infinitas irregularidades del caso.<\/p>\n<p>Vali\u00e9ndose tanto del rigor del periodismo como de los claroscuros de la literatura, Una novela criminal es el recuento de esta historia verdadera que parece surgida de la m\u00e1s descabellada ficci\u00f3n policiaca y que se convierte en una apasionada reflexi\u00f3n sobre las posibilidades de la verdad y la justicia.<\/p>\n","protected":false},"excerpt":{"rendered":"<p>Jorge Volpi<\/p>\n<p>504 p\u00e1ginas<\/p>\n","protected":false},"featured_media":5720,"template":"","meta":{"_joinchat":[]},"product_brand":[],"product_cat":[37,70,64],"product_tag":[34],"class_list":{"0":"post-5719","1":"product","2":"type-product","3":"status-publish","4":"has-post-thumbnail","6":"product_cat-misterio-y-thriller","7":"product_cat-novedades","8":"product_cat-periodismo","9":"product_tag-penguin-random-house","11":"first","12":"outofstock","13":"shipping-taxable","14":"purchasable","15":"product-type-simple"},"_links":{"self":[{"href":"https:\/\/libreriahistoriasdebolsillo.com\/index.php\/wp-json\/wp\/v2\/product\/5719","targetHints":{"allow":["GET"]}}],"collection":[{"href":"https:\/\/libreriahistoriasdebolsillo.com\/index.php\/wp-json\/wp\/v2\/product"}],"about":[{"href":"https:\/\/libreriahistoriasdebolsillo.com\/index.php\/wp-json\/wp\/v2\/types\/product"}],"wp:featuredmedia":[{"embeddable":true,"href":"https:\/\/libreriahistoriasdebolsillo.com\/index.php\/wp-json\/wp\/v2\/media\/5720"}],"wp:attachment":[{"href":"https:\/\/libreriahistoriasdebolsillo.com\/index.php\/wp-json\/wp\/v2\/media?parent=5719"}],"wp:term":[{"taxonomy":"product_brand","embeddable":true,"href":"https:\/\/libreriahistoriasdebolsillo.com\/index.php\/wp-json\/wp\/v2\/product_brand?post=5719"},{"taxonomy":"product_cat","embeddable":true,"href":"https:\/\/libreriahistoriasdebolsillo.com\/index.php\/wp-json\/wp\/v2\/product_cat?post=5719"},{"taxonomy":"product_tag","embeddable":true,"href":"https:\/\/libreriahistoriasdebolsillo.com\/index.php\/wp-json\/wp\/v2\/product_tag?post=5719"}],"curies":[{"name":"wp","href":"https:\/\/api.w.org\/{rel}","templated":true}]}}